{"id":8,"date":"2017-03-22T15:10:59","date_gmt":"2017-03-22T18:10:59","guid":{"rendered":"http:\/\/concurso.ifbaiano.edu.br\/portal\/estagio-direito-marco-2017\/?page_id=8"},"modified":"2017-05-22T14:57:53","modified_gmt":"2017-05-22T17:57:53","slug":"editais","status":"publish","type":"page","link":"https:\/\/concurso.ifbaiano.edu.br\/portal\/estagio-direito-marco-2017\/pagina-inicial\/editais\/","title":{"rendered":"Editais"},"content":{"rendered":"<h3>Resultados<\/h3>\n<p>22\/05\/2017 &#8211; <a href=\"http:\/\/concurso.ifbaiano.edu.br\/portal\/estagio-direito-marco-2017\/wp-content\/uploads\/sites\/75\/2017\/03\/Sele\u00e7\u00e3o-Est\u00e1gio-2017-DIVULGA\u00c7\u00c3O-RESULTADO-_-definitivo.pdf\">Resultado Final<\/a><\/p>\n<p>10\/05\/2017 &#8211; <a href=\"http:\/\/concurso.ifbaiano.edu.br\/portal\/estagio-direito-marco-2017\/wp-content\/uploads\/sites\/75\/2017\/03\/Sele\u00e7\u00e3o-Est\u00e1gio-2017-DIVULGA\u00c7\u00c3O-RESULTADO.pdf\" target=\"_blank\">Resultado Preliminar<\/a><\/p>\n<h3>Editais<\/h3>\n<p>20\/04\/2017 &#8211; <a href=\"http:\/\/concurso.ifbaiano.edu.br\/portal\/estagio-direito-marco-2017\/wp-content\/uploads\/sites\/75\/2017\/03\/lista-de-inscritos-estagio-direito.pdf\" target=\"_blank\">Lista de Inscri\u00e7\u00f5es Homologadas<\/a><\/p>\n<p>12\/04\/2017 &#8211; <a href=\"http:\/\/concurso.ifbaiano.edu.br\/portal\/estagio-direito-marco-2017\/wp-content\/uploads\/sites\/75\/2017\/03\/retificacao-edital-estagio-direito-2017.pdf\" target=\"_blank\">Retifica\u00e7\u00e3o &#8211; Edital n\u00ba 26\/2017<\/a><\/p>\n<p>16\/03\/2017 &#8211; <a href=\"http:\/\/concurso.ifbaiano.edu.br\/portal\/estagio-direito-marco-2017\/wp-content\/uploads\/sites\/75\/2017\/03\/edital-estagio-direito-marco-2017.pdf\" target=\"_blank\">Edital n\u00ba 26\/2017<\/a><\/p>\n","protected":false},"excerpt":{"rendered":"<p>Resultados 22\/05\/2017 &#8211; Resultado Final 10\/05\/2017 &#8211; Resultado Preliminar Editais 20\/04\/2017 &#8211; Lista de Inscri\u00e7\u00f5es Homologadas 12\/04\/2017 &#8211; Retifica\u00e7\u00e3o &#8211; Edital n\u00ba 26\/2017 16\/03\/2017 &#8211; Edital n\u00ba 26\/2017<\/p>\n","protected":false},"author":30,"featured_media":0,"parent":4,"menu_order":2,"comment_status":"closed","ping_status":"closed","template":"","meta":[],"_links":{"self":[{"href":"https:\/\/concurso.ifbaiano.edu.br\/portal\/estagio-direito-marco-2017\/wp-json\/wp\/v2\/pages\/8"}],"collection":[{"href":"https:\/\/concurso.ifbaiano.edu.br\/portal\/estagio-direito-marco-2017\/wp-json\/wp\/v2\/pages"}],"about":[{"href":"https:\/\/concurso.ifbaiano.edu.br\/portal\/estagio-direito-marco-2017\/wp-json\/wp\/v2\/types\/page"}],"author":[{"embeddable":true,"href":"https:\/\/concurso.ifbaiano.edu.br\/portal\/estagio-direito-marco-2017\/wp-json\/wp\/v2\/users\/30"}],"replies":[{"embeddable":true,"href":"https:\/\/concurso.ifbaiano.edu.br\/portal\/estagio-direito-marco-2017\/wp-json\/wp\/v2\/comments?post=8"}],"version-history":[{"count":10,"href":"https:\/\/concurso.ifbaiano.edu.br\/portal\/estagio-direito-marco-2017\/wp-json\/wp\/v2\/pages\/8\/revisions"}],"predecessor-version":[{"id":31,"href":"https:\/\/concurso.ifbaiano.edu.br\/portal\/estagio-direito-marco-2017\/wp-json\/wp\/v2\/pages\/8\/revisions\/31"}],"up":[{"embeddable":true,"href":"https:\/\/concurso.ifbaiano.edu.br\/portal\/estagio-direito-marco-2017\/wp-json\/wp\/v2\/pages\/4"}],"wp:attachment":[{"href":"https:\/\/concurso.ifbaiano.edu.br\/portal\/estagio-direito-marco-2017\/wp-json\/wp\/v2\/media?parent=8"}],"curies":[{"name":"wp","href":"https:\/\/api.w.org\/{rel}","templated":true}]}}