{"id":6,"date":"2017-03-22T15:09:30","date_gmt":"2017-03-22T18:09:30","guid":{"rendered":"http:\/\/concurso.ifbaiano.edu.br\/portal\/estagio-direito-marco-2017\/?page_id=6"},"modified":"2017-03-22T15:09:30","modified_gmt":"2017-03-22T18:09:30","slug":"homologacao","status":"publish","type":"page","link":"https:\/\/concurso.ifbaiano.edu.br\/portal\/estagio-direito-marco-2017\/pagina-inicial\/homologacao\/","title":{"rendered":"Homologa\u00e7\u00e3o"},"content":{"rendered":"<h3>Processo Seletivo<\/h3>\n<p>O REITOR DO INSTITUTO FEDERAL DE EDUCA\u00c7\u00c3O, CI\u00caNCIA E TECNOLOGIA BAIANO \u2013 IF Baiano, no uso de suas atribui\u00e7\u00f5es legais e tendo em vista a autoriza\u00e7\u00e3o concedida pelos Decretos n\u00ba 7.311 e 7.312, de 22 de setembro de 2010, publicados no Di\u00e1rio Oficial da Uni\u00e3o, de 22 de setembro de 2010 e da Portaria Interministerial n\u00ba. 56, de 20 de abril de 2011, publicada no Di\u00e1rio Oficial da Uni\u00e3o de 25 de abril de 2011, dos Excelent\u00edssimos Senhores Ministros de Estado do Planejamento, Or\u00e7amento e Gest\u00e3o e da Educa\u00e7\u00e3o e de acordo com as normas estabelecidas pelo Decreto n\u00ba. 6.944, de 21 de agosto de 2009, publicado no Di\u00e1rio Oficial da Uni\u00e3o de 24 de agosto de 2009, e pela Portaria n\u00ba. 1.134, de 02 de dezembro de 2009, publicada no Di\u00e1rio Oficial da Uni\u00e3o de 03 de dezembro de 2009, visando o treinamento de recursos humanos, torna p\u00fablica a abertura de inscri\u00e7\u00f5es destinada \u00e0 sele\u00e7\u00e3o de estagi\u00e1rio, para o quadro de pessoal do INSTITUTO FEDERAL DE EDUCA\u00c7\u00c3O, CI\u00caNCIA E TECNOLOGIA BAIANO \u2013 IF BAIANO, Reitoria, localizada na Rua do Rouxinol, n\u00ba 115, Imbu\u00ed, Salvador-BA CEP: 41720-052, Telefone: (71) 3186-0001.<\/p>\n<p><\/p>\n<h3>O Est\u00e1gio<\/h3>\n<p>A Sele\u00e7\u00e3o destina-se ao preenchimento de vaga 01 (um) vaga de estagi\u00e1rio de N\u00edvel Superior, em DIREITO, e cadastro de reserva tendo como requisito estar devidamente matriculado no curso de gradua\u00e7\u00e3o em direito a partir do sexto per\u00edodo.<\/p>\n<p>O est\u00e1gio ter\u00e1 carga hor\u00e1ria de 6 horas di\u00e1rias, perfazendo 30 horas semanais, distribu\u00eddas de segunda a sexta-feira, nos turnos matutino e\/ou vespertino, podendo ser utilizados os s\u00e1bados, no turno matutino, como dia de expediente de atividades, quando de interesse da Procuradoria.<\/p>\n<p>O estagi\u00e1rio receber\u00e1, mensalmente, bolsa de est\u00e1gio no valor de R$ 520,00 (quinhentos e vinte reais) + aux\u00edlio transporte.<\/p>\n<p><em>Para mais informa\u00e7\u00f5es, confira o edital.<\/em><\/p>\n","protected":false},"excerpt":{"rendered":"<p>Processo Seletivo O REITOR DO INSTITUTO FEDERAL DE EDUCA\u00c7\u00c3O, CI\u00caNCIA E TECNOLOGIA BAIANO \u2013 IF Baiano, no uso de suas atribui\u00e7\u00f5es legais e tendo em vista a autoriza\u00e7\u00e3o concedida pelos Decretos n\u00ba 7.311 e 7.312, de 22 de setembro de &hellip; <a href=\"https:\/\/concurso.ifbaiano.edu.br\/portal\/estagio-direito-marco-2017\/pagina-inicial\/homologacao\/\">Continue lendo <span class=\"meta-nav\">&rarr;<\/span><\/a><\/p>\n","protected":false},"author":30,"featured_media":0,"parent":4,"menu_order":1,"comment_status":"closed","ping_status":"closed","template":"","meta":[],"_links":{"self":[{"href":"https:\/\/concurso.ifbaiano.edu.br\/portal\/estagio-direito-marco-2017\/wp-json\/wp\/v2\/pages\/6"}],"collection":[{"href":"https:\/\/concurso.ifbaiano.edu.br\/portal\/estagio-direito-marco-2017\/wp-json\/wp\/v2\/pages"}],"about":[{"href":"https:\/\/concurso.ifbaiano.edu.br\/portal\/estagio-direito-marco-2017\/wp-json\/wp\/v2\/types\/page"}],"author":[{"embeddable":true,"href":"https:\/\/concurso.ifbaiano.edu.br\/portal\/estagio-direito-marco-2017\/wp-json\/wp\/v2\/users\/30"}],"replies":[{"embeddable":true,"href":"https:\/\/concurso.ifbaiano.edu.br\/portal\/estagio-direito-marco-2017\/wp-json\/wp\/v2\/comments?post=6"}],"version-history":[{"count":1,"href":"https:\/\/concurso.ifbaiano.edu.br\/portal\/estagio-direito-marco-2017\/wp-json\/wp\/v2\/pages\/6\/revisions"}],"predecessor-version":[{"id":7,"href":"https:\/\/concurso.ifbaiano.edu.br\/portal\/estagio-direito-marco-2017\/wp-json\/wp\/v2\/pages\/6\/revisions\/7"}],"up":[{"embeddable":true,"href":"https:\/\/concurso.ifbaiano.edu.br\/portal\/estagio-direito-marco-2017\/wp-json\/wp\/v2\/pages\/4"}],"wp:attachment":[{"href":"https:\/\/concurso.ifbaiano.edu.br\/portal\/estagio-direito-marco-2017\/wp-json\/wp\/v2\/media?parent=6"}],"curies":[{"name":"wp","href":"https:\/\/api.w.org\/{rel}","templated":true}]}}