{"id":6,"date":"2016-12-14T12:09:10","date_gmt":"2016-12-14T14:09:10","guid":{"rendered":"http:\/\/concurso.ifbaiano.edu.br\/portal\/especializacao-fisica-quimica\/?page_id=6"},"modified":"2016-12-14T12:18:38","modified_gmt":"2016-12-14T14:18:38","slug":"homologacao","status":"publish","type":"page","link":"https:\/\/concurso.ifbaiano.edu.br\/portal\/especializacao-fisica-quimica\/pagina-inicial\/homologacao\/","title":{"rendered":"Homologa\u00e7\u00e3o"},"content":{"rendered":"<h3>Processo Seletivo<\/h3>\n<p style=\"text-align: left\">O REITOR DO INSTITUTO FEDERAL DE EDUCA\u00c7\u00c3O, CI\u00caNCIA E TECNOLOGlA BAIANO, no uso de suas atribui\u00e7\u00f5es legais, toma p\u00fablicas as normas que regem o Processo Seletivo Discente para ingresso no Curso de P\u00f3s-Gradua\u00e7\u00e3o lato sensu em Metodologia do Ensino de Qu\u00edmica e F\u00edsica, a ser ofertado pelo Campus Senhor do Bonfim.<\/p>\n","protected":false},"excerpt":{"rendered":"<p>Processo Seletivo O REITOR DO INSTITUTO FEDERAL DE EDUCA\u00c7\u00c3O, CI\u00caNCIA E TECNOLOGlA BAIANO, no uso de suas atribui\u00e7\u00f5es legais, toma p\u00fablicas as normas que regem o Processo Seletivo Discente para ingresso no Curso de P\u00f3s-Gradua\u00e7\u00e3o lato sensu em Metodologia do &hellip; <a href=\"https:\/\/concurso.ifbaiano.edu.br\/portal\/especializacao-fisica-quimica\/pagina-inicial\/homologacao\/\">Continue lendo <span class=\"meta-nav\">&rarr;<\/span><\/a><\/p>\n","protected":false},"author":30,"featured_media":0,"parent":4,"menu_order":1,"comment_status":"closed","ping_status":"closed","template":"","meta":[],"_links":{"self":[{"href":"https:\/\/concurso.ifbaiano.edu.br\/portal\/especializacao-fisica-quimica\/wp-json\/wp\/v2\/pages\/6"}],"collection":[{"href":"https:\/\/concurso.ifbaiano.edu.br\/portal\/especializacao-fisica-quimica\/wp-json\/wp\/v2\/pages"}],"about":[{"href":"https:\/\/concurso.ifbaiano.edu.br\/portal\/especializacao-fisica-quimica\/wp-json\/wp\/v2\/types\/page"}],"author":[{"embeddable":true,"href":"https:\/\/concurso.ifbaiano.edu.br\/portal\/especializacao-fisica-quimica\/wp-json\/wp\/v2\/users\/30"}],"replies":[{"embeddable":true,"href":"https:\/\/concurso.ifbaiano.edu.br\/portal\/especializacao-fisica-quimica\/wp-json\/wp\/v2\/comments?post=6"}],"version-history":[{"count":4,"href":"https:\/\/concurso.ifbaiano.edu.br\/portal\/especializacao-fisica-quimica\/wp-json\/wp\/v2\/pages\/6\/revisions"}],"predecessor-version":[{"id":21,"href":"https:\/\/concurso.ifbaiano.edu.br\/portal\/especializacao-fisica-quimica\/wp-json\/wp\/v2\/pages\/6\/revisions\/21"}],"up":[{"embeddable":true,"href":"https:\/\/concurso.ifbaiano.edu.br\/portal\/especializacao-fisica-quimica\/wp-json\/wp\/v2\/pages\/4"}],"wp:attachment":[{"href":"https:\/\/concurso.ifbaiano.edu.br\/portal\/especializacao-fisica-quimica\/wp-json\/wp\/v2\/media?parent=6"}],"curies":[{"name":"wp","href":"https:\/\/api.w.org\/{rel}","templated":true}]}}