{"id":8,"date":"2016-10-17T18:47:30","date_gmt":"2016-10-17T20:47:30","guid":{"rendered":"http:\/\/concurso.ifbaiano.edu.br\/portal\/especializacao-ensino-ciencias-naturais\/?page_id=8"},"modified":"2016-12-13T11:45:18","modified_gmt":"2016-12-13T13:45:18","slug":"editais","status":"publish","type":"page","link":"https:\/\/concurso.ifbaiano.edu.br\/portal\/especializacao-ensino-ciencias-naturais\/pagina-inicial\/editais\/","title":{"rendered":"Editais"},"content":{"rendered":"<h3>Editais<\/h3>\n<p>13\/12\/2016 &#8211; <a href=\"http:\/\/concurso.ifbaiano.edu.br\/portal\/especializacao-ensino-ciencias-naturais\/wp-content\/uploads\/sites\/49\/2016\/10\/Resultado-do-processo-seletivo-da-especializa\u00e7\u00e3o-em-Ensino-de-Ci\u00eancias-Naturais-Campus-Teixeira-de-freitas.pdf\">Resultado<\/a><\/p>\n<p>17\/10\/2016 &#8211;\u00a0<a href=\"http:\/\/concurso.ifbaiano.edu.br\/portal\/especializacao-ensino-ciencias-naturais\/wp-content\/uploads\/sites\/49\/2016\/10\/Edital-PROPES-n10-2016_Espec-em-Ciencias-Naturais-e-Matematica_TDF.pdf\" target=\"_blank\">EDITAL PROPES N\u00ba 10\/2016<\/a><\/p>\n","protected":false},"excerpt":{"rendered":"<p>Editais 13\/12\/2016 &#8211; Resultado 17\/10\/2016 &#8211;\u00a0EDITAL PROPES N\u00ba 10\/2016<\/p>\n","protected":false},"author":30,"featured_media":0,"parent":6,"menu_order":2,"comment_status":"closed","ping_status":"closed","template":"","meta":[],"_links":{"self":[{"href":"https:\/\/concurso.ifbaiano.edu.br\/portal\/especializacao-ensino-ciencias-naturais\/wp-json\/wp\/v2\/pages\/8"}],"collection":[{"href":"https:\/\/concurso.ifbaiano.edu.br\/portal\/especializacao-ensino-ciencias-naturais\/wp-json\/wp\/v2\/pages"}],"about":[{"href":"https:\/\/concurso.ifbaiano.edu.br\/portal\/especializacao-ensino-ciencias-naturais\/wp-json\/wp\/v2\/types\/page"}],"author":[{"embeddable":true,"href":"https:\/\/concurso.ifbaiano.edu.br\/portal\/especializacao-ensino-ciencias-naturais\/wp-json\/wp\/v2\/users\/30"}],"replies":[{"embeddable":true,"href":"https:\/\/concurso.ifbaiano.edu.br\/portal\/especializacao-ensino-ciencias-naturais\/wp-json\/wp\/v2\/comments?post=8"}],"version-history":[{"count":4,"href":"https:\/\/concurso.ifbaiano.edu.br\/portal\/especializacao-ensino-ciencias-naturais\/wp-json\/wp\/v2\/pages\/8\/revisions"}],"predecessor-version":[{"id":20,"href":"https:\/\/concurso.ifbaiano.edu.br\/portal\/especializacao-ensino-ciencias-naturais\/wp-json\/wp\/v2\/pages\/8\/revisions\/20"}],"up":[{"embeddable":true,"href":"https:\/\/concurso.ifbaiano.edu.br\/portal\/especializacao-ensino-ciencias-naturais\/wp-json\/wp\/v2\/pages\/6"}],"wp:attachment":[{"href":"https:\/\/concurso.ifbaiano.edu.br\/portal\/especializacao-ensino-ciencias-naturais\/wp-json\/wp\/v2\/media?parent=8"}],"curies":[{"name":"wp","href":"https:\/\/api.w.org\/{rel}","templated":true}]}}