{"id":4,"date":"2016-10-17T18:45:06","date_gmt":"2016-10-17T20:45:06","guid":{"rendered":"http:\/\/concurso.ifbaiano.edu.br\/portal\/especializacao-ensino-ciencias-naturais\/?page_id=4"},"modified":"2016-10-17T18:47:41","modified_gmt":"2016-10-17T20:47:41","slug":"homologacao","status":"publish","type":"page","link":"https:\/\/concurso.ifbaiano.edu.br\/portal\/especializacao-ensino-ciencias-naturais\/pagina-inicial\/homologacao\/","title":{"rendered":"Homologa\u00e7\u00e3o"},"content":{"rendered":"<h3>Processo Seletivo<\/h3>\n<p>O REITOR DO INSTITUTO FEDERAL DE EDUCA\u00c7\u00c3O, CI\u00caNCIA E TECNOLOGIA BAIANO, no uso de suas atribui\u00e7\u00f5es legais, torna p\u00fablico as normas que regem o Processo Seletivo Discente para ingresso no Curso de P\u00f3s-Gradua\u00e7\u00e3o lato sensu em Ensino de Ci\u00eancias Naturais a ser ofertado pelo Campus Teixeira de Freitas.<\/p>\n","protected":false},"excerpt":{"rendered":"<p>Processo Seletivo O REITOR DO INSTITUTO FEDERAL DE EDUCA\u00c7\u00c3O, CI\u00caNCIA E TECNOLOGIA BAIANO, no uso de suas atribui\u00e7\u00f5es legais, torna p\u00fablico as normas que regem o Processo Seletivo Discente para ingresso no Curso de P\u00f3s-Gradua\u00e7\u00e3o lato sensu em Ensino de &hellip; <a href=\"https:\/\/concurso.ifbaiano.edu.br\/portal\/especializacao-ensino-ciencias-naturais\/pagina-inicial\/homologacao\/\">Continue lendo <span class=\"meta-nav\">&rarr;<\/span><\/a><\/p>\n","protected":false},"author":30,"featured_media":0,"parent":6,"menu_order":1,"comment_status":"closed","ping_status":"closed","template":"","meta":[],"_links":{"self":[{"href":"https:\/\/concurso.ifbaiano.edu.br\/portal\/especializacao-ensino-ciencias-naturais\/wp-json\/wp\/v2\/pages\/4"}],"collection":[{"href":"https:\/\/concurso.ifbaiano.edu.br\/portal\/especializacao-ensino-ciencias-naturais\/wp-json\/wp\/v2\/pages"}],"about":[{"href":"https:\/\/concurso.ifbaiano.edu.br\/portal\/especializacao-ensino-ciencias-naturais\/wp-json\/wp\/v2\/types\/page"}],"author":[{"embeddable":true,"href":"https:\/\/concurso.ifbaiano.edu.br\/portal\/especializacao-ensino-ciencias-naturais\/wp-json\/wp\/v2\/users\/30"}],"replies":[{"embeddable":true,"href":"https:\/\/concurso.ifbaiano.edu.br\/portal\/especializacao-ensino-ciencias-naturais\/wp-json\/wp\/v2\/comments?post=4"}],"version-history":[{"count":1,"href":"https:\/\/concurso.ifbaiano.edu.br\/portal\/especializacao-ensino-ciencias-naturais\/wp-json\/wp\/v2\/pages\/4\/revisions"}],"predecessor-version":[{"id":5,"href":"https:\/\/concurso.ifbaiano.edu.br\/portal\/especializacao-ensino-ciencias-naturais\/wp-json\/wp\/v2\/pages\/4\/revisions\/5"}],"up":[{"embeddable":true,"href":"https:\/\/concurso.ifbaiano.edu.br\/portal\/especializacao-ensino-ciencias-naturais\/wp-json\/wp\/v2\/pages\/6"}],"wp:attachment":[{"href":"https:\/\/concurso.ifbaiano.edu.br\/portal\/especializacao-ensino-ciencias-naturais\/wp-json\/wp\/v2\/media?parent=4"}],"curies":[{"name":"wp","href":"https:\/\/api.w.org\/{rel}","templated":true}]}}