{"id":8,"date":"2016-10-17T18:55:43","date_gmt":"2016-10-17T20:55:43","guid":{"rendered":"http:\/\/concurso.ifbaiano.edu.br\/portal\/especializacao-ensino-ciencias-naturais-e-matematica\/?page_id=8"},"modified":"2017-03-17T13:56:43","modified_gmt":"2017-03-17T16:56:43","slug":"editais","status":"publish","type":"page","link":"https:\/\/concurso.ifbaiano.edu.br\/portal\/especializacao-ensino-ciencias-naturais-e-matematica\/pagina-inicial\/editais\/","title":{"rendered":"Editais"},"content":{"rendered":"<h3>Editais<\/h3>\n<ul>\n<li>17\/03\/2017 &#8211; <a href=\"http:\/\/concurso.ifbaiano.edu.br\/portal\/especializacao-ensino-ciencias-naturais-e-matematica\/wp-content\/uploads\/sites\/50\/2016\/10\/Resultado-Final-P\u00f3s-Recurso.pdf\" target=\"_blank\">RESULTADO FINAL<\/a><\/li>\n<li>15\/03\/2017 &#8211; <a href=\"http:\/\/concurso.ifbaiano.edu.br\/portal\/especializacao-ensino-ciencias-naturais-e-matematica\/wp-content\/uploads\/sites\/50\/2016\/10\/Resultado-Preliminar_Edital-PROPES-n\u00ba-01-2017_ITAPETINGA.pdf\" target=\"_blank\">RESULTADO PRELIMINAR<\/a><\/li>\n<li>10\/03\/2017 &#8211; <a href=\"http:\/\/concurso.ifbaiano.edu.br\/portal\/especializacao-ensino-ciencias-naturais-e-matematica\/wp-content\/uploads\/sites\/50\/2016\/10\/Chamada-para-Etapa-2.pdf\" target=\"_blank\">CHAMADA PARA A ETAPA 2<\/a><\/li>\n<li>08\/03\/2017 &#8211; <a href=\"http:\/\/concurso.ifbaiano.edu.br\/portal\/especializacao-ensino-ciencias-naturais-e-matematica\/wp-content\/uploads\/sites\/50\/2016\/10\/homologa\u00e7\u00e3o-Edital-01-2017-vagas-remanescentes.pdf\" target=\"_blank\">HOMOLOGA\u00c7\u00d5ES DAS INSCRI\u00c7\u00d5ES EDITAL 01\/2017<\/a><\/li>\n<li>22\/02\/2017 &#8211; <a href=\"http:\/\/concurso.ifbaiano.edu.br\/portal\/especializacao-ensino-ciencias-naturais-e-matematica\/wp-content\/uploads\/sites\/50\/2016\/10\/ANEXO-II-RETIFICADO.pdf\" target=\"_blank\">RETIFICA\u00c7\u00c3O ANEXO II<\/a><\/li>\n<li>22\/02\/2017 &#8211; <a href=\"http:\/\/concurso.ifbaiano.edu.br\/portal\/especializacao-ensino-ciencias-naturais-e-matematica\/wp-content\/uploads\/sites\/50\/2016\/10\/edital.itapetinga.pdf\" target=\"_blank\">EDITAL PROPES N\u00ba01\/2017 &#8211; VAGAS REMANESCENTES<\/a><\/li>\n<li>20\/02\/2017 &#8211; <a href=\"http:\/\/concurso.ifbaiano.edu.br\/portal\/especializacao-ensino-ciencias-naturais-e-matematica\/wp-content\/uploads\/sites\/50\/2016\/10\/RESULTADO.POS_.RECURSO.ITAPETINGA.pdf\" target=\"_blank\">RESULTADO FINAL P\u00d3S RECURSO<\/a><\/li>\n<li>15\/02\/2017 &#8211; <a href=\"http:\/\/concurso.ifbaiano.edu.br\/portal\/especializacao-ensino-ciencias-naturais-e-matematica\/wp-content\/uploads\/sites\/50\/2016\/10\/RESULTADO.ETAPA_.2.pdf\" target=\"_blank\">RESULTADO PRELIMINAR DA ETAPA 2<\/a><\/li>\n<li>03\/02\/2017 &#8211; <a href=\"http:\/\/concurso.ifbaiano.edu.br\/portal\/especializacao-ensino-ciencias-naturais-e-matematica\/wp-content\/uploads\/sites\/50\/2016\/10\/Resultado-Estapa-1-POs_Recurso.pdf\">RESULTADO P\u00d3S-RECURSO DA ETAPA 1<\/a><\/li>\n<li>01\/02\/2017 &#8211; <a href=\"http:\/\/concurso.ifbaiano.edu.br\/portal\/especializacao-ensino-ciencias-naturais-e-matematica\/wp-content\/uploads\/sites\/50\/2016\/10\/Chamada-para-Etapa-2_ITAPETINGA.pdf\">CHAMADA PARA 2\u00aa ETAPA<\/a><\/li>\n<li>01\/02\/2017 &#8211; <a href=\"http:\/\/concurso.ifbaiano.edu.br\/portal\/especializacao-ensino-ciencias-naturais-e-matematica\/wp-content\/uploads\/sites\/50\/2016\/10\/Resultado-Etapa-1_itapetinga.pdf\">RESULTADO PRELIMINAR<\/a><\/li>\n<li>21\/12\/2016 &#8211;\u00a0<a href=\"http:\/\/concurso.ifbaiano.edu.br\/portal\/especializacao-ensino-ciencias-naturais-e-matematica\/wp-content\/uploads\/sites\/50\/2016\/10\/HOMOLOGACAO.pdf\">HOMOLOGA\u00c7\u00c3O DAS INSCRI\u00c7OES<\/a><\/li>\n<li>21\/12\/2016 &#8211; <a href=\"http:\/\/concurso.ifbaiano.edu.br\/portal\/especializacao-ensino-ciencias-naturais-e-matematica\/wp-content\/uploads\/sites\/50\/2016\/10\/NOVO-CRONOGRAMA.pdf\">NOVO CRONOGRAMA<\/a><\/li>\n<li>26\/10\/2016 &#8211;\u00a0<a href=\"http:\/\/concurso.ifbaiano.edu.br\/portal\/especializacao-ensino-ciencias-naturais-e-matematica\/wp-content\/uploads\/sites\/50\/2016\/10\/RETIFICACAO-N01-DO-EDITAL-PROPES-N09-DE-2016_-ESPECIALIZACAO-ITAPETINGA.pdf\" target=\"_blank\">RETIFICA\u00c7\u00c3O &#8211; EDITAL PROPES N\u00ba\u00a009\/2016<\/a><\/li>\n<li>17\/10\/2016 &#8211;\u00a0<a href=\"http:\/\/concurso.ifbaiano.edu.br\/portal\/especializacao-ensino-ciencias-naturais-e-matematica\/wp-content\/uploads\/sites\/50\/2016\/10\/Edital-PROPES-n09-2016_Espec-em-Ciencias-Naturais-e-Matematica_ITA.pdf\" target=\"_blank\">EDITAL PROPES N\u00ba\u00a009\/2016<\/a><\/li>\n<\/ul>\n","protected":false},"excerpt":{"rendered":"<p>Editais 17\/03\/2017 &#8211; RESULTADO FINAL 15\/03\/2017 &#8211; RESULTADO PRELIMINAR 10\/03\/2017 &#8211; CHAMADA PARA A ETAPA 2 08\/03\/2017 &#8211; HOMOLOGA\u00c7\u00d5ES DAS INSCRI\u00c7\u00d5ES EDITAL 01\/2017 22\/02\/2017 &#8211; RETIFICA\u00c7\u00c3O ANEXO II 22\/02\/2017 &#8211; EDITAL PROPES N\u00ba01\/2017 &#8211; VAGAS REMANESCENTES 20\/02\/2017 &#8211; RESULTADO FINAL &hellip; <a href=\"https:\/\/concurso.ifbaiano.edu.br\/portal\/especializacao-ensino-ciencias-naturais-e-matematica\/pagina-inicial\/editais\/\">Continue lendo <span class=\"meta-nav\">&rarr;<\/span><\/a><\/p>\n","protected":false},"author":30,"featured_media":0,"parent":4,"menu_order":2,"comment_status":"closed","ping_status":"closed","template":"","meta":[],"_links":{"self":[{"href":"https:\/\/concurso.ifbaiano.edu.br\/portal\/especializacao-ensino-ciencias-naturais-e-matematica\/wp-json\/wp\/v2\/pages\/8"}],"collection":[{"href":"https:\/\/concurso.ifbaiano.edu.br\/portal\/especializacao-ensino-ciencias-naturais-e-matematica\/wp-json\/wp\/v2\/pages"}],"about":[{"href":"https:\/\/concurso.ifbaiano.edu.br\/portal\/especializacao-ensino-ciencias-naturais-e-matematica\/wp-json\/wp\/v2\/types\/page"}],"author":[{"embeddable":true,"href":"https:\/\/concurso.ifbaiano.edu.br\/portal\/especializacao-ensino-ciencias-naturais-e-matematica\/wp-json\/wp\/v2\/users\/30"}],"replies":[{"embeddable":true,"href":"https:\/\/concurso.ifbaiano.edu.br\/portal\/especializacao-ensino-ciencias-naturais-e-matematica\/wp-json\/wp\/v2\/comments?post=8"}],"version-history":[{"count":41,"href":"https:\/\/concurso.ifbaiano.edu.br\/portal\/especializacao-ensino-ciencias-naturais-e-matematica\/wp-json\/wp\/v2\/pages\/8\/revisions"}],"predecessor-version":[{"id":78,"href":"https:\/\/concurso.ifbaiano.edu.br\/portal\/especializacao-ensino-ciencias-naturais-e-matematica\/wp-json\/wp\/v2\/pages\/8\/revisions\/78"}],"up":[{"embeddable":true,"href":"https:\/\/concurso.ifbaiano.edu.br\/portal\/especializacao-ensino-ciencias-naturais-e-matematica\/wp-json\/wp\/v2\/pages\/4"}],"wp:attachment":[{"href":"https:\/\/concurso.ifbaiano.edu.br\/portal\/especializacao-ensino-ciencias-naturais-e-matematica\/wp-json\/wp\/v2\/media?parent=8"}],"curies":[{"name":"wp","href":"https:\/\/api.w.org\/{rel}","templated":true}]}}