{"id":6,"date":"2016-10-17T18:54:10","date_gmt":"2016-10-17T20:54:10","guid":{"rendered":"http:\/\/concurso.ifbaiano.edu.br\/portal\/especializacao-ensino-ciencias-naturais-e-matematica\/?page_id=6"},"modified":"2016-10-17T18:54:10","modified_gmt":"2016-10-17T20:54:10","slug":"homologacao","status":"publish","type":"page","link":"https:\/\/concurso.ifbaiano.edu.br\/portal\/especializacao-ensino-ciencias-naturais-e-matematica\/pagina-inicial\/homologacao\/","title":{"rendered":"Homologa\u00e7\u00e3o"},"content":{"rendered":"<h3>Processo Seletivo<\/h3>\n<p>O REITOR DO INSTITUTO FEDERAL DE EDUCA\u00c7\u00c3O, CI\u00caNCIA E TECNOLOGIA BAIANO torna p\u00fablica a abertura das inscri\u00e7\u00f5es do Processo Seletivo Discente para o Curso de P\u00f3s-Gradua\u00e7\u00e3o <em>lato sensu<\/em> em Ensino de Ci\u00eancias Naturais e Matem\u00e1tica a ser ofertado pelo <em>Campus<\/em> Itapetinga.<\/p>\n","protected":false},"excerpt":{"rendered":"<p>Processo Seletivo O REITOR DO INSTITUTO FEDERAL DE EDUCA\u00c7\u00c3O, CI\u00caNCIA E TECNOLOGIA BAIANO torna p\u00fablica a abertura das inscri\u00e7\u00f5es do Processo Seletivo Discente para o Curso de P\u00f3s-Gradua\u00e7\u00e3o lato sensu em Ensino de Ci\u00eancias Naturais e Matem\u00e1tica a ser ofertado &hellip; <a href=\"https:\/\/concurso.ifbaiano.edu.br\/portal\/especializacao-ensino-ciencias-naturais-e-matematica\/pagina-inicial\/homologacao\/\">Continue lendo <span class=\"meta-nav\">&rarr;<\/span><\/a><\/p>\n","protected":false},"author":30,"featured_media":0,"parent":4,"menu_order":1,"comment_status":"closed","ping_status":"closed","template":"","meta":[],"_links":{"self":[{"href":"https:\/\/concurso.ifbaiano.edu.br\/portal\/especializacao-ensino-ciencias-naturais-e-matematica\/wp-json\/wp\/v2\/pages\/6"}],"collection":[{"href":"https:\/\/concurso.ifbaiano.edu.br\/portal\/especializacao-ensino-ciencias-naturais-e-matematica\/wp-json\/wp\/v2\/pages"}],"about":[{"href":"https:\/\/concurso.ifbaiano.edu.br\/portal\/especializacao-ensino-ciencias-naturais-e-matematica\/wp-json\/wp\/v2\/types\/page"}],"author":[{"embeddable":true,"href":"https:\/\/concurso.ifbaiano.edu.br\/portal\/especializacao-ensino-ciencias-naturais-e-matematica\/wp-json\/wp\/v2\/users\/30"}],"replies":[{"embeddable":true,"href":"https:\/\/concurso.ifbaiano.edu.br\/portal\/especializacao-ensino-ciencias-naturais-e-matematica\/wp-json\/wp\/v2\/comments?post=6"}],"version-history":[{"count":1,"href":"https:\/\/concurso.ifbaiano.edu.br\/portal\/especializacao-ensino-ciencias-naturais-e-matematica\/wp-json\/wp\/v2\/pages\/6\/revisions"}],"predecessor-version":[{"id":7,"href":"https:\/\/concurso.ifbaiano.edu.br\/portal\/especializacao-ensino-ciencias-naturais-e-matematica\/wp-json\/wp\/v2\/pages\/6\/revisions\/7"}],"up":[{"embeddable":true,"href":"https:\/\/concurso.ifbaiano.edu.br\/portal\/especializacao-ensino-ciencias-naturais-e-matematica\/wp-json\/wp\/v2\/pages\/4"}],"wp:attachment":[{"href":"https:\/\/concurso.ifbaiano.edu.br\/portal\/especializacao-ensino-ciencias-naturais-e-matematica\/wp-json\/wp\/v2\/media?parent=6"}],"curies":[{"name":"wp","href":"https:\/\/api.w.org\/{rel}","templated":true}]}}