{"id":8,"date":"2017-03-13T15:58:42","date_gmt":"2017-03-13T18:58:42","guid":{"rendered":"http:\/\/concurso.ifbaiano.edu.br\/portal\/especializacao-educacao-cientifica-e-popularizacao-das-ciencias\/?page_id=8"},"modified":"2017-03-13T18:05:00","modified_gmt":"2017-03-13T21:05:00","slug":"editais","status":"publish","type":"page","link":"https:\/\/concurso.ifbaiano.edu.br\/portal\/especializacao-educacao-cientifica-e-popularizacao-das-ciencias\/pagina-inicial\/editais\/","title":{"rendered":"Editais"},"content":{"rendered":"<h3>Editais<\/h3>\n<p>13\/03\/2017 &#8211; <a href=\"http:\/\/concurso.ifbaiano.edu.br\/portal\/especializacao-educacao-cientifica-e-popularizacao-das-ciencias\/wp-content\/uploads\/sites\/70\/2017\/03\/Edital-PROPES-n\u00ba-02-2017_Espec.-em-Educa\u00e7\u00e3o-Cient\u00edfica-e-Pop.-Ci\u00eancias_Final.pdf\" target=\"_blank\">Edital<\/a><\/p>\n","protected":false},"excerpt":{"rendered":"<p>Editais 13\/03\/2017 &#8211; Edital<\/p>\n","protected":false},"author":30,"featured_media":0,"parent":4,"menu_order":2,"comment_status":"closed","ping_status":"closed","template":"","meta":[],"_links":{"self":[{"href":"https:\/\/concurso.ifbaiano.edu.br\/portal\/especializacao-educacao-cientifica-e-popularizacao-das-ciencias\/wp-json\/wp\/v2\/pages\/8"}],"collection":[{"href":"https:\/\/concurso.ifbaiano.edu.br\/portal\/especializacao-educacao-cientifica-e-popularizacao-das-ciencias\/wp-json\/wp\/v2\/pages"}],"about":[{"href":"https:\/\/concurso.ifbaiano.edu.br\/portal\/especializacao-educacao-cientifica-e-popularizacao-das-ciencias\/wp-json\/wp\/v2\/types\/page"}],"author":[{"embeddable":true,"href":"https:\/\/concurso.ifbaiano.edu.br\/portal\/especializacao-educacao-cientifica-e-popularizacao-das-ciencias\/wp-json\/wp\/v2\/users\/30"}],"replies":[{"embeddable":true,"href":"https:\/\/concurso.ifbaiano.edu.br\/portal\/especializacao-educacao-cientifica-e-popularizacao-das-ciencias\/wp-json\/wp\/v2\/comments?post=8"}],"version-history":[{"count":3,"href":"https:\/\/concurso.ifbaiano.edu.br\/portal\/especializacao-educacao-cientifica-e-popularizacao-das-ciencias\/wp-json\/wp\/v2\/pages\/8\/revisions"}],"predecessor-version":[{"id":19,"href":"https:\/\/concurso.ifbaiano.edu.br\/portal\/especializacao-educacao-cientifica-e-popularizacao-das-ciencias\/wp-json\/wp\/v2\/pages\/8\/revisions\/19"}],"up":[{"embeddable":true,"href":"https:\/\/concurso.ifbaiano.edu.br\/portal\/especializacao-educacao-cientifica-e-popularizacao-das-ciencias\/wp-json\/wp\/v2\/pages\/4"}],"wp:attachment":[{"href":"https:\/\/concurso.ifbaiano.edu.br\/portal\/especializacao-educacao-cientifica-e-popularizacao-das-ciencias\/wp-json\/wp\/v2\/media?parent=8"}],"curies":[{"name":"wp","href":"https:\/\/api.w.org\/{rel}","templated":true}]}}