{"id":4,"date":"2017-03-13T15:57:36","date_gmt":"2017-03-13T18:57:36","guid":{"rendered":"http:\/\/concurso.ifbaiano.edu.br\/portal\/especializacao-educacao-cientifica-e-popularizacao-das-ciencias\/?page_id=4"},"modified":"2017-03-13T15:57:36","modified_gmt":"2017-03-13T18:57:36","slug":"pagina-inicial","status":"publish","type":"page","link":"https:\/\/concurso.ifbaiano.edu.br\/portal\/especializacao-educacao-cientifica-e-popularizacao-das-ciencias\/","title":{"rendered":"P\u00e1gina inicial"},"content":{"rendered":"<div class=\"child_pages child_pages-thumbnail\">\n<div id=\"child_page-6\" class=\"child_page\" style=\"width:50%;max-width:100%;\"><div class=\"child_page-container\"><div class=\"post_thumb\"><a href=\"https:\/\/concurso.ifbaiano.edu.br\/portal\/especializacao-educacao-cientifica-e-popularizacao-das-ciencias\/pagina-inicial\/homologacao\/\"><\/a><\/div><div class=\"post_content\"><h4><a href=\"https:\/\/concurso.ifbaiano.edu.br\/portal\/especializacao-educacao-cientifica-e-popularizacao-das-ciencias\/pagina-inicial\/homologacao\/\">Homologa\u00e7\u00e3o<\/a><\/h4><div class=\"post_excerpt\">Processo Seletivo O REITOR DO INSTITUTO FEDERAL DE EDUCA\u00c7\u00c3O, CI\u00caNCIA E TECNOLOGIA BAIANO, no uso de suas atribui\u00e7\u00f5es legais torna p\u00fablicas as normas que regem as inscri\u00e7\u00f5es no Processo Seletivo discente para ingresso no Curso de Especializa\u00e7\u00e3o em Educa\u00e7\u00e3o Cient\u00edfica &hellip; <a href=\"https:\/\/concurso.ifbaiano.edu.br\/portal\/especializacao-educacao-cientifica-e-popularizacao-das-ciencias\/pagina-inicial\/homologacao\/\">Continue lendo <span class=\"meta-nav\">&rarr;<\/span><\/a><\/div><\/div><!-- .post_content  --><\/div><!-- .child_page-container --><\/div><!-- #child_page-6\" -->\n\n<div id=\"child_page-8\" class=\"child_page\" style=\"width:50%;max-width:100%;\"><div class=\"child_page-container\"><div class=\"post_thumb\"><a href=\"https:\/\/concurso.ifbaiano.edu.br\/portal\/especializacao-educacao-cientifica-e-popularizacao-das-ciencias\/pagina-inicial\/editais\/\"><\/a><\/div><div class=\"post_content\"><h4><a href=\"https:\/\/concurso.ifbaiano.edu.br\/portal\/especializacao-educacao-cientifica-e-popularizacao-das-ciencias\/pagina-inicial\/editais\/\">Editais<\/a><\/h4><div class=\"post_excerpt\">Editais 13\/03\/2017 &#8211; Edital<\/div><\/div><!-- .post_content  --><\/div><!-- .child_page-container --><\/div><!-- #child_page-8\" -->\n<\/div>\n","protected":false},"excerpt":{"rendered":"","protected":false},"author":30,"featured_media":0,"parent":0,"menu_order":0,"comment_status":"closed","ping_status":"closed","template":"","meta":[],"_links":{"self":[{"href":"https:\/\/concurso.ifbaiano.edu.br\/portal\/especializacao-educacao-cientifica-e-popularizacao-das-ciencias\/wp-json\/wp\/v2\/pages\/4"}],"collection":[{"href":"https:\/\/concurso.ifbaiano.edu.br\/portal\/especializacao-educacao-cientifica-e-popularizacao-das-ciencias\/wp-json\/wp\/v2\/pages"}],"about":[{"href":"https:\/\/concurso.ifbaiano.edu.br\/portal\/especializacao-educacao-cientifica-e-popularizacao-das-ciencias\/wp-json\/wp\/v2\/types\/page"}],"author":[{"embeddable":true,"href":"https:\/\/concurso.ifbaiano.edu.br\/portal\/especializacao-educacao-cientifica-e-popularizacao-das-ciencias\/wp-json\/wp\/v2\/users\/30"}],"replies":[{"embeddable":true,"href":"https:\/\/concurso.ifbaiano.edu.br\/portal\/especializacao-educacao-cientifica-e-popularizacao-das-ciencias\/wp-json\/wp\/v2\/comments?post=4"}],"version-history":[{"count":1,"href":"https:\/\/concurso.ifbaiano.edu.br\/portal\/especializacao-educacao-cientifica-e-popularizacao-das-ciencias\/wp-json\/wp\/v2\/pages\/4\/revisions"}],"predecessor-version":[{"id":5,"href":"https:\/\/concurso.ifbaiano.edu.br\/portal\/especializacao-educacao-cientifica-e-popularizacao-das-ciencias\/wp-json\/wp\/v2\/pages\/4\/revisions\/5"}],"wp:attachment":[{"href":"https:\/\/concurso.ifbaiano.edu.br\/portal\/especializacao-educacao-cientifica-e-popularizacao-das-ciencias\/wp-json\/wp\/v2\/media?parent=4"}],"curies":[{"name":"wp","href":"https:\/\/api.w.org\/{rel}","templated":true}]}}