{"id":7,"date":"2016-10-17T18:31:17","date_gmt":"2016-10-17T20:31:17","guid":{"rendered":"http:\/\/concurso.ifbaiano.edu.br\/portal\/especializacao-campus-valenca\/?page_id=7"},"modified":"2016-10-17T18:43:31","modified_gmt":"2016-10-17T20:43:31","slug":"homologacao","status":"publish","type":"page","link":"https:\/\/concurso.ifbaiano.edu.br\/portal\/especializacao-campus-valenca\/pagina-inicial\/homologacao\/","title":{"rendered":"Homologa\u00e7\u00e3o"},"content":{"rendered":"<h3>Processo Seletivo<\/h3>\n<p>O REITOR DO INSTITUTO FEDERAL DE EDUCA\u00c7\u00c3O, CI\u00caNCIA E TECNOLOGIA BAIANO, no uso de suas atribui\u00e7\u00f5es legais, torna p\u00fablico as normas que regem o Processo Seletivo Discente para ingresso no\u00a0Curso de P\u00f3s-Gradua\u00e7\u00e3o <em>lato sensu<\/em> em Leitura e Produ\u00e7\u00e3o Textual aplicadas \u00e0 Educa\u00e7\u00e3o de Jovens\u00a0e Adultos e\u00a0o Processo Seletivo\u00a0Discente para Ingresso no Curso de P\u00f3s-Gradua\u00e7\u00e3o <em>lato sensu<\/em> em Ensino de Matem\u00e1tica, ambos ofertados no <em>Campus<\/em> Valen\u00e7a.<\/p>\n","protected":false},"excerpt":{"rendered":"<p>Processo Seletivo O REITOR DO INSTITUTO FEDERAL DE EDUCA\u00c7\u00c3O, CI\u00caNCIA E TECNOLOGIA BAIANO, no uso de suas atribui\u00e7\u00f5es legais, torna p\u00fablico as normas que regem o Processo Seletivo Discente para ingresso no\u00a0Curso de P\u00f3s-Gradua\u00e7\u00e3o lato sensu em Leitura e Produ\u00e7\u00e3o &hellip; <a href=\"https:\/\/concurso.ifbaiano.edu.br\/portal\/especializacao-campus-valenca\/pagina-inicial\/homologacao\/\">Continue lendo <span class=\"meta-nav\">&rarr;<\/span><\/a><\/p>\n","protected":false},"author":30,"featured_media":0,"parent":5,"menu_order":1,"comment_status":"closed","ping_status":"closed","template":"","meta":[],"_links":{"self":[{"href":"https:\/\/concurso.ifbaiano.edu.br\/portal\/especializacao-campus-valenca\/wp-json\/wp\/v2\/pages\/7"}],"collection":[{"href":"https:\/\/concurso.ifbaiano.edu.br\/portal\/especializacao-campus-valenca\/wp-json\/wp\/v2\/pages"}],"about":[{"href":"https:\/\/concurso.ifbaiano.edu.br\/portal\/especializacao-campus-valenca\/wp-json\/wp\/v2\/types\/page"}],"author":[{"embeddable":true,"href":"https:\/\/concurso.ifbaiano.edu.br\/portal\/especializacao-campus-valenca\/wp-json\/wp\/v2\/users\/30"}],"replies":[{"embeddable":true,"href":"https:\/\/concurso.ifbaiano.edu.br\/portal\/especializacao-campus-valenca\/wp-json\/wp\/v2\/comments?post=7"}],"version-history":[{"count":2,"href":"https:\/\/concurso.ifbaiano.edu.br\/portal\/especializacao-campus-valenca\/wp-json\/wp\/v2\/pages\/7\/revisions"}],"predecessor-version":[{"id":18,"href":"https:\/\/concurso.ifbaiano.edu.br\/portal\/especializacao-campus-valenca\/wp-json\/wp\/v2\/pages\/7\/revisions\/18"}],"up":[{"embeddable":true,"href":"https:\/\/concurso.ifbaiano.edu.br\/portal\/especializacao-campus-valenca\/wp-json\/wp\/v2\/pages\/5"}],"wp:attachment":[{"href":"https:\/\/concurso.ifbaiano.edu.br\/portal\/especializacao-campus-valenca\/wp-json\/wp\/v2\/media?parent=7"}],"curies":[{"name":"wp","href":"https:\/\/api.w.org\/{rel}","templated":true}]}}