{"id":5,"date":"2016-10-17T18:26:47","date_gmt":"2016-10-17T20:26:47","guid":{"rendered":"http:\/\/concurso.ifbaiano.edu.br\/portal\/especializacao-campus-valenca\/?page_id=5"},"modified":"2016-10-17T18:26:47","modified_gmt":"2016-10-17T20:26:47","slug":"pagina-inicial","status":"publish","type":"page","link":"https:\/\/concurso.ifbaiano.edu.br\/portal\/especializacao-campus-valenca\/","title":{"rendered":"P\u00e1gina inicial"},"content":{"rendered":"<div class=\"child_pages child_pages-thumbnail\">\n<div id=\"child_page-7\" class=\"child_page\" style=\"width:50%;max-width:100%;\"><div class=\"child_page-container\"><div class=\"post_thumb\"><a href=\"https:\/\/concurso.ifbaiano.edu.br\/portal\/especializacao-campus-valenca\/pagina-inicial\/homologacao\/\"><\/a><\/div><div class=\"post_content\"><h4><a href=\"https:\/\/concurso.ifbaiano.edu.br\/portal\/especializacao-campus-valenca\/pagina-inicial\/homologacao\/\">Homologa\u00e7\u00e3o<\/a><\/h4><div class=\"post_excerpt\">Processo Seletivo O REITOR DO INSTITUTO FEDERAL DE EDUCA\u00c7\u00c3O, CI\u00caNCIA E TECNOLOGIA BAIANO, no uso de suas atribui\u00e7\u00f5es legais, torna p\u00fablico as normas que regem o Processo Seletivo Discente para ingresso no\u00a0Curso de P\u00f3s-Gradua\u00e7\u00e3o lato sensu em Leitura e Produ\u00e7\u00e3o &hellip; <a href=\"https:\/\/concurso.ifbaiano.edu.br\/portal\/especializacao-campus-valenca\/pagina-inicial\/homologacao\/\">Continue lendo <span class=\"meta-nav\">&rarr;<\/span><\/a><\/div><\/div><!-- .post_content  --><\/div><!-- .child_page-container --><\/div><!-- #child_page-7\" -->\n\n<div id=\"child_page-9\" class=\"child_page\" style=\"width:50%;max-width:100%;\"><div class=\"child_page-container\"><div class=\"post_thumb\"><a href=\"https:\/\/concurso.ifbaiano.edu.br\/portal\/especializacao-campus-valenca\/pagina-inicial\/editais\/\"><\/a><\/div><div class=\"post_content\"><h4><a href=\"https:\/\/concurso.ifbaiano.edu.br\/portal\/especializacao-campus-valenca\/pagina-inicial\/editais\/\">Editais<\/a><\/h4><div class=\"post_excerpt\">Resultados 13\/12\/2016 &#8211;\u00a0Resultado Final 09\/12\/2016 &#8211; Resultado preliminar da primeira etapa Editais 09\/12\/2016 &#8211; RETIFICA\u00c7\u00c3O n\u00ba 01 &#8211; EDITAL PROPES n\u00ba 13\/2016 17\/10\/2016 &#8211; EDITAL PROPES n\u00ba 13\/2016 17\/10\/2016 &#8211; EDITAL PROPES n\u00ba 12\/2016<\/div><\/div><!-- .post_content  --><\/div><!-- .child_page-container --><\/div><!-- #child_page-9\" -->\n<\/div>\n","protected":false},"excerpt":{"rendered":"","protected":false},"author":30,"featured_media":0,"parent":0,"menu_order":0,"comment_status":"closed","ping_status":"closed","template":"","meta":[],"_links":{"self":[{"href":"https:\/\/concurso.ifbaiano.edu.br\/portal\/especializacao-campus-valenca\/wp-json\/wp\/v2\/pages\/5"}],"collection":[{"href":"https:\/\/concurso.ifbaiano.edu.br\/portal\/especializacao-campus-valenca\/wp-json\/wp\/v2\/pages"}],"about":[{"href":"https:\/\/concurso.ifbaiano.edu.br\/portal\/especializacao-campus-valenca\/wp-json\/wp\/v2\/types\/page"}],"author":[{"embeddable":true,"href":"https:\/\/concurso.ifbaiano.edu.br\/portal\/especializacao-campus-valenca\/wp-json\/wp\/v2\/users\/30"}],"replies":[{"embeddable":true,"href":"https:\/\/concurso.ifbaiano.edu.br\/portal\/especializacao-campus-valenca\/wp-json\/wp\/v2\/comments?post=5"}],"version-history":[{"count":1,"href":"https:\/\/concurso.ifbaiano.edu.br\/portal\/especializacao-campus-valenca\/wp-json\/wp\/v2\/pages\/5\/revisions"}],"predecessor-version":[{"id":6,"href":"https:\/\/concurso.ifbaiano.edu.br\/portal\/especializacao-campus-valenca\/wp-json\/wp\/v2\/pages\/5\/revisions\/6"}],"wp:attachment":[{"href":"https:\/\/concurso.ifbaiano.edu.br\/portal\/especializacao-campus-valenca\/wp-json\/wp\/v2\/media?parent=5"}],"curies":[{"name":"wp","href":"https:\/\/api.w.org\/{rel}","templated":true}]}}