{"id":9,"date":"2016-12-14T12:14:21","date_gmt":"2016-12-14T14:14:21","guid":{"rendered":"http:\/\/concurso.ifbaiano.edu.br\/portal\/ensino-ciencias-naturais-matematica\/?page_id=9"},"modified":"2017-03-16T19:11:30","modified_gmt":"2017-03-16T22:11:30","slug":"editais","status":"publish","type":"page","link":"https:\/\/concurso.ifbaiano.edu.br\/portal\/ensino-ciencias-naturais-matematica\/pagina-inicial\/editais\/","title":{"rendered":"Editais e Homologa\u00e7\u00f5es"},"content":{"rendered":"<h3>Nova convoca\u00e7\u00e3o<\/h3>\n<ul>\n<li>16\/03\/2017 &#8211;\u00a0<a href=\"http:\/\/concurso.ifbaiano.edu.br\/portal\/ensino-ciencias-naturais-matematica\/wp-content\/uploads\/sites\/57\/2016\/12\/NOTA-INFORMATIVA-02.pdf\" target=\"_blank\">Nota Informativa sobre Matr\u00edcula 02<\/a><\/li>\n<li>16\/03\/2017 &#8211;\u00a0<a href=\"http:\/\/concurso.ifbaiano.edu.br\/portal\/ensino-ciencias-naturais-matematica\/wp-content\/uploads\/sites\/57\/2016\/12\/CONVOCA\u00c7\u00c3O-DE-CLASSIFICADOS-PARA-MATR\u00cdCULA.pdf\" target=\"_blank\">Convoca\u00e7\u00e3o de Classificados para Matr\u00edcula<\/a><\/li>\n<\/ul>\n<h3>Homologa\u00e7\u00f5es<\/h3>\n<ul>\n<li>15\/03\/2017 &#8211; <a href=\"http:\/\/concurso.ifbaiano.edu.br\/portal\/ensino-ciencias-naturais-matematica\/wp-content\/uploads\/sites\/57\/2016\/12\/FORMUL\u00c1RIO-DE-MATR\u00cdCULA-Especializa\u00e7\u00e3o.pdf\" target=\"_blank\">Formul\u00e1rio de Matr\u00edcula<\/a><\/li>\n<li>14\/03\/2017 &#8211; <a href=\"http:\/\/concurso.ifbaiano.edu.br\/portal\/ensino-ciencias-naturais-matematica\/wp-content\/uploads\/sites\/57\/2016\/12\/NOTA-INFORMATIVA-01.pdf\" target=\"_blank\">Nota sobre Matr\u00edcula<\/a>\u00a001<\/li>\n<li>14\/03\/2017 &#8211; <a href=\"http:\/\/concurso.ifbaiano.edu.br\/portal\/ensino-ciencias-naturais-matematica\/wp-content\/uploads\/sites\/57\/2016\/12\/Resultado-final-P\u00f3s-recurso.pdf\" target=\"_blank\">Homologa\u00e7\u00e3o do Resultado Final P\u00f3s-Recurso<\/a><\/li>\n<li>09\/03\/2017 &#8211; <a href=\"http:\/\/concurso.ifbaiano.edu.br\/portal\/ensino-ciencias-naturais-matematica\/wp-content\/uploads\/sites\/57\/2016\/12\/Resultado-Preliminar-Ensino-de-Ci\u00eancias-Naturais-e-Matematica.pdf\" target=\"_blank\">Homolaca\u00e7\u00e3o\u00a0Preliminar do\u00a0Resultado\u00a0F<\/a>inal<\/li>\n<li>07\/03\/2017 &#8211; <a href=\"http:\/\/concurso.ifbaiano.edu.br\/portal\/ensino-ciencias-naturais-matematica\/wp-content\/uploads\/sites\/57\/2016\/12\/HOMOLOGAcaO-RESULTADO-DA-ENTREVISTA.pdf\" target=\"_blank\">Homologa\u00e7\u00e3o dos aprovados na entrevista<\/a><\/li>\n<li>22\/02\/2017 &#8211;\u00a0<a href=\"http:\/\/concurso.ifbaiano.edu.br\/portal\/ensino-ciencias-naturais-matematica\/wp-content\/uploads\/sites\/57\/2016\/12\/LOCAL-DATA-E-HOR\u00c1RIO-DAS-ENTREVISTAS.pdf\" target=\"_blank\">Local, Data e Hor\u00e1rio das Entrevistas<\/a><\/li>\n<li>22\/02\/2017 &#8211;\u00a0<a href=\"http:\/\/concurso.ifbaiano.edu.br\/portal\/ensino-ciencias-naturais-matematica\/wp-content\/uploads\/sites\/57\/2016\/12\/HOMOLOGA\u00c7\u00c3O-FINAL-DA-AN\u00c1LISE-CURRICULAR.pdf\">Homologa\u00e7\u00e3o Final Da\u00a0An\u00e1lise Curricular<\/a><\/li>\n<li>20\/02\/2017 &#8211; <a href=\"http:\/\/concurso.ifbaiano.edu.br\/portal\/ensino-ciencias-naturais-matematica\/2017\/02\/20\/solicitacao-de-recurso-a-homologacao-preliminar-dos-aprovados-na-analise-curricular\/\" target=\"_blank\">Soliciata\u00e7\u00e3o de Recurso \u00e0 Homologa\u00e7\u00e3o Preliminar dos Aprovados em An\u00e1lise Curricular<\/a><\/li>\n<li>20\/02\/2017 &#8211;\u00a0<a href=\"http:\/\/concurso.ifbaiano.edu.br\/portal\/ensino-ciencias-naturais-matematica\/wp-content\/uploads\/sites\/57\/2016\/12\/HOMOLOGA\u00c7AO-PRELIMINAR-DOS-APROVADOS-NA-AN\u00c1LISE-CURR\u00cdCULAR.pdf\" target=\"_blank\">Homologa\u00e7\u00e3o Preliminar dos Aprovados na An\u00e1lise Curricular<\/a><\/li>\n<li>14\/02\/2017 &#8211;\u00a0<a href=\"http:\/\/concurso.ifbaiano.edu.br\/portal\/ensino-ciencias-naturais-matematica\/wp-content\/uploads\/sites\/57\/2016\/12\/HOMOLOGA\u00c7\u00c3O-FINAL-DOS-APROVADOS-NA-PROVA-ESCRITA.pdf\" target=\"_blank\">Homologa\u00e7\u00e3o final\u00a0&#8211;\u00a0Aprovados na prova escrita<\/a><\/li>\n<li>09\/02\/2017 &#8211;\u00a0<a href=\"http:\/\/concurso.ifbaiano.edu.br\/portal\/ensino-ciencias-naturais-matematica\/wp-content\/uploads\/sites\/57\/2016\/12\/HOMOLOGA\u00c7\u00c3O-PRELIMINAR-DOS-APROVADOS-NA-PROVA-ESCRITA.pdf\" target=\"_blank\">Homologa\u00e7\u00e3o preliminar &#8211;\u00a0Aprovados na prova escrita<\/a><\/li>\n<li>27\/01\/2017 &#8211; <a href=\"http:\/\/concurso.ifbaiano.edu.br\/portal\/ensino-ciencias-naturais-matematica\/wp-content\/uploads\/sites\/57\/2016\/12\/HOMOLOGA\u00c7\u00c3O-FINAL-DAS-INSCRI\u00c7\u00d5ES.pdf\" target=\"_blank\">Lista Final de Candidatos Homologados<\/a><\/li>\n<li>23\/01\/2017 &#8211; <a href=\"http:\/\/concurso.ifbaiano.edu.br\/portal\/ensino-ciencias-naturais-matematica\/wp-content\/uploads\/sites\/57\/2016\/12\/Candidatos-Homologados-Ensino-de-Ciencias-Naturais-e-Matematica.pdf\" target=\"_blank\">Lista de Candidatos Homologados<\/a><\/li>\n<\/ul>\n<h3>Editais<\/h3>\n<ul>\n<li>27\/12\/2016 &#8211; <a href=\"http:\/\/concurso.ifbaiano.edu.br\/portal\/ensino-ciencias-naturais-matematica\/wp-content\/uploads\/sites\/57\/2016\/12\/ERRATA-N\u00ba-02-EDITAL-PROPES-N\u00ba-16-2016.pdf\">Errata 02\/2016<\/a><\/li>\n<li>19\/12\/2016 &#8211; <a href=\"http:\/\/concurso.ifbaiano.edu.br\/portal\/ensino-ciencias-naturais-matematica\/wp-content\/uploads\/sites\/57\/2016\/12\/ERRATA-N\u00ba-01-2016.pdf\">Errata 01\/2016<\/a><\/li>\n<li>14\/12\/2016 &#8211; <a href=\"http:\/\/concurso.ifbaiano.edu.br\/portal\/ensino-ciencias-naturais-matematica\/wp-content\/uploads\/sites\/57\/2016\/12\/LATO-SENSU-EM-ENSINO-DE-CI\u00caNCIAS-NATURAIS-E-MATEM\u00c1TICA-CAMPUS-GBI..pdf\">Edital<\/a><\/li>\n<\/ul>\n","protected":false},"excerpt":{"rendered":"<p>Nova convoca\u00e7\u00e3o 16\/03\/2017 &#8211;\u00a0Nota Informativa sobre Matr\u00edcula 02 16\/03\/2017 &#8211;\u00a0Convoca\u00e7\u00e3o de Classificados para Matr\u00edcula Homologa\u00e7\u00f5es 15\/03\/2017 &#8211; Formul\u00e1rio de Matr\u00edcula 14\/03\/2017 &#8211; Nota sobre Matr\u00edcula\u00a001 14\/03\/2017 &#8211; Homologa\u00e7\u00e3o do Resultado Final P\u00f3s-Recurso 09\/03\/2017 &#8211; Homolaca\u00e7\u00e3o\u00a0Preliminar do\u00a0Resultado\u00a0Final 07\/03\/2017 &#8211; Homologa\u00e7\u00e3o dos &hellip; <a href=\"https:\/\/concurso.ifbaiano.edu.br\/portal\/ensino-ciencias-naturais-matematica\/pagina-inicial\/editais\/\">Continue lendo <span class=\"meta-nav\">&rarr;<\/span><\/a><\/p>\n","protected":false},"author":30,"featured_media":0,"parent":5,"menu_order":2,"comment_status":"closed","ping_status":"closed","template":"","meta":[],"_links":{"self":[{"href":"https:\/\/concurso.ifbaiano.edu.br\/portal\/ensino-ciencias-naturais-matematica\/wp-json\/wp\/v2\/pages\/9"}],"collection":[{"href":"https:\/\/concurso.ifbaiano.edu.br\/portal\/ensino-ciencias-naturais-matematica\/wp-json\/wp\/v2\/pages"}],"about":[{"href":"https:\/\/concurso.ifbaiano.edu.br\/portal\/ensino-ciencias-naturais-matematica\/wp-json\/wp\/v2\/types\/page"}],"author":[{"embeddable":true,"href":"https:\/\/concurso.ifbaiano.edu.br\/portal\/ensino-ciencias-naturais-matematica\/wp-json\/wp\/v2\/users\/30"}],"replies":[{"embeddable":true,"href":"https:\/\/concurso.ifbaiano.edu.br\/portal\/ensino-ciencias-naturais-matematica\/wp-json\/wp\/v2\/comments?post=9"}],"version-history":[{"count":38,"href":"https:\/\/concurso.ifbaiano.edu.br\/portal\/ensino-ciencias-naturais-matematica\/wp-json\/wp\/v2\/pages\/9\/revisions"}],"predecessor-version":[{"id":95,"href":"https:\/\/concurso.ifbaiano.edu.br\/portal\/ensino-ciencias-naturais-matematica\/wp-json\/wp\/v2\/pages\/9\/revisions\/95"}],"up":[{"embeddable":true,"href":"https:\/\/concurso.ifbaiano.edu.br\/portal\/ensino-ciencias-naturais-matematica\/wp-json\/wp\/v2\/pages\/5"}],"wp:attachment":[{"href":"https:\/\/concurso.ifbaiano.edu.br\/portal\/ensino-ciencias-naturais-matematica\/wp-json\/wp\/v2\/media?parent=9"}],"curies":[{"name":"wp","href":"https:\/\/api.w.org\/{rel}","templated":true}]}}