{"id":7,"date":"2016-12-14T12:14:03","date_gmt":"2016-12-14T14:14:03","guid":{"rendered":"http:\/\/concurso.ifbaiano.edu.br\/portal\/ensino-ciencias-naturais-matematica\/?page_id=7"},"modified":"2016-12-20T13:35:55","modified_gmt":"2016-12-20T15:35:55","slug":"homologacao","status":"publish","type":"page","link":"https:\/\/concurso.ifbaiano.edu.br\/portal\/ensino-ciencias-naturais-matematica\/pagina-inicial\/homologacao\/","title":{"rendered":"Homologa\u00e7\u00e3o"},"content":{"rendered":"<h3>Processo Seletivo<\/h3>\n<p style=\"text-align: left\">O REITOR DO INSTITUTO FEDERAL DE EDUCA\u00c7\u00c3O, CI\u00caNCIA E TECNOLOGIA BAIANO, torna p\u00fablica a abertura das inscri\u00e7\u00f5es do Processo Seletivo Discente para ingresso no curso de P\u00f3s-Gradua\u00e7\u00e3o latu sensu em Ensino de Ci\u00eancias Naturais e Matem\u00e1tica a ser ofertado pelo Campus Guanambi.<\/p>\n","protected":false},"excerpt":{"rendered":"<p>Processo Seletivo O REITOR DO INSTITUTO FEDERAL DE EDUCA\u00c7\u00c3O, CI\u00caNCIA E TECNOLOGIA BAIANO, torna p\u00fablica a abertura das inscri\u00e7\u00f5es do Processo Seletivo Discente para ingresso no curso de P\u00f3s-Gradua\u00e7\u00e3o latu sensu em Ensino de Ci\u00eancias Naturais e Matem\u00e1tica a ser &hellip; <a href=\"https:\/\/concurso.ifbaiano.edu.br\/portal\/ensino-ciencias-naturais-matematica\/pagina-inicial\/homologacao\/\">Continue lendo <span class=\"meta-nav\">&rarr;<\/span><\/a><\/p>\n","protected":false},"author":30,"featured_media":0,"parent":5,"menu_order":1,"comment_status":"closed","ping_status":"closed","template":"","meta":[],"_links":{"self":[{"href":"https:\/\/concurso.ifbaiano.edu.br\/portal\/ensino-ciencias-naturais-matematica\/wp-json\/wp\/v2\/pages\/7"}],"collection":[{"href":"https:\/\/concurso.ifbaiano.edu.br\/portal\/ensino-ciencias-naturais-matematica\/wp-json\/wp\/v2\/pages"}],"about":[{"href":"https:\/\/concurso.ifbaiano.edu.br\/portal\/ensino-ciencias-naturais-matematica\/wp-json\/wp\/v2\/types\/page"}],"author":[{"embeddable":true,"href":"https:\/\/concurso.ifbaiano.edu.br\/portal\/ensino-ciencias-naturais-matematica\/wp-json\/wp\/v2\/users\/30"}],"replies":[{"embeddable":true,"href":"https:\/\/concurso.ifbaiano.edu.br\/portal\/ensino-ciencias-naturais-matematica\/wp-json\/wp\/v2\/comments?post=7"}],"version-history":[{"count":3,"href":"https:\/\/concurso.ifbaiano.edu.br\/portal\/ensino-ciencias-naturais-matematica\/wp-json\/wp\/v2\/pages\/7\/revisions"}],"predecessor-version":[{"id":25,"href":"https:\/\/concurso.ifbaiano.edu.br\/portal\/ensino-ciencias-naturais-matematica\/wp-json\/wp\/v2\/pages\/7\/revisions\/25"}],"up":[{"embeddable":true,"href":"https:\/\/concurso.ifbaiano.edu.br\/portal\/ensino-ciencias-naturais-matematica\/wp-json\/wp\/v2\/pages\/5"}],"wp:attachment":[{"href":"https:\/\/concurso.ifbaiano.edu.br\/portal\/ensino-ciencias-naturais-matematica\/wp-json\/wp\/v2\/media?parent=7"}],"curies":[{"name":"wp","href":"https:\/\/api.w.org\/{rel}","templated":true}]}}