{"id":5,"date":"2016-12-14T12:13:39","date_gmt":"2016-12-14T14:13:39","guid":{"rendered":"http:\/\/concurso.ifbaiano.edu.br\/portal\/ensino-ciencias-naturais-matematica\/?page_id=5"},"modified":"2016-12-14T12:13:39","modified_gmt":"2016-12-14T14:13:39","slug":"pagina-inicial","status":"publish","type":"page","link":"https:\/\/concurso.ifbaiano.edu.br\/portal\/ensino-ciencias-naturais-matematica\/","title":{"rendered":"P\u00e1gina inicial"},"content":{"rendered":"<div class=\"child_pages child_pages-thumbnail\">\n<div id=\"child_page-7\" class=\"child_page\" style=\"width:50%;max-width:100%;\"><div class=\"child_page-container\"><div class=\"post_thumb\"><a href=\"https:\/\/concurso.ifbaiano.edu.br\/portal\/ensino-ciencias-naturais-matematica\/pagina-inicial\/homologacao\/\"><\/a><\/div><div class=\"post_content\"><h4><a href=\"https:\/\/concurso.ifbaiano.edu.br\/portal\/ensino-ciencias-naturais-matematica\/pagina-inicial\/homologacao\/\">Homologa\u00e7\u00e3o<\/a><\/h4><div class=\"post_excerpt\">Processo Seletivo O REITOR DO INSTITUTO FEDERAL DE EDUCA\u00c7\u00c3O, CI\u00caNCIA E TECNOLOGIA BAIANO, torna p\u00fablica a abertura das inscri\u00e7\u00f5es do Processo Seletivo Discente para ingresso no curso de P\u00f3s-Gradua\u00e7\u00e3o latu sensu em Ensino de Ci\u00eancias Naturais e Matem\u00e1tica a ser &hellip; <a href=\"https:\/\/concurso.ifbaiano.edu.br\/portal\/ensino-ciencias-naturais-matematica\/pagina-inicial\/homologacao\/\">Continue lendo <span class=\"meta-nav\">&rarr;<\/span><\/a><\/div><\/div><!-- .post_content  --><\/div><!-- .child_page-container --><\/div><!-- #child_page-7\" -->\n\n<div id=\"child_page-9\" class=\"child_page\" style=\"width:50%;max-width:100%;\"><div class=\"child_page-container\"><div class=\"post_thumb\"><a href=\"https:\/\/concurso.ifbaiano.edu.br\/portal\/ensino-ciencias-naturais-matematica\/pagina-inicial\/editais\/\"><\/a><\/div><div class=\"post_content\"><h4><a href=\"https:\/\/concurso.ifbaiano.edu.br\/portal\/ensino-ciencias-naturais-matematica\/pagina-inicial\/editais\/\">Editais e Homologa\u00e7\u00f5es<\/a><\/h4><div class=\"post_excerpt\">Nova convoca\u00e7\u00e3o 16\/03\/2017 &#8211;\u00a0Nota Informativa sobre Matr\u00edcula 02 16\/03\/2017 &#8211;\u00a0Convoca\u00e7\u00e3o de Classificados para Matr\u00edcula Homologa\u00e7\u00f5es 15\/03\/2017 &#8211; Formul\u00e1rio de Matr\u00edcula 14\/03\/2017 &#8211; Nota sobre Matr\u00edcula\u00a001 14\/03\/2017 &#8211; Homologa\u00e7\u00e3o do Resultado Final P\u00f3s-Recurso 09\/03\/2017 &#8211; Homolaca\u00e7\u00e3o\u00a0Preliminar do\u00a0Resultado\u00a0Final 07\/03\/2017 &#8211; Homologa\u00e7\u00e3o dos &hellip; <a href=\"https:\/\/concurso.ifbaiano.edu.br\/portal\/ensino-ciencias-naturais-matematica\/pagina-inicial\/editais\/\">Continue lendo <span class=\"meta-nav\">&rarr;<\/span><\/a><\/div><\/div><!-- .post_content  --><\/div><!-- .child_page-container --><\/div><!-- #child_page-9\" -->\n<\/div>\n","protected":false},"excerpt":{"rendered":"","protected":false},"author":30,"featured_media":0,"parent":0,"menu_order":0,"comment_status":"closed","ping_status":"closed","template":"","meta":[],"_links":{"self":[{"href":"https:\/\/concurso.ifbaiano.edu.br\/portal\/ensino-ciencias-naturais-matematica\/wp-json\/wp\/v2\/pages\/5"}],"collection":[{"href":"https:\/\/concurso.ifbaiano.edu.br\/portal\/ensino-ciencias-naturais-matematica\/wp-json\/wp\/v2\/pages"}],"about":[{"href":"https:\/\/concurso.ifbaiano.edu.br\/portal\/ensino-ciencias-naturais-matematica\/wp-json\/wp\/v2\/types\/page"}],"author":[{"embeddable":true,"href":"https:\/\/concurso.ifbaiano.edu.br\/portal\/ensino-ciencias-naturais-matematica\/wp-json\/wp\/v2\/users\/30"}],"replies":[{"embeddable":true,"href":"https:\/\/concurso.ifbaiano.edu.br\/portal\/ensino-ciencias-naturais-matematica\/wp-json\/wp\/v2\/comments?post=5"}],"version-history":[{"count":1,"href":"https:\/\/concurso.ifbaiano.edu.br\/portal\/ensino-ciencias-naturais-matematica\/wp-json\/wp\/v2\/pages\/5\/revisions"}],"predecessor-version":[{"id":6,"href":"https:\/\/concurso.ifbaiano.edu.br\/portal\/ensino-ciencias-naturais-matematica\/wp-json\/wp\/v2\/pages\/5\/revisions\/6"}],"wp:attachment":[{"href":"https:\/\/concurso.ifbaiano.edu.br\/portal\/ensino-ciencias-naturais-matematica\/wp-json\/wp\/v2\/media?parent=5"}],"curies":[{"name":"wp","href":"https:\/\/api.w.org\/{rel}","templated":true}]}}