{"id":26,"date":"2025-11-04T16:02:54","date_gmt":"2025-11-04T19:02:54","guid":{"rendered":"https:\/\/concurso.ifbaiano.edu.br\/portal\/eleicoes2025\/?page_id=26"},"modified":"2025-11-21T12:53:25","modified_gmt":"2025-11-21T15:53:25","slug":"campus-urucuca","status":"publish","type":"page","link":"https:\/\/concurso.ifbaiano.edu.br\/portal\/eleicoes2025\/campus-urucuca\/","title":{"rendered":"Campus Uru\u00e7uca"},"content":{"rendered":"\n<p>Candidaturas \u00e0 Diretoria Geral do Campus Uru\u00e7uca:<\/p>\n\n\n\n<div style=\"height:50px\" aria-hidden=\"true\" class=\"wp-block-spacer\"><\/div>\n\n\n\n<div class=\"wp-block-columns is-layout-flex wp-container-3\">\n<div class=\"wp-block-column is-layout-flow\">\n<figure class=\"wp-block-image size-full is-resized is-style-rounded\"><img decoding=\"async\" loading=\"lazy\" src=\"https:\/\/concurso.ifbaiano.edu.br\/portal\/eleicoes2025\/wp-content\/uploads\/sites\/1272\/2025\/11\/cinira.jpg\" alt=\"\" class=\"wp-image-176\" width=\"398\" height=\"352\"\/><\/figure>\n\n\n\n<p>Cinira de Ara\u00fajo<\/p>\n\n\n\n<p><strong><a href=\"https:\/\/concurso.ifbaiano.edu.br\/portal\/eleicoes2025\/wp-content\/uploads\/sites\/1272\/2025\/11\/Plano-de-Trabalho-Cinira-de-Araujo-Campus-Urucuca.pdf\" target=\"_blank\" rel=\"noreferrer noopener\">Plano de Trabalho<\/a><\/strong><\/p>\n<\/div>\n\n\n\n<div class=\"wp-block-column is-layout-flow\">\n<figure class=\"wp-block-image size-full is-resized is-style-rounded\"><img decoding=\"async\" loading=\"lazy\" src=\"https:\/\/concurso.ifbaiano.edu.br\/portal\/eleicoes2025\/wp-content\/uploads\/sites\/1272\/2025\/11\/joaovictor.jpg\" alt=\"\" class=\"wp-image-177\" width=\"261\" height=\"245\"\/><\/figure>\n\n\n\n<p>Jo\u00e3o Victor Santos<\/p>\n\n\n\n<p><strong><a href=\"https:\/\/concurso.ifbaiano.edu.br\/portal\/eleicoes2025\/wp-content\/uploads\/sites\/1272\/2025\/11\/Plano-de-Trabalho-Joao-Victor-Santos-Campus-Urucuca.pdf\" target=\"_blank\" rel=\"noreferrer noopener\">Plano de Trabalho<\/a><\/strong><\/p>\n<\/div>\n<\/div>\n","protected":false},"excerpt":{"rendered":"<p>Candidaturas \u00e0 Diretoria Geral do Campus Uru\u00e7uca: Cinira de Ara\u00fajo Plano de Trabalho Jo\u00e3o Victor Santos Plano de Trabalho<\/p>\n","protected":false},"author":30,"featured_media":0,"parent":0,"menu_order":0,"comment_status":"closed","ping_status":"closed","template":"","meta":[],"_links":{"self":[{"href":"https:\/\/concurso.ifbaiano.edu.br\/portal\/eleicoes2025\/wp-json\/wp\/v2\/pages\/26"}],"collection":[{"href":"https:\/\/concurso.ifbaiano.edu.br\/portal\/eleicoes2025\/wp-json\/wp\/v2\/pages"}],"about":[{"href":"https:\/\/concurso.ifbaiano.edu.br\/portal\/eleicoes2025\/wp-json\/wp\/v2\/types\/page"}],"author":[{"embeddable":true,"href":"https:\/\/concurso.ifbaiano.edu.br\/portal\/eleicoes2025\/wp-json\/wp\/v2\/users\/30"}],"replies":[{"embeddable":true,"href":"https:\/\/concurso.ifbaiano.edu.br\/portal\/eleicoes2025\/wp-json\/wp\/v2\/comments?post=26"}],"version-history":[{"count":6,"href":"https:\/\/concurso.ifbaiano.edu.br\/portal\/eleicoes2025\/wp-json\/wp\/v2\/pages\/26\/revisions"}],"predecessor-version":[{"id":185,"href":"https:\/\/concurso.ifbaiano.edu.br\/portal\/eleicoes2025\/wp-json\/wp\/v2\/pages\/26\/revisions\/185"}],"wp:attachment":[{"href":"https:\/\/concurso.ifbaiano.edu.br\/portal\/eleicoes2025\/wp-json\/wp\/v2\/media?parent=26"}],"curies":[{"name":"wp","href":"https:\/\/api.w.org\/{rel}","templated":true}]}}