{"id":26,"date":"2021-11-24T13:14:22","date_gmt":"2021-11-24T16:14:22","guid":{"rendered":"https:\/\/concurso.ifbaiano.edu.br\/portal\/eleicoes2021\/?page_id=26"},"modified":"2021-12-09T15:51:07","modified_gmt":"2021-12-09T18:51:07","slug":"campus-urucuca","status":"publish","type":"page","link":"https:\/\/concurso.ifbaiano.edu.br\/portal\/eleicoes2021\/campus-urucuca\/","title":{"rendered":"Campus Uru\u00e7uca"},"content":{"rendered":"\n<p> Candidaturas \u00e0 Diretoria Geral do Campus Uru\u00e7uca: <\/p>\n\n\n\n<div style=\"height:50px\" aria-hidden=\"true\" class=\"wp-block-spacer\"><\/div>\n\n\n\n<div class=\"wp-block-columns is-layout-flex wp-container-3\">\n<div class=\"wp-block-column is-layout-flow\">\n<div class=\"wp-block-image\"><figure class=\"aligncenter size-full\"><img decoding=\"async\" loading=\"lazy\" width=\"300\" height=\"300\" src=\"https:\/\/concurso.ifbaiano.edu.br\/portal\/eleicoes2021\/wp-content\/uploads\/sites\/518\/2021\/12\/foto-daniel-oliveira.png\" alt=\"\" class=\"wp-image-215\"\/><\/figure><\/div>\n\n\n\n<p>Daniel Oliveira<\/p>\n\n\n\n<p><strong><a href=\"https:\/\/concurso.ifbaiano.edu.br\/portal\/eleicoes2021\/wp-content\/uploads\/sites\/518\/2021\/12\/Plano-de-Trabalho-Daniel-Oliveira-Campus-Urucuca.pdf\" target=\"_blank\" rel=\"noreferrer noopener\">Plano de Trabalho<\/a><\/strong><\/p>\n<\/div>\n\n\n\n<div class=\"wp-block-column is-layout-flow\">\n<div class=\"wp-block-image\"><figure class=\"aligncenter size-full\"><img decoding=\"async\" loading=\"lazy\" width=\"300\" height=\"300\" src=\"https:\/\/concurso.ifbaiano.edu.br\/portal\/eleicoes2021\/wp-content\/uploads\/sites\/518\/2021\/12\/foto-josue-oliveira.png\" alt=\"\" class=\"wp-image-216\"\/><\/figure><\/div>\n\n\n\n<p>Josu\u00e9 Oliveira<\/p>\n\n\n\n<p><strong><a href=\"https:\/\/concurso.ifbaiano.edu.br\/portal\/eleicoes2021\/wp-content\/uploads\/sites\/518\/2021\/12\/Plano-de-Trabalho-Josue-Oliveira-Campus-Urucuca.pdf\" target=\"_blank\" rel=\"noreferrer noopener\">Plano de Trabalho<\/a><\/strong><\/p>\n<\/div>\n<\/div>\n","protected":false},"excerpt":{"rendered":"<p>Candidaturas \u00e0 Diretoria Geral do Campus Uru\u00e7uca: Daniel Oliveira Plano de Trabalho Josu\u00e9 Oliveira Plano de Trabalho<\/p>\n","protected":false},"author":30,"featured_media":0,"parent":0,"menu_order":0,"comment_status":"closed","ping_status":"closed","template":"","meta":[],"_links":{"self":[{"href":"https:\/\/concurso.ifbaiano.edu.br\/portal\/eleicoes2021\/wp-json\/wp\/v2\/pages\/26"}],"collection":[{"href":"https:\/\/concurso.ifbaiano.edu.br\/portal\/eleicoes2021\/wp-json\/wp\/v2\/pages"}],"about":[{"href":"https:\/\/concurso.ifbaiano.edu.br\/portal\/eleicoes2021\/wp-json\/wp\/v2\/types\/page"}],"author":[{"embeddable":true,"href":"https:\/\/concurso.ifbaiano.edu.br\/portal\/eleicoes2021\/wp-json\/wp\/v2\/users\/30"}],"replies":[{"embeddable":true,"href":"https:\/\/concurso.ifbaiano.edu.br\/portal\/eleicoes2021\/wp-json\/wp\/v2\/comments?post=26"}],"version-history":[{"count":3,"href":"https:\/\/concurso.ifbaiano.edu.br\/portal\/eleicoes2021\/wp-json\/wp\/v2\/pages\/26\/revisions"}],"predecessor-version":[{"id":217,"href":"https:\/\/concurso.ifbaiano.edu.br\/portal\/eleicoes2021\/wp-json\/wp\/v2\/pages\/26\/revisions\/217"}],"wp:attachment":[{"href":"https:\/\/concurso.ifbaiano.edu.br\/portal\/eleicoes2021\/wp-json\/wp\/v2\/media?parent=26"}],"curies":[{"name":"wp","href":"https:\/\/api.w.org\/{rel}","templated":true}]}}