{"id":12,"date":"2021-11-24T13:12:42","date_gmt":"2021-11-24T16:12:42","guid":{"rendered":"https:\/\/concurso.ifbaiano.edu.br\/portal\/eleicoes2021\/?page_id=12"},"modified":"2021-12-14T14:42:53","modified_gmt":"2021-12-14T17:42:53","slug":"campus-guanambi","status":"publish","type":"page","link":"https:\/\/concurso.ifbaiano.edu.br\/portal\/eleicoes2021\/campus-guanambi\/","title":{"rendered":"Campus Guanambi"},"content":{"rendered":"\n<p> Candidaturas \u00e0 Diretoria Geral do Campus Guanambi: <\/p>\n\n\n\n<div style=\"height:50px\" aria-hidden=\"true\" class=\"wp-block-spacer\"><\/div>\n\n\n\n<div class=\"wp-block-columns is-layout-flex wp-container-3\">\n<div class=\"wp-block-column is-layout-flow\">\n<figure class=\"wp-block-image size-full\"><img decoding=\"async\" loading=\"lazy\" width=\"300\" height=\"300\" src=\"https:\/\/concurso.ifbaiano.edu.br\/portal\/eleicoes2021\/wp-content\/uploads\/sites\/518\/2021\/12\/foto-normane.png\" alt=\"\" class=\"wp-image-227\"\/><\/figure>\n\n\n\n<p>Normane Chaves<\/p>\n\n\n\n<p><strong><a rel=\"noreferrer noopener\" href=\"https:\/\/concurso.ifbaiano.edu.br\/portal\/eleicoes2021\/wp-content\/uploads\/sites\/518\/2021\/12\/Plano-de-Trabalho-Normane-Chaves-Campus-Guanambi.pdf\" target=\"_blank\">Plano de Trabalho<\/a><\/strong><\/p>\n\n\n\n<p><a href=\"https:\/\/concurso.ifbaiano.edu.br\/portal\/eleicoes2021\/wp-content\/uploads\/sites\/518\/2021\/12\/Direito-de-Resposta-da-Candidata-a-Direcao-Geral-do-Campus-Guanambi.pdf\" target=\"_blank\" rel=\"noreferrer noopener\">Direito de Resposta da Candidata \u00e0 Dire\u00e7\u00e3o Geral do\u00a0<em>Campus<\/em>\u00a0Guanambi<\/a><\/p>\n<\/div>\n\n\n\n<div class=\"wp-block-column is-layout-flow\">\n<figure class=\"wp-block-image size-full\"><img decoding=\"async\" loading=\"lazy\" width=\"300\" height=\"300\" src=\"https:\/\/concurso.ifbaiano.edu.br\/portal\/eleicoes2021\/wp-content\/uploads\/sites\/518\/2021\/12\/foro-carlito.png\" alt=\"\" class=\"wp-image-228\"\/><\/figure>\n\n\n\n<p>Carlito Filho<\/p>\n\n\n\n<p><a href=\"https:\/\/concurso.ifbaiano.edu.br\/portal\/eleicoes2021\/wp-content\/uploads\/sites\/518\/2021\/12\/Plano-de-Trabalho-Carlito-Filho-Campus-Guanambi.pdf\" target=\"_blank\" rel=\"noreferrer noopener\"><strong>Plano de Trabalho<\/strong><\/a><\/p>\n<\/div>\n<\/div>\n","protected":false},"excerpt":{"rendered":"<p>Candidaturas \u00e0 Diretoria Geral do Campus Guanambi: Normane Chaves Plano de Trabalho Direito de Resposta da Candidata \u00e0 Dire\u00e7\u00e3o Geral do\u00a0Campus\u00a0Guanambi Carlito Filho Plano de Trabalho<\/p>\n","protected":false},"author":30,"featured_media":0,"parent":0,"menu_order":0,"comment_status":"closed","ping_status":"closed","template":"","meta":[],"_links":{"self":[{"href":"https:\/\/concurso.ifbaiano.edu.br\/portal\/eleicoes2021\/wp-json\/wp\/v2\/pages\/12"}],"collection":[{"href":"https:\/\/concurso.ifbaiano.edu.br\/portal\/eleicoes2021\/wp-json\/wp\/v2\/pages"}],"about":[{"href":"https:\/\/concurso.ifbaiano.edu.br\/portal\/eleicoes2021\/wp-json\/wp\/v2\/types\/page"}],"author":[{"embeddable":true,"href":"https:\/\/concurso.ifbaiano.edu.br\/portal\/eleicoes2021\/wp-json\/wp\/v2\/users\/30"}],"replies":[{"embeddable":true,"href":"https:\/\/concurso.ifbaiano.edu.br\/portal\/eleicoes2021\/wp-json\/wp\/v2\/comments?post=12"}],"version-history":[{"count":4,"href":"https:\/\/concurso.ifbaiano.edu.br\/portal\/eleicoes2021\/wp-json\/wp\/v2\/pages\/12\/revisions"}],"predecessor-version":[{"id":262,"href":"https:\/\/concurso.ifbaiano.edu.br\/portal\/eleicoes2021\/wp-json\/wp\/v2\/pages\/12\/revisions\/262"}],"wp:attachment":[{"href":"https:\/\/concurso.ifbaiano.edu.br\/portal\/eleicoes2021\/wp-json\/wp\/v2\/media?parent=12"}],"curies":[{"name":"wp","href":"https:\/\/api.w.org\/{rel}","templated":true}]}}