{"id":25,"date":"2011-04-18T14:52:47","date_gmt":"2011-04-18T14:52:47","guid":{"rendered":"http:\/\/www.ifbaiano.edu.br\/portal\/discente20112\/?page_id=20"},"modified":"2013-07-26T14:14:34","modified_gmt":"2013-07-26T17:14:34","slug":"perguntas-frequentes","status":"publish","type":"page","link":"https:\/\/concurso.ifbaiano.edu.br\/portal\/discenteead20132\/perguntas-frequentes\/","title":{"rendered":"Perguntas Frequentes"},"content":{"rendered":"<p><strong>INSCRI\u00c7\u00c3O<\/strong><strong> <\/strong><\/p>\n<p><strong>1) Como posso efetuar minha inscri\u00e7\u00e3o?<\/strong><\/p>\n<p>Clique na op\u00e7\u00e3o <a title=\"Para iniciar o processo de inscri\u00e7\u00e3o\" href=\"http:\/\/concurso.ifbaiano.edu.br\/aplicacoes\/20132_ead\/\">Inscri\u00e7\u00e3o<\/a> existente no menu lateral.<strong> <\/strong><\/p>\n<p><strong>2) Posso me inscrever para mais de um curso?<\/strong><\/p>\n<p>N\u00e3o. O candidato s\u00f3 poder\u00e1 concorrer a uma das vagas ofertadas.<strong> <\/strong><\/p>\n<p><strong>3) Posso efetuar minha inscri\u00e7\u00e3o de forma presencial?<\/strong><\/p>\n<p>N\u00e3o. A inscri\u00e7\u00e3o no Processo Seletivo para Cursos T\u00e9cnicos \u00e0 Dist\u00e2ncia s\u00f3 poder\u00e1 ser realizada de forma on-line.<strong> <\/strong><\/p>\n<p><strong>4) Quem pode concorrer \u00e0s vagas ofertadas neste Processo Seletivo?<\/strong><\/p>\n<p>Por se tratar de Processo Seletivo para cursos subsequentes, somente podem concorrer \u00e0s vagas os candidatos que j\u00e1 conclu\u00edram o Ensino M\u00e9dio, ou que concluir\u00e3o at\u00e9 a data da matricula.<\/p>\n","protected":false},"excerpt":{"rendered":"<p>INSCRI\u00c7\u00c3O 1) Como posso efetuar minha inscri\u00e7\u00e3o? Clique na op\u00e7\u00e3o Inscri\u00e7\u00e3o existente no menu lateral. 2) Posso me inscrever para mais de um curso? N\u00e3o. O candidato s\u00f3 poder\u00e1 concorrer a uma das vagas ofertadas. 3) Posso efetuar minha inscri\u00e7\u00e3o &hellip; <a href=\"https:\/\/concurso.ifbaiano.edu.br\/portal\/discenteead20132\/perguntas-frequentes\/\">Continue lendo <span class=\"meta-nav\">&rarr;<\/span><\/a><\/p>\n","protected":false},"author":5,"featured_media":0,"parent":0,"menu_order":2,"comment_status":"closed","ping_status":"closed","template":"","meta":[],"_links":{"self":[{"href":"https:\/\/concurso.ifbaiano.edu.br\/portal\/discenteead20132\/wp-json\/wp\/v2\/pages\/25"}],"collection":[{"href":"https:\/\/concurso.ifbaiano.edu.br\/portal\/discenteead20132\/wp-json\/wp\/v2\/pages"}],"about":[{"href":"https:\/\/concurso.ifbaiano.edu.br\/portal\/discenteead20132\/wp-json\/wp\/v2\/types\/page"}],"author":[{"embeddable":true,"href":"https:\/\/concurso.ifbaiano.edu.br\/portal\/discenteead20132\/wp-json\/wp\/v2\/users\/5"}],"replies":[{"embeddable":true,"href":"https:\/\/concurso.ifbaiano.edu.br\/portal\/discenteead20132\/wp-json\/wp\/v2\/comments?post=25"}],"version-history":[{"count":4,"href":"https:\/\/concurso.ifbaiano.edu.br\/portal\/discenteead20132\/wp-json\/wp\/v2\/pages\/25\/revisions"}],"predecessor-version":[{"id":519,"href":"https:\/\/concurso.ifbaiano.edu.br\/portal\/discenteead20132\/wp-json\/wp\/v2\/pages\/25\/revisions\/519"}],"wp:attachment":[{"href":"https:\/\/concurso.ifbaiano.edu.br\/portal\/discenteead20132\/wp-json\/wp\/v2\/media?parent=25"}],"curies":[{"name":"wp","href":"https:\/\/api.w.org\/{rel}","templated":true}]}}