{"id":18,"date":"2011-04-18T14:49:31","date_gmt":"2011-04-18T14:49:31","guid":{"rendered":"http:\/\/www.ifbaiano.edu.br\/portal\/discente20112\/?page_id=18"},"modified":"2013-07-24T18:10:39","modified_gmt":"2013-07-24T21:10:39","slug":"instrucoes","status":"publish","type":"page","link":"https:\/\/concurso.ifbaiano.edu.br\/portal\/discenteead20132\/instrucoes\/","title":{"rendered":"Instru\u00e7\u00f5es"},"content":{"rendered":"<p><span style=\"color: #0a8a04\"><strong>01. Instru\u00e7\u00f5es para EFETUAR UMA NOVA INSCRI\u00c7\u00c3O<br \/>\n<\/strong><\/span><\/p>\n<ul>\n<li><strong>Passo 01: <\/strong>Acessar o item <strong>Inscri\u00e7\u00e3o<\/strong> do menu.<\/li>\n<li><strong>Passo 02: <\/strong>Clicar no link para acessar o <strong>Sistema de Inscri\u00e7\u00e3o<\/strong>.<\/li>\n<li><strong>Passo 03: <\/strong>Acessar o item <strong>Nova Inscri\u00e7\u00e3o<\/strong> do menu.<\/li>\n<li><strong>Passo 04: <\/strong>Clicar no link de <strong>Requerimento de Inscri\u00e7\u00e3o<\/strong>.<\/li>\n<li><strong>Passo 05: <\/strong>Preencher os <strong>dados do formul\u00e1rio<\/strong> com as informa\u00e7\u00f5es do candidato.<\/li>\n<li><strong>Passo 06: <\/strong>Confirmar e gravar os <strong>dados do candidato<\/strong>.<\/li>\n<li><strong>Passo 07: <\/strong>Imprimir a <strong>ficha de inscri\u00e7\u00e3o<\/strong>.<\/li>\n<p><strong><em>Assista ao v\u00eddeo explicativo sobre como EFETUAR UMA INSCRI\u00c7\u00c3O:<\/em><\/strong> <a href=\"http:\/\/www.ifbaiano.edu.br\/concursos\/videos\/inscricaodiscente\/inscricao.html\" target=\"_blank\"> Clique AQUI<\/a><\/ul>\n<p><span style=\"color: #0a8a04\"><strong>02. Instru\u00e7\u00f5es para ALTERAR DADOS CADASTRAIS ou IMPRIMIR A FICHA INSCRI\u00c7\u00c3O<br \/>\n<\/strong><\/span><\/p>\n<ul>\n<li><strong>Passo 01: <\/strong>Acessar o item <strong>Inscri\u00e7\u00e3o<\/strong> do menu.<\/li>\n<li><strong>Passo 02: <\/strong>Clicar no link para acessar o <strong>Sistema de Inscri\u00e7\u00e3o<\/strong>.<\/li>\n<li><strong>Passo 03: <\/strong>Acessar o item <strong>Alterar \/ Imprimir Inscri\u00e7\u00e3o<\/strong> do menu.<\/li>\n<li><strong>Passo 04: <\/strong>Inserir o <strong>CPF do candidato<\/strong> e a sua respectiva <strong>senha <\/strong>e clicar no bot\u00e3o Acessar<strong><\/strong>.<\/li>\n<li><strong>Passo 05: <\/strong>Clicar no link <strong>Editar Inscri\u00e7\u00e3o<\/strong> para efetuar qualquer altera\u00e7\u00e3o nos dados cadastrais do candidato.<\/li>\n<li><strong>Passo 06: <\/strong>Clicar no link <strong>Imprimir Ficha de Inscri\u00e7\u00e3o<\/strong> para reimprimir a ficha de inscri\u00e7\u00e3o.<\/li>\n<p><strong><em>Assista ao v\u00eddeo explicativo sobre como ALTERAR \/ IMPRIMIR INSCRI\u00c7\u00c3O:<\/em><\/strong> <a href=\"http:\/\/www.ifbaiano.edu.br\/concursos\/videos\/edicaodiscente\/edicao.html\" target=\"_blank\"> Clique AQUI<\/a><\/ul>\n<p><span style=\"color: #0a8a04\"><strong>03. Instru\u00e7\u00f5es para RECUPERAR A SENHA DO CANDIDATO<br \/>\n<\/strong><\/span><\/p>\n<ul>\n<li><strong>Passo 01: <\/strong>Acessar o item <strong>Inscri\u00e7\u00e3o<\/strong> do menu.<\/li>\n<li><strong>Passo 02: <\/strong>Clicar no link para acessar o <strong>Sistema de Inscri\u00e7\u00e3o<\/strong>.<\/li>\n<li><strong>Passo 03: <\/strong>Acessar o item <strong>Recuperar Senha<\/strong> do menu.<\/li>\n<li><strong>Passo 04: <\/strong>Inserir o <strong>CPF do candidato<\/strong> e clicar no bot\u00e3o Enviar.<\/li>\n<li><strong>Passo 05: <\/strong>A senha ser\u00e1 enviada para o<strong> endere\u00e7o eletr\u00f4nico <\/strong>que o candidato informou no momento da inscri\u00e7\u00e3o.<\/li>\n<p><strong><em>Assista ao v\u00eddeo explicativo sobre como RECUPERAR SENHA:<\/em><\/strong> <a href=\"http:\/\/www.ifbaiano.edu.br\/concursos\/videos\/senhadiscente\/recuperacao.html\" target=\"_blank\"> Clique AQUI<\/a><\/ul>\n","protected":false},"excerpt":{"rendered":"<p>01. Instru\u00e7\u00f5es para EFETUAR UMA NOVA INSCRI\u00c7\u00c3O Passo 01: Acessar o item Inscri\u00e7\u00e3o do menu. Passo 02: Clicar no link para acessar o Sistema de Inscri\u00e7\u00e3o. Passo 03: Acessar o item Nova Inscri\u00e7\u00e3o do menu. Passo 04: Clicar no link &hellip; <a href=\"https:\/\/concurso.ifbaiano.edu.br\/portal\/discenteead20132\/instrucoes\/\">Continue lendo <span class=\"meta-nav\">&rarr;<\/span><\/a><\/p>\n","protected":false},"author":5,"featured_media":0,"parent":0,"menu_order":0,"comment_status":"closed","ping_status":"closed","template":"","meta":[],"_links":{"self":[{"href":"https:\/\/concurso.ifbaiano.edu.br\/portal\/discenteead20132\/wp-json\/wp\/v2\/pages\/18"}],"collection":[{"href":"https:\/\/concurso.ifbaiano.edu.br\/portal\/discenteead20132\/wp-json\/wp\/v2\/pages"}],"about":[{"href":"https:\/\/concurso.ifbaiano.edu.br\/portal\/discenteead20132\/wp-json\/wp\/v2\/types\/page"}],"author":[{"embeddable":true,"href":"https:\/\/concurso.ifbaiano.edu.br\/portal\/discenteead20132\/wp-json\/wp\/v2\/users\/5"}],"replies":[{"embeddable":true,"href":"https:\/\/concurso.ifbaiano.edu.br\/portal\/discenteead20132\/wp-json\/wp\/v2\/comments?post=18"}],"version-history":[{"count":4,"href":"https:\/\/concurso.ifbaiano.edu.br\/portal\/discenteead20132\/wp-json\/wp\/v2\/pages\/18\/revisions"}],"predecessor-version":[{"id":517,"href":"https:\/\/concurso.ifbaiano.edu.br\/portal\/discenteead20132\/wp-json\/wp\/v2\/pages\/18\/revisions\/517"}],"wp:attachment":[{"href":"https:\/\/concurso.ifbaiano.edu.br\/portal\/discenteead20132\/wp-json\/wp\/v2\/media?parent=18"}],"curies":[{"name":"wp","href":"https:\/\/api.w.org\/{rel}","templated":true}]}}