{"id":14,"date":"2011-04-18T14:48:22","date_gmt":"2011-04-18T14:48:22","guid":{"rendered":"http:\/\/www.ifbaiano.edu.br\/portal\/discente20112\/?page_id=14"},"modified":"2013-07-26T14:30:15","modified_gmt":"2013-07-26T17:30:15","slug":"contato","status":"publish","type":"page","link":"https:\/\/concurso.ifbaiano.edu.br\/portal\/discenteead20132\/contato\/","title":{"rendered":"Contato"},"content":{"rendered":"<p><strong>Comiss\u00e3o do Processo Seletivo para Ingresso de Estudantes &#8211; 2013.2<\/strong><br \/>\n<strong>E-mail: <\/strong>selecaoead2013@ifbaiano.edu.br<br \/>\n<strong>Endere\u00e7o: <\/strong>Rua do Rouxinol, 115 &#8211; Imbu\u00ed<br \/>\nCEP: 41.720-052 &#8211; Salvador-BA<\/p>\n","protected":false},"excerpt":{"rendered":"<p>Comiss\u00e3o do Processo Seletivo para Ingresso de Estudantes &#8211; 2013.2 E-mail: selecaoead2013@ifbaiano.edu.br Endere\u00e7o: Rua do Rouxinol, 115 &#8211; Imbu\u00ed CEP: 41.720-052 &#8211; Salvador-BA<\/p>\n","protected":false},"author":5,"featured_media":0,"parent":0,"menu_order":3,"comment_status":"closed","ping_status":"closed","template":"","meta":[],"_links":{"self":[{"href":"https:\/\/concurso.ifbaiano.edu.br\/portal\/discenteead20132\/wp-json\/wp\/v2\/pages\/14"}],"collection":[{"href":"https:\/\/concurso.ifbaiano.edu.br\/portal\/discenteead20132\/wp-json\/wp\/v2\/pages"}],"about":[{"href":"https:\/\/concurso.ifbaiano.edu.br\/portal\/discenteead20132\/wp-json\/wp\/v2\/types\/page"}],"author":[{"embeddable":true,"href":"https:\/\/concurso.ifbaiano.edu.br\/portal\/discenteead20132\/wp-json\/wp\/v2\/users\/5"}],"replies":[{"embeddable":true,"href":"https:\/\/concurso.ifbaiano.edu.br\/portal\/discenteead20132\/wp-json\/wp\/v2\/comments?post=14"}],"version-history":[{"count":6,"href":"https:\/\/concurso.ifbaiano.edu.br\/portal\/discenteead20132\/wp-json\/wp\/v2\/pages\/14\/revisions"}],"predecessor-version":[{"id":521,"href":"https:\/\/concurso.ifbaiano.edu.br\/portal\/discenteead20132\/wp-json\/wp\/v2\/pages\/14\/revisions\/521"}],"wp:attachment":[{"href":"https:\/\/concurso.ifbaiano.edu.br\/portal\/discenteead20132\/wp-json\/wp\/v2\/media?parent=14"}],"curies":[{"name":"wp","href":"https:\/\/api.w.org\/{rel}","templated":true}]}}