{"id":12,"date":"2011-04-18T14:47:49","date_gmt":"2011-04-18T17:47:49","guid":{"rendered":"http:\/\/www.ifbaiano.edu.br\/portal\/discente20112\/?page_id=12"},"modified":"2013-08-14T15:18:57","modified_gmt":"2013-08-14T18:18:57","slug":"coluna1","status":"publish","type":"page","link":"https:\/\/concurso.ifbaiano.edu.br\/portal\/discenteead20132\/pagina-inicial\/coluna1\/","title":{"rendered":"Coluna 1 &#8211; O Processo Seletivo"},"content":{"rendered":"<p class=\"inicial-titulo\" style=\"text-align: left\">O Processo Seletivo<\/p>\n<p style=\"text-align: justify\">O Reitor do <strong>Instituto Federal de Educa\u00e7\u00e3o, Ci\u00eancia e Tecnologia Baiano &#8211; IF Baiano<\/strong>, no uso de suas atribui\u00e7\u00f5es legais, torna p\u00fablica a abertura das inscri\u00e7\u00f5es, <strong>no per\u00edodo de 07 de agosto de 2013 a 26 de agosto de 2013<\/strong>, do Processo Seletivo para Ingresso de Estudantes no segundo semestre de 2013, nos Cursos da Educa\u00e7\u00e3o Profissional T\u00e9cnica de N\u00edvel M\u00e9dio Subsequente, na modalidade a dist\u00e2ncia, em conv\u00eanio com o Instituto Federal de Educa\u00e7\u00e3o, Ci\u00eancia e Tecnologia do Paran\u00e1 \u2013 IFPR: T\u00e9cnico em Agente Comunit\u00e1rio de Sa\u00fade, T\u00e9cnico em Hospedagem e T\u00e9cnico em Transa\u00e7\u00f5es Imobili\u00e1rias, para os Polos conforme Edital n\u00ba 94\/2013.<\/p>\n<p class=\"inicial-titulo\">Cursos e Modalidade<\/p>\n<p style=\"text-align: justify\">O IF Baiano tem como objeto, atrav\u00e9s deste Edital, ofertar cursos na MODALIDADE A DIST\u00c2NCIA (EAD), destinados a candidatos que conclu\u00edram o Ensino M\u00e9dio ou equivalente, prevista no Decreto n\u00ba 5.154\/2004. As informa\u00e7\u00f5es sobre os cursos, locais de oferta, turno, quantitativos e reservas de vagas, est\u00e3o descritos no presente Edital.<\/p>\n<p class=\"inicial-titulo\">Vagas<\/p>\n<p style=\"text-align: justify\">As vagas para os Cursos da Educa\u00e7\u00e3o Profissional T\u00e9cnica de N\u00edvel M\u00e9dio Subsequente, na Modalidade a Dist\u00e2ncia (EAD) est\u00e3o dispostas no Anexo I deste Edital.<\/p>\n<p class=\"inicial-titulo\">Inscri\u00e7\u00f5es<\/p>\n<p style=\"text-align: justify\">A inscri\u00e7\u00e3o neste Processo Seletivo dar-se-\u00e1 exclusivamente via Internet, atrav\u00e9s do endere\u00e7o eletr\u00f4nico: concursos.ifbaiano.edu.br, no per\u00edodo de <strong>no per\u00edodo de 07 de agosto de 2013 a 26 de agosto de 2013<\/strong><strong> \u00e0s 23h59min<\/strong>.<\/p>\n","protected":false},"excerpt":{"rendered":"<p>O Processo Seletivo O Reitor do Instituto Federal de Educa\u00e7\u00e3o, Ci\u00eancia e Tecnologia Baiano &#8211; IF Baiano, no uso de suas atribui\u00e7\u00f5es legais, torna p\u00fablica a abertura das inscri\u00e7\u00f5es, no per\u00edodo de 07 de agosto de 2013 a 26 de &hellip; <a href=\"https:\/\/concurso.ifbaiano.edu.br\/portal\/discenteead20132\/pagina-inicial\/coluna1\/\">Continue lendo <span class=\"meta-nav\">&rarr;<\/span><\/a><\/p>\n","protected":false},"author":5,"featured_media":0,"parent":7,"menu_order":1,"comment_status":"closed","ping_status":"closed","template":"","meta":[],"_links":{"self":[{"href":"https:\/\/concurso.ifbaiano.edu.br\/portal\/discenteead20132\/wp-json\/wp\/v2\/pages\/12"}],"collection":[{"href":"https:\/\/concurso.ifbaiano.edu.br\/portal\/discenteead20132\/wp-json\/wp\/v2\/pages"}],"about":[{"href":"https:\/\/concurso.ifbaiano.edu.br\/portal\/discenteead20132\/wp-json\/wp\/v2\/types\/page"}],"author":[{"embeddable":true,"href":"https:\/\/concurso.ifbaiano.edu.br\/portal\/discenteead20132\/wp-json\/wp\/v2\/users\/5"}],"replies":[{"embeddable":true,"href":"https:\/\/concurso.ifbaiano.edu.br\/portal\/discenteead20132\/wp-json\/wp\/v2\/comments?post=12"}],"version-history":[{"count":10,"href":"https:\/\/concurso.ifbaiano.edu.br\/portal\/discenteead20132\/wp-json\/wp\/v2\/pages\/12\/revisions"}],"predecessor-version":[{"id":500,"href":"https:\/\/concurso.ifbaiano.edu.br\/portal\/discenteead20132\/wp-json\/wp\/v2\/pages\/12\/revisions\/500"}],"up":[{"embeddable":true,"href":"https:\/\/concurso.ifbaiano.edu.br\/portal\/discenteead20132\/wp-json\/wp\/v2\/pages\/7"}],"wp:attachment":[{"href":"https:\/\/concurso.ifbaiano.edu.br\/portal\/discenteead20132\/wp-json\/wp\/v2\/media?parent=12"}],"curies":[{"name":"wp","href":"https:\/\/api.w.org\/{rel}","templated":true}]}}