{"id":25,"date":"2011-04-18T14:52:47","date_gmt":"2011-04-18T14:52:47","guid":{"rendered":"http:\/\/www.ifbaiano.edu.br\/portal\/discente20112\/?page_id=20"},"modified":"2015-09-21T17:04:07","modified_gmt":"2015-09-21T17:04:07","slug":"perguntas-frequentes","status":"publish","type":"page","link":"https:\/\/concurso.ifbaiano.edu.br\/portal\/discente20161\/perguntas-frequentes\/","title":{"rendered":"Perguntas Frequentes"},"content":{"rendered":"<p><strong>1. <\/strong><strong>Como posso efetuar minha inscri\u00e7\u00e3o?<\/strong><\/p>\n<p><strong> <\/strong><em>Os candidatos aos cursos ofertados na forma INTEGRADA e SUBSEQUENTE devem acessar o site concursos.ifbaiano.edu.br e seguir o link instru\u00e7\u00f5es ou procurar a Comiss\u00e3o Local do processo seletivo.<\/p>\n<p><p>\nOs candidatos aos cursos ofertados pelo PROEJA devem realizar a inscri\u00e7\u00e3o presencialmente no campus do curso escolhido.<\/em><\/p>\n<p><strong>2. <\/strong><strong>Posso me inscrever para mais de um curso?<\/strong><strong><br \/>\n<\/strong><\/p>\n<p><em>N\u00e3o. O candidato s\u00f3 poder\u00e1 concorrer a uma das vagas ofertadas.<\/em><\/p>\n<p><strong>3. <\/strong><strong>Ainda estou cursando o \u00faltimo ano do Ensino Fundamental ou o \u00faltimo ano do Ensino M\u00e9dio, posso me inscrever no Processo Seletivo Unificado do IF Baiano \u2013 2016?<\/strong><br \/>\n<strong> <\/strong><\/p>\n<p><em>Sim. O candidato que estiver cursando, no ato da inscri\u00e7\u00e3o, o 9\u00ba ano do Ensino Fundamental ou o 3\u00ba ano do Ensino M\u00e9dio, poder\u00e1 se candidatar a uma das vagas dos cursos ofertados, desde que apresente a declara\u00e7\u00e3o ou boletim escolar solicitado nos subitens 5.7 e 5.8 do edital <\/em><\/p>\n<p><strong>4. <\/strong><strong>Quais documentos necess\u00e1rios para confirmar a inscri\u00e7\u00e3o no Processo Seletivo Unificado do IF Baiano \u2013 2016?<\/strong><br \/>\n<strong> <\/strong><\/p>\n<p><em>Para os cursos da forma <strong>INTEGRADA<\/strong> e <strong>SUBSEQUENTE<\/strong> s\u00e3o:<\/p>\n<p>\na) Documento de identifica\u00e7\u00e3o OU Certid\u00e3o de Nascimento (c\u00f3pia simples);<\/p>\n<p>\nb) CPF (c\u00f3pia simples);<\/p>\n<p>\nc) Hist\u00f3rico escolar:<\/p>\n<p>\nI) Para os que j\u00e1 conclu\u00edram o n\u00edvel de ensino exigido: c\u00f3pia simples do Hist\u00f3rico acompanhada do original. Em caso de envio pelos correios a c\u00f3pia dever\u00e1 ser autenticada;<\/p>\n<p>\nII) Para os que est\u00e3o cursando o \u00faltimo ano do n\u00edvel de ensino exigido:<\/p>\n<p>\n\u2013 Declara\u00e7\u00e3o da Escola com as notas de L\u00edngua Portuguesa e Matem\u00e1tica, abrangendo o per\u00edodo solicitado, emitida pela institui\u00e7\u00e3o de ensino; OU<\/p>\n<p>\n\u2013 Declara\u00e7\u00e3o da Escola na forma do modelo no anexo VI do edital; OU<\/p>\n<p>\n\u2013 Boletins Escolares abrangendo o per\u00edodo solicitado devidamente autenticados pela institui\u00e7\u00e3o de ensino (c\u00f3pia simples acompanhada do original. Em caso de envio pelos correios a c\u00f3pia dever\u00e1 ser autenticada)<\/p>\n<p>Para o <strong>PROEJA<\/strong>:<\/p>\n<p>\na) Documento de identifica\u00e7\u00e3o OU Certid\u00e3o de Nascimento (c\u00f3pia simples);<\/p>\n<p>\nb) CPF (c\u00f3pia simples);<\/p>\n<p> <\/em><\/p>\n<p><strong>5. <\/strong><strong>Posso efetuar a minha inscri\u00e7\u00e3o sem possuir CPF?<\/strong><\/p>\n<p><strong> <\/strong><\/p>\n<p><strong> <\/strong><\/p>\n<p><em> N\u00e3o. O CPF \u00e9 um campo de preenchimento obrigat\u00f3rio do requerimento de inscri\u00e7\u00e3o. Caso o candidato n\u00e3o possua o n\u00famero, dever\u00e1 se dirigir a uma das ag\u00eancias dos Correios, Banco do Brasil ou Caixa Econ\u00f4mica e solicitar a emiss\u00e3o do documento, assim receber\u00e1 um protocolo com o n\u00famero.<\/em><\/p>\n<p><strong>6. <\/strong><strong>Posso utilizar o CPF de uma outra pessoa para me inscrever neste Processo Seletivo?<\/strong><\/p>\n<p><em>N\u00e3o. O \u00fanico documento v\u00e1lido para esse fim ser\u00e1 o seu pr\u00f3prio CPF, desta forma o candidato <strong>n\u00e3o poder\u00e1<\/strong> utilizar o CPF de seu pai, sua m\u00e3e, de qualquer parente para a sua inscri\u00e7\u00e3o.<\/em><\/p>\n","protected":false},"excerpt":{"rendered":"<p>1. Como posso efetuar minha inscri\u00e7\u00e3o? Os candidatos aos cursos ofertados na forma INTEGRADA e SUBSEQUENTE devem acessar o site concursos.ifbaiano.edu.br e seguir o link instru\u00e7\u00f5es ou procurar a Comiss\u00e3o Local do processo seletivo. Os candidatos aos cursos ofertados pelo &hellip; <a href=\"https:\/\/concurso.ifbaiano.edu.br\/portal\/discente20161\/perguntas-frequentes\/\">Continue lendo <span class=\"meta-nav\">&rarr;<\/span><\/a><\/p>\n","protected":false},"author":5,"featured_media":0,"parent":0,"menu_order":2,"comment_status":"closed","ping_status":"closed","template":"","meta":[],"_links":{"self":[{"href":"https:\/\/concurso.ifbaiano.edu.br\/portal\/discente20161\/wp-json\/wp\/v2\/pages\/25"}],"collection":[{"href":"https:\/\/concurso.ifbaiano.edu.br\/portal\/discente20161\/wp-json\/wp\/v2\/pages"}],"about":[{"href":"https:\/\/concurso.ifbaiano.edu.br\/portal\/discente20161\/wp-json\/wp\/v2\/types\/page"}],"author":[{"embeddable":true,"href":"https:\/\/concurso.ifbaiano.edu.br\/portal\/discente20161\/wp-json\/wp\/v2\/users\/5"}],"replies":[{"embeddable":true,"href":"https:\/\/concurso.ifbaiano.edu.br\/portal\/discente20161\/wp-json\/wp\/v2\/comments?post=25"}],"version-history":[{"count":9,"href":"https:\/\/concurso.ifbaiano.edu.br\/portal\/discente20161\/wp-json\/wp\/v2\/pages\/25\/revisions"}],"predecessor-version":[{"id":674,"href":"https:\/\/concurso.ifbaiano.edu.br\/portal\/discente20161\/wp-json\/wp\/v2\/pages\/25\/revisions\/674"}],"wp:attachment":[{"href":"https:\/\/concurso.ifbaiano.edu.br\/portal\/discente20161\/wp-json\/wp\/v2\/media?parent=25"}],"curies":[{"name":"wp","href":"https:\/\/api.w.org\/{rel}","templated":true}]}}