{"id":16,"date":"2011-04-18T14:48:50","date_gmt":"2011-04-18T14:48:50","guid":{"rendered":"http:\/\/www.ifbaiano.edu.br\/portal\/discente20112\/?page_id=16"},"modified":"2015-11-30T18:00:04","modified_gmt":"2015-11-30T18:00:04","slug":"inscricao","status":"publish","type":"page","link":"https:\/\/concurso.ifbaiano.edu.br\/portal\/discente20161\/inscricao\/","title":{"rendered":"Inscri\u00e7\u00e3o"},"content":{"rendered":"<p class=\"inicial-titulo\" style=\"text-align: left\">Integrado e Subsequente<\/p>\n<p><a href=\"http:\/\/concurso.ifbaiano.edu.br\/aplicacoes\/20161_discente\/\" target=\"_blank\">Clique AQUI<\/a> para acessar o Sistema de Inscri\u00e7\u00e3o Eletr\u00f4nica<\/a><\/p>\n<p class=\"inicial-titulo\" style=\"text-align: left\">PROEJA<\/p>\n<p><a href=\"http:\/\/concurso.ifbaiano.edu.br\/portal\/discente20161\/wp-content\/uploads\/sites\/26\/2015\/09\/Formul\u00e1rio-de-inscri\u00e7\u00e3o-e-question\u00e1rio-socioecon\u00f4mico-_PROEJA.pdf\" target=\"_blank\">Clique AQUI<\/a> para acessar o Formul\u00e1rio de Inscri\u00e7\u00e3o e Question\u00e1rio Socioecon\u00f4mico para IMPRESS\u00c3O<\/a><\/p>\n<p class=\"inicial-titulo\" style=\"text-align: left\">Inscri\u00e7\u00f5es homologadas e n\u00e3o homologadas &#8211; PROEJA<\/p>\n<p>30\/11\/2015 &#8211; <a href=\"http:\/\/concurso.ifbaiano.edu.br\/portal\/discente20161\/wp-content\/uploads\/sites\/26\/2015\/11\/Rela\u00e7\u00e3o-de-Homologados-e-N\u00e3o-Homologados.pdf\" target=\"_blank\">Inscri\u00e7\u00f5es homologadas e n\u00e3o homologadas <\/strong><strong><span style=\"color: red\"><strong> NOVO<\/strong><\/span><\/p>\n","protected":false},"excerpt":{"rendered":"<p>Integrado e Subsequente Clique AQUI para acessar o Sistema de Inscri\u00e7\u00e3o Eletr\u00f4nica PROEJA Clique AQUI para acessar o Formul\u00e1rio de Inscri\u00e7\u00e3o e Question\u00e1rio Socioecon\u00f4mico para IMPRESS\u00c3O Inscri\u00e7\u00f5es homologadas e n\u00e3o homologadas &#8211; PROEJA 30\/11\/2015 &#8211; Inscri\u00e7\u00f5es homologadas e n\u00e3o homologadas &hellip; <a href=\"https:\/\/concurso.ifbaiano.edu.br\/portal\/discente20161\/inscricao\/\">Continue lendo <span class=\"meta-nav\">&rarr;<\/span><\/a><\/p>\n","protected":false},"author":5,"featured_media":0,"parent":0,"menu_order":1,"comment_status":"closed","ping_status":"closed","template":"","meta":[],"_links":{"self":[{"href":"https:\/\/concurso.ifbaiano.edu.br\/portal\/discente20161\/wp-json\/wp\/v2\/pages\/16"}],"collection":[{"href":"https:\/\/concurso.ifbaiano.edu.br\/portal\/discente20161\/wp-json\/wp\/v2\/pages"}],"about":[{"href":"https:\/\/concurso.ifbaiano.edu.br\/portal\/discente20161\/wp-json\/wp\/v2\/types\/page"}],"author":[{"embeddable":true,"href":"https:\/\/concurso.ifbaiano.edu.br\/portal\/discente20161\/wp-json\/wp\/v2\/users\/5"}],"replies":[{"embeddable":true,"href":"https:\/\/concurso.ifbaiano.edu.br\/portal\/discente20161\/wp-json\/wp\/v2\/comments?post=16"}],"version-history":[{"count":12,"href":"https:\/\/concurso.ifbaiano.edu.br\/portal\/discente20161\/wp-json\/wp\/v2\/pages\/16\/revisions"}],"predecessor-version":[{"id":768,"href":"https:\/\/concurso.ifbaiano.edu.br\/portal\/discente20161\/wp-json\/wp\/v2\/pages\/16\/revisions\/768"}],"wp:attachment":[{"href":"https:\/\/concurso.ifbaiano.edu.br\/portal\/discente20161\/wp-json\/wp\/v2\/media?parent=16"}],"curies":[{"name":"wp","href":"https:\/\/api.w.org\/{rel}","templated":true}]}}