{"id":15,"date":"2011-04-18T14:48:22","date_gmt":"2011-04-18T14:48:22","guid":{"rendered":"http:\/\/www.ifbaiano.edu.br\/portal\/discente20112\/?page_id=14"},"modified":"2015-09-21T14:00:45","modified_gmt":"2015-09-21T14:00:45","slug":"contato","status":"publish","type":"page","link":"https:\/\/concurso.ifbaiano.edu.br\/portal\/discente20161\/contato\/","title":{"rendered":"Contato"},"content":{"rendered":"<p><strong>Comiss\u00e3o do Processo Seletivo para Ingresso de Estudantes &#8211; 2016<\/strong><br \/>\n<strong>E-mail: <\/strong>prosel.2016.1@ifbaiano.edu.br<br \/>\n<strong>Hor\u00e1rio: <\/strong>Das 8:30 \u00e0s 11:30 e das 13:00 \u00e0s 17:00<\/p>\n<p><strong>OU PROCURE AS COMISS\u00d5ES LOCAIS NOS ENDERE\u00c7OS QUE CONSTAM NO ANEXO II DO EDITAL<\/strong><\/p>\n","protected":false},"excerpt":{"rendered":"<p>Comiss\u00e3o do Processo Seletivo para Ingresso de Estudantes &#8211; 2016 E-mail: prosel.2016.1@ifbaiano.edu.br Hor\u00e1rio: Das 8:30 \u00e0s 11:30 e das 13:00 \u00e0s 17:00 OU PROCURE AS COMISS\u00d5ES LOCAIS NOS ENDERE\u00c7OS QUE CONSTAM NO ANEXO II DO EDITAL<\/p>\n","protected":false},"author":5,"featured_media":0,"parent":0,"menu_order":3,"comment_status":"closed","ping_status":"closed","template":"","meta":[],"_links":{"self":[{"href":"https:\/\/concurso.ifbaiano.edu.br\/portal\/discente20161\/wp-json\/wp\/v2\/pages\/15"}],"collection":[{"href":"https:\/\/concurso.ifbaiano.edu.br\/portal\/discente20161\/wp-json\/wp\/v2\/pages"}],"about":[{"href":"https:\/\/concurso.ifbaiano.edu.br\/portal\/discente20161\/wp-json\/wp\/v2\/types\/page"}],"author":[{"embeddable":true,"href":"https:\/\/concurso.ifbaiano.edu.br\/portal\/discente20161\/wp-json\/wp\/v2\/users\/5"}],"replies":[{"embeddable":true,"href":"https:\/\/concurso.ifbaiano.edu.br\/portal\/discente20161\/wp-json\/wp\/v2\/comments?post=15"}],"version-history":[{"count":6,"href":"https:\/\/concurso.ifbaiano.edu.br\/portal\/discente20161\/wp-json\/wp\/v2\/pages\/15\/revisions"}],"predecessor-version":[{"id":634,"href":"https:\/\/concurso.ifbaiano.edu.br\/portal\/discente20161\/wp-json\/wp\/v2\/pages\/15\/revisions\/634"}],"wp:attachment":[{"href":"https:\/\/concurso.ifbaiano.edu.br\/portal\/discente20161\/wp-json\/wp\/v2\/media?parent=15"}],"curies":[{"name":"wp","href":"https:\/\/api.w.org\/{rel}","templated":true}]}}