{"id":9,"date":"2011-04-18T14:47:01","date_gmt":"2011-04-18T17:47:01","guid":{"rendered":"http:\/\/www.ifbaiano.edu.br\/portal\/discente20112\/?page_id=9"},"modified":"2015-08-31T12:16:02","modified_gmt":"2015-08-31T12:16:02","slug":"coluna2","status":"publish","type":"page","link":"https:\/\/concurso.ifbaiano.edu.br\/portal\/discente20152\/pagina-inicial\/coluna2\/","title":{"rendered":"Coluna 2 &#8211; Informa\u00e7\u00f5es"},"content":{"rendered":"<p class=\"inicial-titulo\" style=\"text-align: left;\">Informa\u00e7\u00f5es<\/p>\n<p>&nbsp;<\/p>\n<p class=\"inicial-titulo\" style=\"text-align: left;\">Editais e Retifica\u00e7\u00f5es<\/p>\n<p>17\/06\/2015 &#8211; <a href=\"http:\/\/concurso.ifbaiano.edu.br\/portal\/discente20152\/wp-content\/uploads\/sites\/23\/2015\/06\/Edital-43-20152.pdf\" target=\"_blank\">Edital de Abertura N\u00ba 043\/2015<\/a> <\/br><\/br><\/p>\n<p>17\/07\/2015 &#8211; <a href=\"http:\/\/concurso.ifbaiano.edu.br\/portal\/discente20152\/wp-content\/uploads\/sites\/23\/2015\/07\/Edital-Retificacao-048-2015.pdf\" target=\"_blank\">Edital de Retifica\u00e7\u00e3o N\u00ba 048\/2015<\/a><\/br><\/br><\/p>\n<p class=\"inicial-titulo\" style=\"text-align: left;\">Informes ao Candidato<\/p>\n<p>17\/06\/2015 &#8211; <a href=\"http:\/\/concurso.ifbaiano.edu.br\/portal\/discente20152\/wp-content\/uploads\/sites\/23\/2015\/06\/Cronograma-20152.pdf\" target=\"_blank\">Cronograma<\/a><\/p>\n<p>17\/07\/2015 &#8211; <a href=\"http:\/\/concurso.ifbaiano.edu.br\/portal\/discente20152\/wp-content\/uploads\/sites\/23\/2015\/07\/Cronograma-20152-15072015.pdf\" target=\"_blank\">Cronograma-Retificado<\/a><\/br><\/br><\/p>\n<p>22\/07\/2015 &#8211; <a href=\"http:\/\/concurso.ifbaiano.edu.br\/portal\/discente20152\/wp-content\/uploads\/sites\/23\/2015\/07\/ResultadoHomologacaoEscolaPublica.pdf\" target=\"_blank\">Resultado da solicita\u00e7\u00e3o para concorrer \u00e0s vagas de A\u00e7\u00f5es Afirmativas (Cotas)<\/a><\/br><\/br><\/p>\n<p>22\/07\/2015 &#8211; <a href=\"http:\/\/concurso.ifbaiano.edu.br\/portal\/discente20152\/wp-content\/uploads\/sites\/23\/2015\/07\/ResultadoHomologacaoPnee.pdf\" target=\"_blank\">Resultado da solicita\u00e7\u00e3o para concorrer \u00e0s vagas dos candidatos com necessidade espec\u00edfica<\/a><\/br><\/br><\/p>\n<p>23\/07\/2015 &#8211; <a href=\"http:\/\/concurso.ifbaiano.edu.br\/portal\/discente20152\/wp-content\/uploads\/sites\/23\/2015\/07\/ResultadoHomologacaoEscolaPublica-Retificado.pdf\" target=\"_blank\">Resultado da solicita\u00e7\u00e3o para concorrer \u00e0s vagas de A\u00e7\u00f5es Afirmativas (Cotas) &#8211; Retificado<\/a><\/br><\/br><\/p>\n<p class=\"inicial-titulo\" style=\"text-align: left;\">Homologa\u00e7\u00e3o das Inscri\u00e7\u00f5es<\/p>\n<p>27\/07\/2015 &#8211; <a href=\"http:\/\/concurso.ifbaiano.edu.br\/portal\/discente20152\/wp-content\/uploads\/sites\/23\/2015\/07\/Ampla-Concorr\u00eancia.pdf\" target=\"_blank\">Ampla Concorr\u00eancia<\/a><\/br><\/br><\/p>\n<p>27\/07\/2015 &#8211; <a href=\"http:\/\/concurso.ifbaiano.edu.br\/portal\/discente20152\/wp-content\/uploads\/sites\/23\/2015\/07\/PNEE.pdf\" target=\"_blank\">Candidatos com Necessidades Educacionais Espec\u00edficas<\/a><\/br><\/br><\/p>\n<p>27\/07\/2015 &#8211; <a href=\"http:\/\/concurso.ifbaiano.edu.br\/portal\/discente20152\/wp-content\/uploads\/sites\/23\/2015\/07\/Cota-Escola-P\u00fablica.pdf\" target=\"_blank\">A\u00e7\u00e3o Afirmativa Cotas &#8211; LEI N\u00ba 12.711, DE 29 DE AGOSTO DE 2012<\/a><\/br><\/br><\/p>\n<p>27\/07\/2015 &#8211; <a href=\"http:\/\/concurso.ifbaiano.edu.br\/portal\/discente20152\/wp-content\/uploads\/sites\/23\/2015\/07\/Cota-Escola-P\u00fablica1.pdf\" target=\"_blank\">A\u00e7\u00e3o Afirmativa Cotas &#8211; LEI N\u00ba 12.711, DE 29 DE AGOSTO DE 2012 &#8211; Retificado<\/a><\/br><\/br><\/p>\n<p class=\"inicial-titulo\" style=\"text-align: left;\">Resultado Final<\/p>\n<p>03\/08\/2015 &#8211; <a href=\"http:\/\/concurso.ifbaiano.edu.br\/portal\/discente20152\/wp-content\/uploads\/sites\/23\/2015\/08\/Resultado-Geral.pdf\" target=\"_blank\">Lista Geral de Aprovados\/Classificados<\/a><\/br><\/br><\/p>\n<p class=\"inicial-titulo\" style=\"text-align: left;\">Editais de Matr\u00edcula<\/p>\n<p>03\/08\/2015 &#8211; <a href=\"http:\/\/concurso.ifbaiano.edu.br\/portal\/discente20152\/wp-content\/uploads\/sites\/23\/2015\/08\/Edital.pdf\" target=\"_blank\">Valen\u00e7a<\/a><\/br><\/br><\/p>\n<p>03\/08\/2015 &#8211; <a href=\"http:\/\/concurso.ifbaiano.edu.br\/portal\/discente20152\/wp-content\/uploads\/sites\/23\/2015\/08\/Edital-de-Matr\u00edcula-2015.2.pdf\" target=\"_blank\">Teixeira de Freitas e Medeiros Neto<\/a><\/br><\/br><\/p>\n<p class=\"inicial-titulo\" style=\"text-align: left;\">Editais de Prorroga\u00e7\u00e3o de Matr\u00edcula<\/p>\n<p>14\/08\/2015 &#8211; <a href=\"http:\/\/concurso.ifbaiano.edu.br\/portal\/discente20152\/wp-content\/uploads\/sites\/23\/2015\/08\/EDITAL-DE-PRORROGA\u00c7\u00c3O.pdf\" target=\"_blank\">Teixeira de Freitas e Medeiros Neto<\/a><\/br><\/br><\/p>\n<p>24\/08\/2015 &#8211; <a href=\"http:\/\/concurso.ifbaiano.edu.br\/portal\/discente20152\/wp-content\/uploads\/sites\/23\/2015\/08\/img037.pdf\" target=\"_blank\">Segunda Chamada &#8211; Teixeira de Freitas e Medeiros Neto<\/a><\/br><\/br><\/p>\n<p>24\/08\/2015 &#8211; <a http:\/\/concurso.ifbaiano.edu.br\/portal\/discente20152\/wp-content\/uploads\/sites\/23\/2015\/08\/EDITAL-DE-MATR\u00cdCULA-Terceira-chamanda-N\u00ba-22-de-2015.2-1.pdf\" target=\"_blank\">Terceira Chamada &#8211; Medeiros Neto<span style=\"color: #ff0000;\"> (NOVO)<\/span><\/a><\/br><\/br><\/p>\n","protected":false},"excerpt":{"rendered":"<p>Informa\u00e7\u00f5es &nbsp; Editais e Retifica\u00e7\u00f5es 17\/06\/2015 &#8211; Edital de Abertura N\u00ba 043\/2015 17\/07\/2015 &#8211; Edital de Retifica\u00e7\u00e3o N\u00ba 048\/2015 Informes ao Candidato 17\/06\/2015 &#8211; Cronograma 17\/07\/2015 &#8211; Cronograma-Retificado 22\/07\/2015 &#8211; Resultado da solicita\u00e7\u00e3o para concorrer \u00e0s vagas de A\u00e7\u00f5es Afirmativas &hellip; <a href=\"https:\/\/concurso.ifbaiano.edu.br\/portal\/discente20152\/pagina-inicial\/coluna2\/\">Continue lendo <span class=\"meta-nav\">&rarr;<\/span><\/a><\/p>\n","protected":false},"author":19,"featured_media":0,"parent":7,"menu_order":2,"comment_status":"closed","ping_status":"closed","template":"","meta":[],"_links":{"self":[{"href":"https:\/\/concurso.ifbaiano.edu.br\/portal\/discente20152\/wp-json\/wp\/v2\/pages\/9"}],"collection":[{"href":"https:\/\/concurso.ifbaiano.edu.br\/portal\/discente20152\/wp-json\/wp\/v2\/pages"}],"about":[{"href":"https:\/\/concurso.ifbaiano.edu.br\/portal\/discente20152\/wp-json\/wp\/v2\/types\/page"}],"author":[{"embeddable":true,"href":"https:\/\/concurso.ifbaiano.edu.br\/portal\/discente20152\/wp-json\/wp\/v2\/users\/19"}],"replies":[{"embeddable":true,"href":"https:\/\/concurso.ifbaiano.edu.br\/portal\/discente20152\/wp-json\/wp\/v2\/comments?post=9"}],"version-history":[{"count":22,"href":"https:\/\/concurso.ifbaiano.edu.br\/portal\/discente20152\/wp-json\/wp\/v2\/pages\/9\/revisions"}],"predecessor-version":[{"id":627,"href":"https:\/\/concurso.ifbaiano.edu.br\/portal\/discente20152\/wp-json\/wp\/v2\/pages\/9\/revisions\/627"}],"up":[{"embeddable":true,"href":"https:\/\/concurso.ifbaiano.edu.br\/portal\/discente20152\/wp-json\/wp\/v2\/pages\/7"}],"wp:attachment":[{"href":"https:\/\/concurso.ifbaiano.edu.br\/portal\/discente20152\/wp-json\/wp\/v2\/media?parent=9"}],"curies":[{"name":"wp","href":"https:\/\/api.w.org\/{rel}","templated":true}]}}