{"id":25,"date":"2011-04-18T14:52:47","date_gmt":"2011-04-18T14:52:47","guid":{"rendered":"http:\/\/www.ifbaiano.edu.br\/portal\/discente20112\/?page_id=20"},"modified":"2015-06-16T17:57:25","modified_gmt":"2015-06-16T17:57:25","slug":"perguntas-frequentes","status":"publish","type":"page","link":"https:\/\/concurso.ifbaiano.edu.br\/portal\/discente20152\/perguntas-frequentes\/","title":{"rendered":"Perguntas Frequentes"},"content":{"rendered":"<p><strong>2. <\/strong><strong>Como posso efetuar minha inscri\u00e7\u00e3o?<\/strong><\/p>\n<p><strong> <\/strong><em>Acessar o site concursos.ifbaiano.edu.br e seguir o link instru\u00e7\u00f5es.<\/em><\/p>\n<p><strong>3. <\/strong><strong>Posso me inscrever para mais de um curso?<\/strong><strong><br \/>\n<\/strong><\/p>\n<p><em>N\u00e3o. O candidato s\u00f3 poder\u00e1 concorrer a uma das vagas ofertadas.<\/em><\/p>\n<p><strong>4. <\/strong><strong>Posso efetuar minha inscri\u00e7\u00e3o de forma presencial?<\/strong><\/p>\n<p><em>N\u00e3o. A Inscri\u00e7\u00e3o no Processo seletivo Unificado para Ingresso de Estudantes do IF Baiano \u2013 2015.2 \u00a0s\u00f3 poder\u00e1 ser feita de forma on-line. O candidato que tiver dificuldades para efetuar a sua inscri\u00e7\u00e3o poder\u00e1 comparecer em um dos pontos de apoio especificados no Anexo II do Edital N\u00ba 043\/2015.<\/em><\/p>\n<p><strong>6. <\/strong><strong>Ainda estou cursando o Ensino M\u00e9dio, posso me inscrever no Processo Seletivo Unificado do IF Baiano \u2013 2015.2?<\/strong><br \/>\n<strong> <\/strong><\/p>\n<p><em>Sim. O candidato que estiver cursando, no ato da inscri\u00e7\u00e3o a 3\u00aa s\u00e9rie do Ensino M\u00e9dio, poder\u00e1 se candidatar a uma das vagas dos Cursos na Forma de Articula\u00e7\u00e3o Subsequente, de acordo com o Anexo I do Edital N\u00ba 043\/ 2015.<\/em><\/p>\n<p><strong>7. <\/strong><strong>Qual a cidade de realiza\u00e7\u00e3o das provas?<\/strong><\/p>\n<p><strong> <\/strong><\/p>\n<p><strong> <\/strong><\/p>\n<p><strong> <\/strong><em> <\/em><\/p>\n<p><em>No ato da Inscri\u00e7\u00e3o o candidato dever\u00e1 informar o Campus, o Curso e a Cidade onde deseja realizar a prova.<\/em><\/p>\n<p><strong>8. <\/strong><strong>Posso efetuar a minha inscri\u00e7\u00e3o sem possuir CPF?<\/strong><\/p>\n<p><strong> <\/strong><\/p>\n<p><strong> <\/strong><\/p>\n<p><em> N\u00e3o. O CPF \u00e9 um campo de preenchimento obrigat\u00f3rio do requerimento de inscri\u00e7\u00e3o. Caso o candidato n\u00e3o possua o n\u00famero, dever\u00e1 se dirigir a uma das ag\u00eancias dos Correios, Banco do Brasil ou Caixa Econ\u00f4mica e solicitar a emiss\u00e3o do documento, assim receber\u00e1 um protocolo com o n\u00famero.<\/em><\/p>\n<p><strong>9. <\/strong><strong>Posso utilizar o CPF de uma outra pessoa para me inscrever neste Processo Seletivo?<\/strong><br \/>\n<em>N\u00e3o. O \u00fanico documento v\u00e1lido para esse fim ser\u00e1 o seu pr\u00f3prio CPF, desta forma o candidato <strong>n\u00e3o poder\u00e1<\/strong> utilizar o CPF de seu pai, sua m\u00e3e, de qualquer parente para a sua inscri\u00e7\u00e3o.<\/em><\/p>\n","protected":false},"excerpt":{"rendered":"<p>2. Como posso efetuar minha inscri\u00e7\u00e3o? Acessar o site concursos.ifbaiano.edu.br e seguir o link instru\u00e7\u00f5es. 3. Posso me inscrever para mais de um curso? N\u00e3o. O candidato s\u00f3 poder\u00e1 concorrer a uma das vagas ofertadas. 4. Posso efetuar minha inscri\u00e7\u00e3o &hellip; <a href=\"https:\/\/concurso.ifbaiano.edu.br\/portal\/discente20152\/perguntas-frequentes\/\">Continue lendo <span class=\"meta-nav\">&rarr;<\/span><\/a><\/p>\n","protected":false},"author":19,"featured_media":0,"parent":0,"menu_order":2,"comment_status":"closed","ping_status":"closed","template":"","meta":[],"_links":{"self":[{"href":"https:\/\/concurso.ifbaiano.edu.br\/portal\/discente20152\/wp-json\/wp\/v2\/pages\/25"}],"collection":[{"href":"https:\/\/concurso.ifbaiano.edu.br\/portal\/discente20152\/wp-json\/wp\/v2\/pages"}],"about":[{"href":"https:\/\/concurso.ifbaiano.edu.br\/portal\/discente20152\/wp-json\/wp\/v2\/types\/page"}],"author":[{"embeddable":true,"href":"https:\/\/concurso.ifbaiano.edu.br\/portal\/discente20152\/wp-json\/wp\/v2\/users\/19"}],"replies":[{"embeddable":true,"href":"https:\/\/concurso.ifbaiano.edu.br\/portal\/discente20152\/wp-json\/wp\/v2\/comments?post=25"}],"version-history":[{"count":2,"href":"https:\/\/concurso.ifbaiano.edu.br\/portal\/discente20152\/wp-json\/wp\/v2\/pages\/25\/revisions"}],"predecessor-version":[{"id":581,"href":"https:\/\/concurso.ifbaiano.edu.br\/portal\/discente20152\/wp-json\/wp\/v2\/pages\/25\/revisions\/581"}],"wp:attachment":[{"href":"https:\/\/concurso.ifbaiano.edu.br\/portal\/discente20152\/wp-json\/wp\/v2\/media?parent=25"}],"curies":[{"name":"wp","href":"https:\/\/api.w.org\/{rel}","templated":true}]}}