{"id":18,"date":"2011-04-18T14:49:31","date_gmt":"2011-04-18T14:49:31","guid":{"rendered":"http:\/\/www.ifbaiano.edu.br\/portal\/discente20112\/?page_id=18"},"modified":"2015-06-16T18:14:57","modified_gmt":"2015-06-16T18:14:57","slug":"instrucoes","status":"publish","type":"page","link":"https:\/\/concurso.ifbaiano.edu.br\/portal\/discente20152\/instrucoes\/","title":{"rendered":"Instru\u00e7\u00f5es"},"content":{"rendered":"<p><span style=\"color: #0a8a04\"><strong>01. Instru\u00e7\u00f5es para EFETUAR UMA NOVA INSCRI\u00c7\u00c3O<br \/>\n<\/strong><\/span><\/p>\n<ul>\n<li><strong>Passo 01: Acessar o item <strong>Inscri\u00e7\u00e3o<\/strong> do menu \u00e0 esquerda da p\u00e1gina.<\/li>\n<li><strong>Passo 02: Clicar no bot\u00e3o <strong>Nova Inscri\u00e7\u00e3o ><\/strong>.<\/li>\n<li><strong>Passo 03: Preencher os <strong>dados do formul\u00e1rio<\/strong> com as informa\u00e7\u00f5es do candidato e clicar em <strong>Salvar<\/strong>.<\/li>\n<\/ul>\n<p><span style=\"color: #0a8a04\"><strong>02. Instru\u00e7\u00f5es para ALTERAR DADOS CADASTRAIS<\/strong><\/span><\/p>\n<ul>\n<li><strong>Passo 01: Acessar o item <strong>Inscri\u00e7\u00e3o<\/strong> do menu \u00e0 esquerda da p\u00e1gina.<\/li>\n<li><strong>Passo 02: Inserir o n\u00famero do seu <strong>CPF<\/strong> e a sua respectiva <strong>senha<\/strong> na <strong>Autentica\u00e7\u00e3o<\/strong> e clicar em <strong>Entrar<\/strong>.<\/li>\n<li><strong>Passo 03: Clicar no bot\u00e3o <strong>Alterar Dados<\/strong> para efetuar qualquer altera\u00e7\u00e3o nos dados cadastrais.<\/li>\n<li><strong>Passo 04: Clicar em <strong>Salvar<\/strong>.<\/li>\n<\/ul>\n<p><span style=\"color: #0a8a04\"><strong>03. Instru\u00e7\u00f5es para RECUPERAR A SENHA DO CANDIDATO<\/strong><\/span><\/p>\n<ul>\n<li><strong>Passo 01: Acessar o item <strong>Recuperar Acesso<\/strong> <\/strong>do menu \u00e0 esquerda da p\u00e1gina<\/li>\n<li><strong>Passo 02: Inserir o n\u00famero do seu <strong>CPF<\/strong> e clicar em <strong>Enviar e-mail<\/strong>.<\/li>\n<li><strong>Passo 03: A senha ser\u00e1 enviada para o <strong>endere\u00e7o eletr\u00f4nico<\/strong> que o candidato informou no momento da inscri\u00e7\u00e3o.<\/li>\n<\/ul>\n","protected":false},"excerpt":{"rendered":"<p>01. Instru\u00e7\u00f5es para EFETUAR UMA NOVA INSCRI\u00c7\u00c3O Passo 01: Acessar o item Inscri\u00e7\u00e3o do menu \u00e0 esquerda da p\u00e1gina. Passo 02: Clicar no bot\u00e3o Nova Inscri\u00e7\u00e3o >. Passo 03: Preencher os dados do formul\u00e1rio com as informa\u00e7\u00f5es do candidato e &hellip; <a href=\"https:\/\/concurso.ifbaiano.edu.br\/portal\/discente20152\/instrucoes\/\">Continue lendo <span class=\"meta-nav\">&rarr;<\/span><\/a><\/p>\n","protected":false},"author":19,"featured_media":0,"parent":0,"menu_order":0,"comment_status":"closed","ping_status":"closed","template":"","meta":[],"_links":{"self":[{"href":"https:\/\/concurso.ifbaiano.edu.br\/portal\/discente20152\/wp-json\/wp\/v2\/pages\/18"}],"collection":[{"href":"https:\/\/concurso.ifbaiano.edu.br\/portal\/discente20152\/wp-json\/wp\/v2\/pages"}],"about":[{"href":"https:\/\/concurso.ifbaiano.edu.br\/portal\/discente20152\/wp-json\/wp\/v2\/types\/page"}],"author":[{"embeddable":true,"href":"https:\/\/concurso.ifbaiano.edu.br\/portal\/discente20152\/wp-json\/wp\/v2\/users\/19"}],"replies":[{"embeddable":true,"href":"https:\/\/concurso.ifbaiano.edu.br\/portal\/discente20152\/wp-json\/wp\/v2\/comments?post=18"}],"version-history":[{"count":2,"href":"https:\/\/concurso.ifbaiano.edu.br\/portal\/discente20152\/wp-json\/wp\/v2\/pages\/18\/revisions"}],"predecessor-version":[{"id":565,"href":"https:\/\/concurso.ifbaiano.edu.br\/portal\/discente20152\/wp-json\/wp\/v2\/pages\/18\/revisions\/565"}],"wp:attachment":[{"href":"https:\/\/concurso.ifbaiano.edu.br\/portal\/discente20152\/wp-json\/wp\/v2\/media?parent=18"}],"curies":[{"name":"wp","href":"https:\/\/api.w.org\/{rel}","templated":true}]}}