{"id":12,"date":"2011-04-18T14:47:49","date_gmt":"2011-04-18T17:47:49","guid":{"rendered":"http:\/\/www.ifbaiano.edu.br\/portal\/discente20112\/?page_id=12"},"modified":"2015-06-16T17:46:26","modified_gmt":"2015-06-16T17:46:26","slug":"coluna1","status":"publish","type":"page","link":"https:\/\/concurso.ifbaiano.edu.br\/portal\/discente20152\/pagina-inicial\/coluna1\/","title":{"rendered":"Coluna 1 &#8211; O Processo Seletivo"},"content":{"rendered":"<p class=\"inicial-titulo\" style=\"text-align: left\">O Processo Seletivo<\/p>\n<p align=\"justify\"><span style=\"color: #333333\"><span style=\"font-family: Verdana, Arial, Helvetica, sans-serif\"><span>O Reitor do <strong>Instituto Federal de Educa\u00e7\u00e3o, Ci\u00eancia e Tecnologia Baiano &#8211; IF Baiano<\/strong>, no uso da compet\u00eancia delegada pelo Decreto de 13 de mar\u00e7o de 2014, publicada no Di\u00e1rio Oficial da Uni\u00e3o em 14 de mar\u00e7o de 2014, Se\u00e7\u00e3o 2, P\u00e1gina 1,no uso de suas atribui\u00e7\u00f5es legais, torna p\u00fablica a abertura de inscri\u00e7\u00f5es do Processo Seletivo para Ingresso de Estudantes em 2015.2 nos Cursos da Educa\u00e7\u00e3o Profissional T\u00e9cnica de N\u00edvel M\u00e9dio, na forma de oferta Subsequente, a serem ofertados pelos <strong>Campus Teixeira de Freitas, Campus Avan\u00e7ado de Teixeira de Freitas &#8211; Medeiros Neto e para o Campus Valen\u00e7a<\/strong>, em conformidade com a Lei N\u00b0. 9.394, de 20 de dezembro de 1996, publicada no D.O.U. de 23 de dezembro de 1996, alterada pela Lei n\u00ba 12.796, de 04 de abril de 2013, publicada no D.O.U. do dia subsequente, Resolu\u00e7\u00e3o CNE\/CEB N\u00ba 02, de 30 de janeiro de 2012, publicada no D.O.U. do dia subsequente, Resolu\u00e7\u00e3o CNE\/CEB N\u00ba 06, de 20 de setembro de 2012, publicada no D.O.U. do dia subsequente, Decreto N\u00ba 5.840, de 13 de julho de 2006, publicado no D.O.U. do dia subsequente, Parecer N\u00b0 11 da CEB\/CNE, publicado no D.O.U. do dia 04 de setembro de 2012, Lei N\u00ba. 12.711, de 29 de agosto de 2012, publicada no D.O.U. do dia subsequente, Decreto N\u00ba. 7.824, de 11 de outubro de 2012, publicado no D.O.U. no dia 15 de outubro de 2012 e suas retifica\u00e7\u00f5es e a Portaria Normativa N\u00ba. 18, de 11 de outubro de 2012 e suas retifica\u00e7\u00f5es, referentes \u00e0s Pol\u00edticas Afirmativas de cotas para acesso \u00e0s Universidades e Institutos Federais e a Lei n\u00ba 12.796 de 04 de abril de 2013, publicada no dia subsequente.\u00a0<\/span><\/span><\/span><\/p>\n<p class=\"inicial-titulo\" style=\"text-align: left\">Cursos<\/p>\n<p>1. T\u00e9cnico em Agropecu\u00e1ria<\/br><br \/>\n2. T\u00e9cnico em Florestas<\/br><br \/>\n3. T\u00e9cnico em Hospedagem<\/br><br \/>\n4. T\u00e9cnico em Meio Ambiente<\/br><\/p>\n<p class=\"inicial-titulo\" style=\"text-align: left\">Vagas<\/p>\n<p style=\"text-align: justify\">167 vagas ofertadas para os Cursos da Educa\u00e7\u00e3o Profissional T\u00e9cnica de N\u00edvel M\u00e9dio.<\/p>\n<p class=\"inicial-titulo\" style=\"text-align: left\">Inscri\u00e7\u00f5es<\/p>\n<p style=\"text-align: justify\">As inscri\u00e7\u00f5es estar\u00e3o abertas no per\u00edodo de <strong>17 de junho de 2015 a 10 de julho de 2015<\/strong>, exclusivamente pela Internet. Os candidatos que n\u00e3o tiverem acesso a Internet, poder\u00e3o se dirigir para um dos pontos de apoio especificados no Anexo II do Edital N\u00ba 043\/2015.<\/p>\n<p class=\"inicial-titulo\" style=\"text-align: left\">SELE\u00c7\u00c3O<\/p>\n<p align=\"justify\"><span style=\"color: #333333\"><span style=\"font-family: Verdana, Arial, Helvetica, sans-serif\"><span>A sele\u00e7\u00e3o ser\u00e1 realizada por meio de an\u00e1lise do Hist\u00f3rico Escolar do Ensino M\u00e9dio ou o Certificado de Conclus\u00e3o do Ensino M\u00e9dio atrav\u00e9s do ENEM.<\/span><\/span><\/span><\/p>\n<p align=\"justify\"><span style=\"color: #333333\"><span style=\"font-family: Verdana, Arial, Helvetica, sans-serif\"><span>Ser\u00e1 computado do hist\u00f3rico escolar as m\u00e9dias dos Componentes curriculares de Matem\u00e1tica e L\u00edngua Portuguesa dos 03 (tr\u00eas) anos do Ensino M\u00e9dio, considerando m\u00e9dia aritm\u00e9tica dos dois componentes curriculares.<\/span><\/span><\/span><\/p>\n<p align=\"justify\"><span style=\"color: #333333\"><span style=\"font-family: Verdana, Arial, Helvetica, sans-serif\"><span>Os candidatos certificados pelo ENEM ter\u00e3o as m\u00e9dias aritm\u00e9ticas das notas obtidas nas \u00e1reas do conhecimento supra mencionado equacionadas \u00e0 equival\u00eancia do padr\u00e3o de notas utilizado na rede p\u00fablica de ensino.<\/span><\/span><\/span><\/p>\n<p align=\"justify\"><span style=\"color: #333333\"><span style=\"font-family: Verdana, Arial, Helvetica, sans-serif\"><span>Caso o candidato n\u00e3o possua o hist\u00f3rico escolar dever\u00e1 apresentar a declara\u00e7\u00e3o da escola com as m\u00e9dias dos tr\u00eas anos do Ensino M\u00e9dio dos componentes curriculares de L\u00edngua Portuguesa e Matem\u00e1tica<\/span><\/span><\/span><\/p>\n","protected":false},"excerpt":{"rendered":"<p>O Processo Seletivo O Reitor do Instituto Federal de Educa\u00e7\u00e3o, Ci\u00eancia e Tecnologia Baiano &#8211; IF Baiano, no uso da compet\u00eancia delegada pelo Decreto de 13 de mar\u00e7o de 2014, publicada no Di\u00e1rio Oficial da Uni\u00e3o em 14 de mar\u00e7o &hellip; <a href=\"https:\/\/concurso.ifbaiano.edu.br\/portal\/discente20152\/pagina-inicial\/coluna1\/\">Continue lendo <span class=\"meta-nav\">&rarr;<\/span><\/a><\/p>\n","protected":false},"author":19,"featured_media":0,"parent":7,"menu_order":1,"comment_status":"closed","ping_status":"closed","template":"","meta":[],"_links":{"self":[{"href":"https:\/\/concurso.ifbaiano.edu.br\/portal\/discente20152\/wp-json\/wp\/v2\/pages\/12"}],"collection":[{"href":"https:\/\/concurso.ifbaiano.edu.br\/portal\/discente20152\/wp-json\/wp\/v2\/pages"}],"about":[{"href":"https:\/\/concurso.ifbaiano.edu.br\/portal\/discente20152\/wp-json\/wp\/v2\/types\/page"}],"author":[{"embeddable":true,"href":"https:\/\/concurso.ifbaiano.edu.br\/portal\/discente20152\/wp-json\/wp\/v2\/users\/19"}],"replies":[{"embeddable":true,"href":"https:\/\/concurso.ifbaiano.edu.br\/portal\/discente20152\/wp-json\/wp\/v2\/comments?post=12"}],"version-history":[{"count":8,"href":"https:\/\/concurso.ifbaiano.edu.br\/portal\/discente20152\/wp-json\/wp\/v2\/pages\/12\/revisions"}],"predecessor-version":[{"id":573,"href":"https:\/\/concurso.ifbaiano.edu.br\/portal\/discente20152\/wp-json\/wp\/v2\/pages\/12\/revisions\/573"}],"up":[{"embeddable":true,"href":"https:\/\/concurso.ifbaiano.edu.br\/portal\/discente20152\/wp-json\/wp\/v2\/pages\/7"}],"wp:attachment":[{"href":"https:\/\/concurso.ifbaiano.edu.br\/portal\/discente20152\/wp-json\/wp\/v2\/media?parent=12"}],"curies":[{"name":"wp","href":"https:\/\/api.w.org\/{rel}","templated":true}]}}