{"id":25,"date":"2011-04-18T14:52:47","date_gmt":"2011-04-18T14:52:47","guid":{"rendered":"http:\/\/www.ifbaiano.edu.br\/portal\/discente20112\/?page_id=20"},"modified":"2011-04-18T14:52:47","modified_gmt":"2011-04-18T14:52:47","slug":"perguntas-frequentes","status":"publish","type":"page","link":"https:\/\/concurso.ifbaiano.edu.br\/portal\/discente20141\/perguntas-frequentes\/","title":{"rendered":"Perguntas Frequentes"},"content":{"rendered":"<p><strong>1. Como eu posso obter a isen\u00e7\u00e3o de pagamento da taxa de inscri\u00e7\u00e3o?<\/strong><\/p>\n<p><em>Ser\u00e1 atendida a solicita\u00e7\u00e3o de isen\u00e7\u00e3o da taxa de inscri\u00e7\u00e3o do candidato que apresentar comprova\u00e7\u00e3o de pelo menos um dos seguintes requisitos:<\/em><\/p>\n<p><em>a) Ter cursado todo o Ensino Fundamental II na Rede P\u00fablica, para os candidatos que concorrer\u00e3o aos cursos na forma Integrada;<\/em><\/p>\n<p><em>b) Ter sido beneficiado por programas de bolsa integral na rede particular de ensino em todo o Ensino Fundamental II, para os candidatos que concorrer\u00e3o aos cursos na forma\u00a0Integrada;<\/em><\/p>\n<p><em>c) Ter cursado todo o Ensino M\u00e9dio na Rede P\u00fablica,para os candidatos que concorrer\u00e3o aos cursos na forma Subsequente;<\/em><\/p>\n<p><em>d) Ter sido beneficiado por programas de bolsa integral na rede particular de ensino em todo o Ensino M\u00e9dio, para os candidatos que concorrer\u00e3o aos cursos na forma\u00a0Subsequente.<\/em><\/p>\n<p><strong>2. <\/strong><strong>Como posso efetuar minha inscri\u00e7\u00e3o?<\/strong><\/p>\n<p><strong> <\/strong><em>Acessar o site concursos.ifbaiano.edu.br e seguir o link instru\u00e7\u00f5es.<\/em><\/p>\n<p><strong>3. <\/strong><strong>Posso me inscrever para mais de um curso?<\/strong><strong><br \/>\n<\/strong><\/p>\n<p><em>N\u00e3o. O candidato s\u00f3 poder\u00e1 concorrer a uma das vagas ofertadas.<\/em><\/p>\n<p><strong>4. <\/strong><strong>Posso efetuar minha inscri\u00e7\u00e3o de forma presencial?<\/strong><\/p>\n<p><em>N\u00e3o. A Inscri\u00e7\u00e3o no Processo seletivo Unificado do IF Baiano \u2013 2013 \u00a0s\u00f3 poder\u00e1 ser feita de forma on-line. O candidato que tiver dificuldades para efetuar a sua inscri\u00e7\u00e3o poder\u00e1 comparecer em um dos pontos de apoio especificados no Anexo II do Edital N\u00ba 162\/2012.<\/em><\/p>\n<p><strong>5. <\/strong><strong>Ainda estou cursando o Ensino Fundamental, posso me inscrever no Processo Seletivo Unificado do IF Baiano \u2013 2013?<\/strong><br \/>\n<em> <\/em><\/p>\n<p><em>Sim. O candidato que estiver cursando, no ato da inscri\u00e7\u00e3o a 8\u00aa s\u00e9rie ou 9\u00ba ano, poder\u00e1 se candidatar a uma das vagas dos Cursos na Forma de Articula\u00e7\u00e3o Integrada e se for candidato com idade m\u00ednima de 18 anos poder\u00e1 concorrer a uma vaga dos cursos do PROEJA (Programa Nacional de Integra\u00e7\u00e3o da Educa\u00e7\u00e3o Profissional ao Ensino M\u00e9dio, na modalidade de Jovens e Adultos), de acordo com o Anexo I do Edital N\u00ba 162\/2012.<\/em><\/p>\n<p><strong>6. <\/strong><strong>Ainda estou cursando o Ensino M\u00e9dio, posso me inscrever no Processo Seletivo Unificado do IF Baiano \u2013 2013?<\/strong><br \/>\n<strong> <\/strong><\/p>\n<p><em>Sim. O candidato que estiver cursando, no ato da inscri\u00e7\u00e3o a 3\u00aa s\u00e9rie do Ensino M\u00e9dio, poder\u00e1 se candidatar a uma das vagas dos Cursos na Forma de Articula\u00e7\u00e3o Subsequente, de acordo com o Anexo I do Edital N\u00ba 162\/ 2012.<\/em><\/p>\n<p><strong>7. <\/strong><strong>Qual a cidade de realiza\u00e7\u00e3o das provas?<\/strong><\/p>\n<p><strong> <\/strong><\/p>\n<p><strong> <\/strong><\/p>\n<p><strong> <\/strong><em> <\/em><\/p>\n<p><em>No ato da Inscri\u00e7\u00e3o o candidato dever\u00e1 informar o Campus, o Curso e a Cidade onde deseja realizar a prova.<\/em><\/p>\n<p><strong>8. <\/strong><strong>Posso efetuar a minha inscri\u00e7\u00e3o sem possuir CPF?<\/strong><\/p>\n<p><strong> <\/strong><\/p>\n<p><strong> <\/strong><\/p>\n<p><em> N\u00e3o. O CPF \u00e9 um campo de preenchimento obrigat\u00f3rio do requerimento de inscri\u00e7\u00e3o. Caso o candidato n\u00e3o possua o n\u00famero, dever\u00e1 se dirigir a uma das ag\u00eancias dos Correios, Banco do Brasil ou Caixa Econ\u00f4mica e solicitar a emiss\u00e3o do documento, assim receber\u00e1 um protocolo com o n\u00famero.<\/em><\/p>\n<p><strong>9. <\/strong><strong>Posso utilizar o CPF de uma outra pessoa para me inscrever neste Processo Seletivo?<\/strong><br \/>\n<em>N\u00e3o. O \u00fanico documento v\u00e1lido para esse fim ser\u00e1 o seu pr\u00f3prio CPF, desta forma o candidato <strong>n\u00e3o poder\u00e1<\/strong> utilizar o CPF de seu pai, sua m\u00e3e, de qualquer parente para a sua inscri\u00e7\u00e3o.<\/em><\/p>\n<p><em> <\/em><em><strong>10. <\/strong><\/em><strong>Qual a diferen\u00e7a entre as formas de articula\u00e7\u00e3o\u00a0 Integrada, Subsequente e Proeja ?<\/strong><\/p>\n<p><strong>&#8211; <\/strong><em>Os candidatos que concorrer\u00e3o aos cursos da forma Integrada dever\u00e3o ter conclu\u00eddo o \u00a0Ensino Fundamental at\u00e9 a data da matr\u00edcula.<\/em><\/p>\n<p><em>&#8211; Os candidatos que concorrer\u00e3o aos cursos da forma\u00a0 Subsequente\u00a0 dever\u00e3o ter conclu\u00eddo o Ensino M\u00e9dio ou equivalente at\u00e9 a data da matr\u00edcula.<\/em><\/p>\n<p><strong> <\/strong><\/p>\n<p><strong>&#8211; Proeja- <\/strong><em>categoria da modalidade integrada voltada para jovens e adultos com mais de 18 anos que j\u00e1 conclu\u00edram o ensino fundamental, mas que est\u00e3o fora da sala de aula h\u00e1 algum tempo.<\/em><\/p>\n<p><strong> <\/strong><\/p>\n<p><em> <\/em><\/p>\n<p><em><strong> 11. <\/strong><\/em><strong>Caso o candidato deseje poder\u00e1 ap\u00f3s o pagamento realizar a altera\u00e7\u00e3o de curso at\u00e9 que per\u00edodo?<\/strong><\/p>\n<p><em> <\/em><\/p>\n<p><em>Resposta: At\u00e9 o \u00faltimo dia de inscri\u00e7\u00e3o o candidato poder\u00e1 realizar a altera\u00e7\u00e3o de curso desejada. <\/em><em>No dia da prova n\u00e3o ser\u00e1 poss\u00edvel a mudan\u00e7a de curso,o mesmo ser\u00e1 automaticamente eliminado do certame.O candidato s\u00f3 poder\u00e1 realizar a prova para o curso informado no ato da inscri\u00e7\u00e3o.<\/em><\/p>\n","protected":false},"excerpt":{"rendered":"<p>1. Como eu posso obter a isen\u00e7\u00e3o de pagamento da taxa de inscri\u00e7\u00e3o? Ser\u00e1 atendida a solicita\u00e7\u00e3o de isen\u00e7\u00e3o da taxa de inscri\u00e7\u00e3o do candidato que apresentar comprova\u00e7\u00e3o de pelo menos um dos seguintes requisitos: a) Ter cursado todo o &hellip; <a href=\"https:\/\/concurso.ifbaiano.edu.br\/portal\/discente20141\/perguntas-frequentes\/\">Continue lendo <span class=\"meta-nav\">&rarr;<\/span><\/a><\/p>\n","protected":false},"author":1,"featured_media":0,"parent":0,"menu_order":2,"comment_status":"closed","ping_status":"closed","template":"","meta":[],"_links":{"self":[{"href":"https:\/\/concurso.ifbaiano.edu.br\/portal\/discente20141\/wp-json\/wp\/v2\/pages\/25"}],"collection":[{"href":"https:\/\/concurso.ifbaiano.edu.br\/portal\/discente20141\/wp-json\/wp\/v2\/pages"}],"about":[{"href":"https:\/\/concurso.ifbaiano.edu.br\/portal\/discente20141\/wp-json\/wp\/v2\/types\/page"}],"author":[{"embeddable":true,"href":"https:\/\/concurso.ifbaiano.edu.br\/portal\/discente20141\/wp-json\/wp\/v2\/users\/1"}],"replies":[{"embeddable":true,"href":"https:\/\/concurso.ifbaiano.edu.br\/portal\/discente20141\/wp-json\/wp\/v2\/comments?post=25"}],"version-history":[{"count":0,"href":"https:\/\/concurso.ifbaiano.edu.br\/portal\/discente20141\/wp-json\/wp\/v2\/pages\/25\/revisions"}],"wp:attachment":[{"href":"https:\/\/concurso.ifbaiano.edu.br\/portal\/discente20141\/wp-json\/wp\/v2\/media?parent=25"}],"curies":[{"name":"wp","href":"https:\/\/api.w.org\/{rel}","templated":true}]}}