{"id":9,"date":"2011-04-18T14:47:01","date_gmt":"2011-04-18T17:47:01","guid":{"rendered":"http:\/\/www.ifbaiano.edu.br\/portal\/discente20112\/?page_id=9"},"modified":"2013-10-01T13:28:16","modified_gmt":"2013-10-01T16:28:16","slug":"coluna2","status":"publish","type":"page","link":"https:\/\/concurso.ifbaiano.edu.br\/portal\/discente20132\/pagina-inicial\/coluna2\/","title":{"rendered":"Coluna 2 &#8211; Informa\u00e7\u00f5es"},"content":{"rendered":"<p class=\"inicial-titulo\" style=\"text-align: left\">Informa\u00e7\u00f5es<\/p>\n<p>05\/06\/2013 &#8211; <a href=\"http:\/\/concurso.ifbaiano.edu.br\/portal\/discente20132\/wp-content\/uploads\/sites\/2\/2013\/06\/Edital-N-56.pdf\" target=\"_blank\">Edital de Abertura N\u00ba 56\/2013<span style=\"color: #ff0000\"><\/span><\/a><\/br><\/br><\/p>\n<p class=\"inicial-titulo\" style=\"text-align: left\">Resultado Pedido de Isen\u00e7\u00e3o da Taxa de Inscri\u00e7\u00e3o<\/p>\n<p><\/br><\/p>\n<p>17\/06\/2013 &#8211; <a href=\"http:\/\/concurso.ifbaiano.edu.br\/portal\/discente20132\/wp-content\/uploads\/sites\/2\/2013\/06\/Isencao-da-Taxa-de-inscricao-BJL-2013-2.pdf\" target=\"_blank\">Campus Bom Jesus da Lapa<span style=\"color: #ff0000\"><\/span><\/a><\/br><\/br><\/p>\n<p>17\/06\/2013 &#8211; <a href=\"http:\/\/concurso.ifbaiano.edu.br\/portal\/discente20132\/wp-content\/uploads\/sites\/2\/2013\/06\/Isencao-da-Taxa-de-inscricao-Mangabeira-2013-2.pdf\" target=\"_blank\">Campus Governador Mangabeira<span style=\"color: #ff0000\"> <\/span><\/a><\/br><\/br><\/p>\n<p>17\/06\/2013 &#8211; <a href=\"http:\/\/concurso.ifbaiano.edu.br\/portal\/discente20132\/wp-content\/uploads\/sites\/2\/2013\/06\/Isencao-da-Taxa-de-inscricao-Valenca-2013-2.pdf\" target=\"_blank\">Campus Valen\u00e7a<span style=\"color: #ff0000\"><\/span><\/a><\/br><\/br><\/p>\n<p class=\"inicial-titulo\" style=\"text-align: left\">Resultado Homologa\u00e7\u00e3o Vagas Afirmativas<\/p>\n<p><\/br><\/p>\n<p>16\/07\/2013 &#8211; <a href=\"http:\/\/concurso.ifbaiano.edu.br\/portal\/discente20132\/wp-content\/uploads\/sites\/2\/2013\/07\/HOMOLOGA-COTAS-LAPA.pdf\" target=\"_blank\">Campus Bom Jesus da Lapa<span style=\"color: #ff0000\"><\/span><\/a><\/br><\/br><\/p>\n<p>16\/07\/2013 &#8211; <a href=\"http:\/\/concurso.ifbaiano.edu.br\/portal\/discente20132\/wp-content\/uploads\/sites\/2\/2013\/07\/HOMOLOGA-COTAS-MANGABEIRA.pdf\" target=\"_blank\">Campus Governador Mangabeira<span style=\"color: #ff0000\"><\/span><\/a><\/br><\/br><\/p>\n<p>16\/07\/2013 &#8211; <a href=\"http:\/\/concurso.ifbaiano.edu.br\/portal\/discente20132\/wp-content\/uploads\/sites\/2\/2013\/07\/HOMOLOGA-COTAS-VALENCA.pdf\" target=\"_blank\">Campus Valen\u00e7a<span style=\"color: #ff0000\"><\/span><\/a><\/br><\/br><\/p>\n<p class=\"inicial-titulo\" style=\"text-align: left\">Homologa\u00e7\u00e3o das Incri\u00e7\u00f5es<\/p>\n<p><\/br><\/p>\n<p>16\/07\/2013 &#8211; <a href=\"http:\/\/concurso.ifbaiano.edu.br\/portal\/discente20132\/wp-content\/uploads\/sites\/2\/2013\/07\/INSCRICOES-HOMOLOGADAS.pdf\" target=\"_blank\">Inscri\u00e7\u00f5es Homologadas<span style=\"color: #ff0000\"><\/span><\/a><\/br><\/br><\/p>\n<p class=\"inicial-titulo\" style=\"text-align: left\">Locais de PROVA<\/p>\n<p><\/br><\/p>\n<p>17\/07\/2013 &#8211; <a href=\"http:\/\/concurso.ifbaiano.edu.br\/portal\/discente20132\/wp-content\/uploads\/sites\/2\/2013\/07\/LOCAL-PROVA-LAPA.pdf\" target=\"_blank\">Campus Bom Jesus da Lapa<span style=\"color: #ff0000\"><\/span><\/a><\/br><\/br><\/p>\n<p>17\/07\/2013 &#8211; <a href=\"http:\/\/concurso.ifbaiano.edu.br\/portal\/discente20132\/wp-content\/uploads\/sites\/2\/2013\/07\/LOCAL-PROVA-MANGABEIRA.pdf\" target=\"_blank\">Campus Governador Mangabeira<span style=\"color: #ff0000\"><\/span><\/a><\/br><\/br><\/p>\n<p>17\/07\/2013 &#8211; <a href=\"http:\/\/concurso.ifbaiano.edu.br\/portal\/discente20132\/wp-content\/uploads\/sites\/2\/2013\/07\/LOCAL-PROVA-VALENCA.pdf\" target=\"_blank\">Campus Valen\u00e7a<span style=\"color: #ff0000\"><\/span><\/a><\/br><\/br><\/p>\n<p class=\"inicial-titulo\" style=\"text-align: left\">Gabaritos das Provas<\/p>\n<p><\/br><\/p>\n<p>21\/07\/2013 &#8211; <a href=\"http:\/\/concurso.ifbaiano.edu.br\/portal\/discente20132\/wp-content\/uploads\/sites\/2\/2013\/07\/Gabarito-Preliminar-Lapa.pdf\" target=\"_blank\">Campus Bom Jesus da Lapa<span style=\"color: #ff0000\"><\/span><\/a><\/br><\/br><\/p>\n<p>21\/07\/2013 &#8211; <a href=\"http:\/\/concurso.ifbaiano.edu.br\/portal\/discente20132\/wp-content\/uploads\/sites\/2\/2013\/07\/Gabarito-Preliminar-Mangabeira.pdf\" target=\"_blank\">Campus Governador Mangabeira<span style=\"color: #ff0000\"><\/span><\/a><\/br><\/br><\/p>\n<p>22\/07\/2013 &#8211; <a href=\"http:\/\/concurso.ifbaiano.edu.br\/portal\/discente20132\/wp-content\/uploads\/sites\/2\/2013\/07\/GABARITO-PRELIMINAR-VALENCA.pdf\" target=\"_blank\">Campus Valen\u00e7a<span style=\"color: #ff0000\"><\/span><\/a><\/br><\/br><\/p>\n<p class=\"inicial-titulo\" style=\"text-align: left\">Divulga\u00e7\u00e3o do Resultado Final<\/p>\n<p><\/br><\/p>\n<p>29\/07\/2013 &#8211; <a href=\"http:\/\/concurso.ifbaiano.edu.br\/portal\/discente20132\/wp-content\/uploads\/sites\/2\/2013\/07\/Nota-informativa.pdf\" target=\"_blank\">Nota Informativa Divulga\u00e7\u00e3o do Resultado<span style=\"color: #ff0000\"><\/span><\/a><\/br><\/br><\/p>\n<p>30\/07\/2013 &#8211; <a href=\"http:\/\/concurso.ifbaiano.edu.br\/portal\/discente20132\/wp-content\/uploads\/sites\/2\/2013\/07\/RESULTADO-AMPLA-CONCORRENCIA.pdf\" target=\"_blank\">Ampla Concorr\u00eancia<span style=\"color: #ff0000\"><\/span><\/a><\/br><\/br><\/p>\n<p>30\/07\/2013 &#8211; <a href=\"http:\/\/concurso.ifbaiano.edu.br\/portal\/discente20132\/wp-content\/uploads\/sites\/2\/2013\/07\/RESULTADO-BAIXA-RENDA-COTA.pdf\" target=\"_blank\">ESTUDANTES ORIUNDOS DE ESCOLA P\u00daBLICA com Renda Familiar Bruta igual ou inferior a 1,5 Sal\u00e1rios M\u00ednimos (Pretos,Pardos e Ind\u00edgenas)<span style=\"color: #ff0000\"><\/span><\/a><\/br><\/br><\/p>\n<p>30\/07\/2013 &#8211; <a href=\"http:\/\/concurso.ifbaiano.edu.br\/portal\/discente20132\/wp-content\/uploads\/sites\/2\/2013\/07\/RESULTADO-BAIXA-RENDA-SEM-COTA.pdf\" target=\"_blank\">ESTUDANTES ORIUNDOS DE ESCOLA P\u00daBLICA com Renda Familiar Bruta igual ou inferior a 1,5 Sal\u00e1rios M\u00ednimos (Demais Etnias\/Ra\u00e7as)<span style=\"color: #ff0000\"><\/span><\/a><\/br><\/br><\/p>\n<p>30\/07\/2013 &#8211; <a href=\"http:\/\/concurso.ifbaiano.edu.br\/portal\/discente20132\/wp-content\/uploads\/sites\/2\/2013\/07\/RESULTADO-ALTA-RENDA-COTA.pdf\" target=\"_blank\">ESTUDANTES ORIUNDOS DE ESCOLA P\u00daBLICA com Renda Familiar Bruta superior a 1,5 Sal\u00e1rios M\u00ednimos (Pretos,Pardos e Ind\u00edgenas)<span style=\"color: #ff0000\"><\/span><\/a><\/br><\/br><\/p>\n<p>30\/07\/2013 &#8211; <a href=\"http:\/\/concurso.ifbaiano.edu.br\/portal\/discente20132\/wp-content\/uploads\/sites\/2\/2013\/07\/RESULTADO-ALTA-RENDA-SEM-COTA.pdf\" target=\"_blank\">ESTUDANTES ORIUNDOS DE ESCOLA P\u00daBLICA com Renda Familiar Bruta superior a 1,5 Sal\u00e1rios M\u00ednimos (Demais Etnias\/Ra\u00e7as)<span style=\"color: #ff0000\"><\/span><\/a><\/br><\/br><\/p>\n<p>30\/07\/2013 &#8211; <a href=\"http:\/\/concurso.ifbaiano.edu.br\/portal\/discente20132\/wp-content\/uploads\/sites\/2\/2013\/07\/RESULTADO-PNE.pdf\" target=\"_blank\">Estudantes com Necessidades Educacionais Espec\u00edficas <span style=\"color: #ff0000\"><\/span><\/a><\/br><\/br><\/p>\n<p>30\/07\/2013 &#8211; <a href=\"http:\/\/concurso.ifbaiano.edu.br\/portal\/discente20132\/wp-content\/uploads\/sites\/2\/2013\/07\/RESULTADO-ELIMINADOS.pdf\" target=\"_blank\">Eliminados<span style=\"color: #ff0000\"><\/span><\/a><\/br><\/br><\/p>\n<p class=\"inicial-titulo\" style=\"text-align: left\">Divulga\u00e7\u00e3o Resultado Recursos \u00e0s Provas<\/p>\n<p><\/br><\/p>\n<p>01\/08\/2013 &#8211; <a href=\"http:\/\/concurso.ifbaiano.edu.br\/portal\/discente20132\/wp-content\/uploads\/sites\/2\/2013\/08\/Recursos-Provas-Objetiva.pdf\" target=\"_blank\">Objetiva<span style=\"color: #ff0000\"><\/span><\/a><\/br><\/br><\/p>\n<p>01\/08\/2013 &#8211; <a href=\"http:\/\/concurso.ifbaiano.edu.br\/portal\/discente20132\/wp-content\/uploads\/sites\/2\/2013\/08\/Recursos-Provas-de-Redacao.pdf\" target=\"_blank\">Reda\u00e7\u00e3o<span style=\"color: #ff0000\"><\/span><\/a><\/br><\/br><\/p>\n<p class=\"inicial-titulo\" style=\"text-align: left\">Editais de Matr\u00edcula<\/p>\n<p><\/br><\/p>\n<p>09\/08\/2013 &#8211; <a href=\"http:\/\/concurso.ifbaiano.edu.br\/portal\/discente20132\/wp-content\/uploads\/sites\/2\/2013\/08\/edital-matricula-Lapa.pdf\" target=\"_blank\">Campus Bom Jesus da Lapa<span style=\"color: #ff0000\"><\/span><\/a><\/br><\/br><\/p>\n<p>07\/08\/2013 &#8211; <a href=\"http:\/\/concurso.ifbaiano.edu.br\/portal\/discente20132\/wp-content\/uploads\/sites\/2\/2013\/08\/edital-matricula-mangabeira.pdf\" target=\"_blank\">Campus Governador Mangabeira<span style=\"color: #ff0000\"><\/span><\/a><\/br><\/br><\/p>\n<p>07\/08\/2013 &#8211; <a href=\"http:\/\/concurso.ifbaiano.edu.br\/portal\/discente20132\/wp-content\/uploads\/sites\/2\/2013\/08\/edital-matricula-valenca.pdf\" target=\"_blank\">Campus Valen\u00e7a<span style=\"color: #ff0000\"><\/span><\/a><\/br><\/br><\/p>\n<p class=\"inicial-titulo\" style=\"text-align: left\">Formul\u00e1rio Socioecon\u00f4mico<\/p>\n<p><\/br><\/p>\n<p>09\/08\/2013 &#8211; <a href=\"http:\/\/concurso.ifbaiano.edu.br\/portal\/discente20132\/wp-content\/uploads\/sites\/2\/2013\/08\/SOCIO-ECONOMICO.pdf\" target=\"_blank\">Formul\u00e1rio Socioecon\u00f4mico<span style=\"color: #ff0000\"><\/span><\/a><\/br><\/br><\/p>\n<p class=\"inicial-titulo\" style=\"text-align: left\">Segunda Chamada<\/p>\n<p><\/br><\/p>\n<p>20\/08\/2013 &#8211; <a href=\"http:\/\/concurso.ifbaiano.edu.br\/portal\/discente20132\/wp-content\/uploads\/sites\/2\/2013\/08\/selecionados-segunda-chamada-lapa.pdf\" target=\"_blank\">Selecionados Campus Bom Jesus da Lapa<span style=\"color: #ff0000\"> (NOVO) <\/span><\/a><\/br><\/br><\/p>\n<p>12\/08\/2013 &#8211; <a href=\"http:\/\/concurso.ifbaiano.edu.br\/portal\/discente20132\/wp-content\/uploads\/sites\/2\/2013\/08\/selecionados-segunda-chamada-mangabeira.pdf\" target=\"_blank\">Selecionados Campus Governador Mangabeira<span style=\"color: #ff0000\"><\/span><\/a><\/br><\/br><\/p>\n<p>06\/09\/2013 &#8211; <a href=\"http:\/\/concurso.ifbaiano.edu.br\/portal\/discente20132\/wp-content\/uploads\/sites\/2\/2013\/09\/segunda-chamada-valenca.pdf\" target=\"_blank\">Selecionados Campus Valen\u00e7a<span style=\"color: #ff0000\"> (NOVO) <\/span><\/a><\/br><\/br><\/p>\n<p class=\"inicial-titulo\" style=\"text-align: left\">Editais Vagas Remanescentes<\/p>\n<p><\/br><\/p>\n<p>23\/08\/2013 &#8211; <a href=\"http:\/\/concurso.ifbaiano.edu.br\/portal\/discente20132\/wp-content\/uploads\/sites\/2\/2013\/08\/vagas-remanescentes-mangabeira.pdf\" target=\"_blank\">Edital N\u00ba 04\/2013 Campus Governador Mangabeira<span style=\"color: #ff0000\"><\/span><\/a><\/br><\/br><\/p>\n<p>30\/08\/2013 &#8211; <a href=\"http:\/\/concurso.ifbaiano.edu.br\/portal\/discente20132\/wp-content\/uploads\/sites\/2\/2013\/08\/vagas-remanescentes-lapa.pdf\" target=\"_blank\">Edital N\u00ba 04\/2013 Campus Bom Jesus da Lapa<span style=\"color: #ff0000\"> (NOVO) <\/span><\/a><\/br><\/br><\/p>\n<p>02\/09\/2013 &#8211; <a href=\"http:\/\/concurso.ifbaiano.edu.br\/portal\/discente20132\/wp-content\/uploads\/sites\/2\/2013\/09\/lista-classificados-remanescentes-lapa.pdf\" target=\"_blank\">Edital N\u00ba 04\/2013 Campus Bom Jesus da Lapa &#8211; Lista de Classificados Turno Vespertino<span style=\"color: #ff0000\"> (NOVO) <\/span><\/a><\/br><\/br><\/p>\n<p>12\/09\/2013 &#8211; <a href=\"http:\/\/concurso.ifbaiano.edu.br\/portal\/discente20132\/wp-content\/uploads\/sites\/2\/2013\/09\/vagas-remanescentes-valenca.pdf\" target=\"_blank\">Edital N\u00ba 02\/2013 Campus Valen\u00e7a<span style=\"color: #ff0000\"><\/span><\/a><\/br><\/br><\/p>\n<p>23\/09\/2013 &#8211; <a href=\"http:\/\/concurso.ifbaiano.edu.br\/portal\/discente20132\/wp-content\/uploads\/sites\/2\/2013\/09\/Retificacao-de-inscricao-Remanescentes-valenca.pdf\" target=\"_blank\">Retifica\u00e7\u00e3o Edital N\u00ba 02\/2013 Campus Valen\u00e7a<span style=\"color: #ff0000\"> (NOVO) <\/span><\/a><\/br><\/br><\/p>\n<p class=\"inicial-titulo\" style=\"text-align: left\">Inscri\u00e7\u00f5es Homologadas Editais Vagas Remanescentes<\/p>\n<p><\/br><\/br><\/p>\n<p>23\/09\/2013 &#8211; <a href=\"http:\/\/concurso.ifbaiano.edu.br\/portal\/discente20132\/wp-content\/uploads\/sites\/2\/2013\/09\/Incricoes-Homologadas-Vagas-Remanescentes-Valenca.pdf\" target=\"_blank\">Edital N\u00ba 02\/2013 Campus Valen\u00e7a T\u00e9cnico em Meio Ambiente Subsequente<span style=\"color: #ff0000\"><\/span><\/a><\/br><\/br><\/p>\n<p>01\/10\/2013 &#8211; <a href=\"http:\/\/concurso.ifbaiano.edu.br\/portal\/discente20132\/wp-content\/uploads\/sites\/2\/2013\/10\/INSCRICOESS-HOMOLOGADAS-Vagas-Remanescentes-Agropecuaria.pdf\" target=\"_blank\">Edital N\u00ba 02\/2013 Campus Valen\u00e7a T\u00e9cnico em Agropecu\u00e1ria Subsequente<span style=\"color: #ff0000\"> (NOVO) <\/span><\/a><\/br><\/br><\/p>\n<p class=\"inicial-titulo\" style=\"text-align: left\">Resultados Editais Vagas Remanescentes<\/p>\n<p><\/br><\/br><\/p>\n<p class=\"inicial-titulo\" style=\"text-align: left\">Campus Governador Mangabeira<\/p>\n<p><\/br><br \/>\n05\/09\/2013 &#8211; <a href=\"http:\/\/concurso.ifbaiano.edu.br\/portal\/discente20132\/wp-content\/uploads\/sites\/2\/2013\/09\/PLANILHA-AMPLA-CONCORRENCIA.pdf\" target=\"_blank\">Ampla Concorr\u00eancia<span style=\"color: #ff0000\"> (NOVO) <\/span><\/a><\/br><\/br><\/p>\n<p>05\/09\/2013 &#8211; <a href=\"http:\/\/concurso.ifbaiano.edu.br\/portal\/discente20132\/wp-content\/uploads\/sites\/2\/2013\/09\/PLANILHA-BAIXA-RENDA-COTA.pdf\" target=\"_blank\">ESTUDANTES ORIUNDOS DE ESCOLA P\u00daBLICA com Renda Familiar Bruta igual ou inferior a 1,5 Sal\u00e1rios M\u00ednimos (Pretos,Pardos e Ind\u00edgenas)<span style=\"color: #ff0000\"> (NOVO) <\/span><\/a><\/br><\/br><\/p>\n<p>05\/09\/2013 &#8211; <a href=\"http:\/\/concurso.ifbaiano.edu.br\/portal\/discente20132\/wp-content\/uploads\/sites\/2\/2013\/09\/PLANILHA-BAIXA-RENDA-COTA.pdf\" target=\"_blank\">ESTUDANTES ORIUNDOS DE ESCOLA P\u00daBLICA com Renda Familiar Bruta igual ou inferior a 1,5 Sal\u00e1rios M\u00ednimos (Demais Etnias\/Ra\u00e7as)<span style=\"color: #ff0000\"> (NOVO) <\/span><\/a><\/br><\/br><\/p>\n<p>05\/09\/2013 &#8211; <a href=\"http:\/\/concurso.ifbaiano.edu.br\/portal\/discente20132\/wp-content\/uploads\/sites\/2\/2013\/09\/PLANILHA-ALTA-RENDA-COTA.pdf\" target=\"_blank\">ESTUDANTES ORIUNDOS DE ESCOLA P\u00daBLICA com Renda Familiar Bruta superior a 1,5 Sal\u00e1rios M\u00ednimos (Pretos,Pardos e Ind\u00edgenas)<span style=\"color: #ff0000\"> (NOVO) <\/span><\/a><\/br><\/br><\/p>\n<p>05\/09\/2013 &#8211; <a href=\"http:\/\/concurso.ifbaiano.edu.br\/portal\/discente20132\/wp-content\/uploads\/sites\/2\/2013\/09\/PLANILHA-ALTA-RENDA-SEM-COTA.pdf\" target=\"_blank\">ESTUDANTES ORIUNDOS DE ESCOLA P\u00daBLICA com Renda Familiar Bruta superior a 1,5 Sal\u00e1rios M\u00ednimos (Demais Etnias\/Ra\u00e7as)<span style=\"color: #ff0000\"> (NOVO) <\/span><\/a><\/br><\/br><\/p>\n<p>05\/09\/2013 &#8211; <a href=\"http:\/\/concurso.ifbaiano.edu.br\/portal\/discente20132\/wp-content\/uploads\/sites\/2\/2013\/09\/PLANILHA-PNE.pdf\" target=\"_blank\">Estudantes com Necessidades Educacionais Espec\u00edficas <span style=\"color: #ff0000\"> (NOVO) <\/span><\/a><\/br><\/br><\/p>\n<p class=\"inicial-titulo\" style=\"text-align: left\">Campus Valen\u00e7a<\/p>\n<p><\/br><\/p>\n<p>25\/09\/2013 &#8211; <a href=\"http:\/\/concurso.ifbaiano.edu.br\/portal\/discente20132\/wp-content\/uploads\/sites\/2\/2013\/09\/lista-classificados-remanescentes-valenca.pdf\" target=\"_blank\">Aprovados e Classificados T\u00e9cnico em Meio Ambiente Subsequente<span style=\"color: #ff0000\"> (NOVO) <\/span><\/a><\/br><\/br><\/p>\n<p>01\/10\/2013 &#8211; <a href=\"http:\/\/concurso.ifbaiano.edu.br\/portal\/discente20132\/wp-content\/uploads\/sites\/2\/2013\/10\/Classificacao-Vagas-Remanescente-2013-II-Agropecuaria.pdf\" target=\"_blank\">Aprovados e Classificados T\u00e9cnico em Agropecu\u00e1ria Subsequente<span style=\"color: #ff0000\"> (NOVO) <\/span><\/a><\/br><\/br><\/p>\n<p class=\"inicial-titulo\" style=\"text-align: left\">Segunda Chamada Editais Vagas Remanescentes<\/p>\n<p><\/br><\/p>\n<p>18\/09\/2013 &#8211; <a href=\"http:\/\/concurso.ifbaiano.edu.br\/portal\/discente20132\/wp-content\/uploads\/sites\/2\/2013\/09\/VAGAS-REMANESCENTES-SEGUNDA-CHAMADA-MANGABEIRA.pdf\" target=\"_blank\">Campus Governador Mangabeira<span style=\"color: #ff0000\"><\/span><\/a><\/br><\/br><\/p>\n<p class=\"inicial-titulo\" style=\"text-align: left\">Terceira Chamada Editais Vagas Remanescentes<\/p>\n<p><\/br><\/p>\n<p>25\/09\/2013 &#8211; <a href=\"http:\/\/concurso.ifbaiano.edu.br\/portal\/discente20132\/wp-content\/uploads\/sites\/2\/2013\/09\/selecionados-terceira-chamada-mangabeira.pdf\" target=\"_blank\">Campus Governador Mangabeira<span style=\"color: #ff0000\"><\/span><\/a><\/br><\/br><\/p>\n<p class=\"inicial-titulo\" style=\"text-align: left\">Quarta Chamada Editais Vagas Remanescentes<\/p>\n<p><\/br><\/p>\n<p>01\/10\/2013 &#8211; <a href=\"http:\/\/concurso.ifbaiano.edu.br\/portal\/discente20132\/wp-content\/uploads\/sites\/2\/2013\/10\/selecionados-quarta-chamada-mangabeira.pdf\" target=\"_blank\">Campus Governador Mangabeira<span style=\"color: #ff0000\"> (NOVO) <\/span><\/a><\/br><\/br><\/p>\n","protected":false},"excerpt":{"rendered":"<p>Informa\u00e7\u00f5es 05\/06\/2013 &#8211; Edital de Abertura N\u00ba 56\/2013 Resultado Pedido de Isen\u00e7\u00e3o da Taxa de Inscri\u00e7\u00e3o 17\/06\/2013 &#8211; Campus Bom Jesus da Lapa 17\/06\/2013 &#8211; Campus Governador Mangabeira 17\/06\/2013 &#8211; Campus Valen\u00e7a Resultado Homologa\u00e7\u00e3o Vagas Afirmativas 16\/07\/2013 &#8211; Campus Bom &hellip; <a href=\"https:\/\/concurso.ifbaiano.edu.br\/portal\/discente20132\/pagina-inicial\/coluna2\/\">Continue lendo <span class=\"meta-nav\">&rarr;<\/span><\/a><\/p>\n","protected":false},"author":1,"featured_media":0,"parent":7,"menu_order":2,"comment_status":"closed","ping_status":"closed","template":"","meta":[],"_links":{"self":[{"href":"https:\/\/concurso.ifbaiano.edu.br\/portal\/discente20132\/wp-json\/wp\/v2\/pages\/9"}],"collection":[{"href":"https:\/\/concurso.ifbaiano.edu.br\/portal\/discente20132\/wp-json\/wp\/v2\/pages"}],"about":[{"href":"https:\/\/concurso.ifbaiano.edu.br\/portal\/discente20132\/wp-json\/wp\/v2\/types\/page"}],"author":[{"embeddable":true,"href":"https:\/\/concurso.ifbaiano.edu.br\/portal\/discente20132\/wp-json\/wp\/v2\/users\/1"}],"replies":[{"embeddable":true,"href":"https:\/\/concurso.ifbaiano.edu.br\/portal\/discente20132\/wp-json\/wp\/v2\/comments?post=9"}],"version-history":[{"count":66,"href":"https:\/\/concurso.ifbaiano.edu.br\/portal\/discente20132\/wp-json\/wp\/v2\/pages\/9\/revisions"}],"predecessor-version":[{"id":416,"href":"https:\/\/concurso.ifbaiano.edu.br\/portal\/discente20132\/wp-json\/wp\/v2\/pages\/9\/revisions\/416"}],"up":[{"embeddable":true,"href":"https:\/\/concurso.ifbaiano.edu.br\/portal\/discente20132\/wp-json\/wp\/v2\/pages\/7"}],"wp:attachment":[{"href":"https:\/\/concurso.ifbaiano.edu.br\/portal\/discente20132\/wp-json\/wp\/v2\/media?parent=9"}],"curies":[{"name":"wp","href":"https:\/\/api.w.org\/{rel}","templated":true}]}}