{"id":12,"date":"2011-04-18T14:47:49","date_gmt":"2011-04-18T17:47:49","guid":{"rendered":"http:\/\/www.ifbaiano.edu.br\/portal\/discente20112\/?page_id=12"},"modified":"2013-06-07T09:03:48","modified_gmt":"2013-06-07T12:03:48","slug":"coluna1","status":"publish","type":"page","link":"https:\/\/concurso.ifbaiano.edu.br\/portal\/discente20132\/pagina-inicial\/coluna1\/","title":{"rendered":"Coluna 1 &#8211; O Processo Seletivo"},"content":{"rendered":"<p class=\"inicial-titulo\" style=\"text-align: left\">O Processo Seletivo<\/p>\n<p style=\"text-align: justify\">O Reitor do Instituto Federal de Educa\u00e7\u00e3o, Ci\u00eancia e Tecnologia Baiano &#8211; IF Baiano, Institui\u00e7\u00e3o criada pela Lei n\u00b0. 11.892, de 29 de dezembro de 2008, publicada no Di\u00e1rio Oficial da Uni\u00e3o \u2013 D.O.U. do dia subsequente, no uso de suas atribui\u00e7\u00f5es legais, torna p\u00fablica a abertura de inscri\u00e7\u00f5es do Processo Seletivo para Ingresso de Estudantes em 2013.2, nos Cursos da Educa\u00e7\u00e3o Profissional T\u00e9cnica de N\u00edvel M\u00e9dio, na forma de oferta Subsequente, para os campi Bom Jesus da Lapa, Governador Mangabeira e Valen\u00e7a, em conformidade com a Lei N\u00b0. 9.394, de 20 de dezembro de 1996, publicada no D.O.U. de 23 de dezembro de 1996, alterada pela Lei n\u00ba 12.796, de 04 de abril de 2013, publicada no D.O.U. do dia subsequente, Resolu\u00e7\u00e3o CNE\/CEB N\u00ba 02, de 30 de janeiro de 2012, publicada no D.O.U. do dia subsequente, Resolu\u00e7\u00e3o CNE\/CEB N\u00ba 06, de 20 de setembro de 2012, publicada no D.O.U. do dia subsequente, Decreto N\u00ba 5.840, de 13 de julho de 2006, publicado no D.O.U. do dia subsequente, Parecer N\u00b0 11 da CEB\/CNE, publicado no D.O.U. do dia 04 de setembro de 2012, Lei N\u00ba. 12.711, de 29 de agosto de 2012, publicada no D.O.U. do dia subsequente, Decreto N\u00ba. 7.824, de 11 de outubro de 2012, publicado no D.O.U. no dia 15 de outubro de 2012 e retificado no D.O.U. do dia subsequente e a Portaria Normativa N\u00ba. 18, de 11 de outubro de 2012 e suas retifica\u00e7\u00f5es, referentes \u00e0s Pol\u00edticas Afirmativas de cotas para acesso \u00e0s Universidades e Institutos Federais a Lei n\u00ba 12.796 de 04 de abril de 2013, publicada no dia subsequente.<\/p>\n<p class=\"inicial-titulo\" style=\"text-align: left\">Cursos<\/p>\n<p>1. T\u00e9cnico em Agropecu\u00e1ria<\/p>\n<p>2. T\u00e9cnico em Inform\u00e1tica<\/p>\n<p>3. T\u00e9cnico em Manuten\u00e7\u00e3o e Suporte em Inform\u00e1tica<\/p>\n<p>4. T\u00e9cnico em Meio Ambiente<\/p>\n<p class=\"inicial-titulo\" style=\"text-align: left\">Vagas<\/p>\n<p style=\"text-align: justify\">278 vagas ofertadas para os Cursos da Educa\u00e7\u00e3o Profissional T\u00e9cnica de N\u00edvel M\u00e9dio.<\/p>\n<p class=\"inicial-titulo\" style=\"text-align: left\">Inscri\u00e7\u00f5es<\/p>\n<p style=\"text-align: justify\">As inscri\u00e7\u00f5es estar\u00e3o abertas no per\u00edodo de 05 de junho de 2013 a 30 de junho de 2013, exclusivamente pela Internet. Os candidatos que n\u00e3o tiverem acesso a Internet, poder\u00e3o se dirigir para um dos pontos de apoio especificados no Anexo II do Edital N\u00ba 56\/2013.<\/p>\n<p class=\"inicial-titulo\" style=\"text-align: left\">Provas<\/p>\n<p style=\"text-align: justify\">As provas objetivas e de reda\u00e7\u00e3o ser\u00e3o realizadas em <strong>21 de Julho de 2013<\/strong> para a forma de oferta <strong>subsequente<\/strong><\/p>\n","protected":false},"excerpt":{"rendered":"<p>O Processo Seletivo O Reitor do Instituto Federal de Educa\u00e7\u00e3o, Ci\u00eancia e Tecnologia Baiano &#8211; IF Baiano, Institui\u00e7\u00e3o criada pela Lei n\u00b0. 11.892, de 29 de dezembro de 2008, publicada no Di\u00e1rio Oficial da Uni\u00e3o \u2013 D.O.U. do dia subsequente, &hellip; <a href=\"https:\/\/concurso.ifbaiano.edu.br\/portal\/discente20132\/pagina-inicial\/coluna1\/\">Continue lendo <span class=\"meta-nav\">&rarr;<\/span><\/a><\/p>\n","protected":false},"author":1,"featured_media":0,"parent":7,"menu_order":1,"comment_status":"closed","ping_status":"closed","template":"","meta":[],"_links":{"self":[{"href":"https:\/\/concurso.ifbaiano.edu.br\/portal\/discente20132\/wp-json\/wp\/v2\/pages\/12"}],"collection":[{"href":"https:\/\/concurso.ifbaiano.edu.br\/portal\/discente20132\/wp-json\/wp\/v2\/pages"}],"about":[{"href":"https:\/\/concurso.ifbaiano.edu.br\/portal\/discente20132\/wp-json\/wp\/v2\/types\/page"}],"author":[{"embeddable":true,"href":"https:\/\/concurso.ifbaiano.edu.br\/portal\/discente20132\/wp-json\/wp\/v2\/users\/1"}],"replies":[{"embeddable":true,"href":"https:\/\/concurso.ifbaiano.edu.br\/portal\/discente20132\/wp-json\/wp\/v2\/comments?post=12"}],"version-history":[{"count":22,"href":"https:\/\/concurso.ifbaiano.edu.br\/portal\/discente20132\/wp-json\/wp\/v2\/pages\/12\/revisions"}],"predecessor-version":[{"id":432,"href":"https:\/\/concurso.ifbaiano.edu.br\/portal\/discente20132\/wp-json\/wp\/v2\/pages\/12\/revisions\/432"}],"up":[{"embeddable":true,"href":"https:\/\/concurso.ifbaiano.edu.br\/portal\/discente20132\/wp-json\/wp\/v2\/pages\/7"}],"wp:attachment":[{"href":"https:\/\/concurso.ifbaiano.edu.br\/portal\/discente20132\/wp-json\/wp\/v2\/media?parent=12"}],"curies":[{"name":"wp","href":"https:\/\/api.w.org\/{rel}","templated":true}]}}