{"id":7,"date":"2016-10-13T16:51:40","date_gmt":"2016-10-13T19:51:40","guid":{"rendered":"http:\/\/concurso.ifbaiano.edu.br\/portal\/curso-especializacao-educacao-matematica\/?page_id=7"},"modified":"2016-10-13T16:51:40","modified_gmt":"2016-10-13T19:51:40","slug":"processo-seletivo","status":"publish","type":"page","link":"https:\/\/concurso.ifbaiano.edu.br\/portal\/curso-especializacao-educacao-matematica\/pagina-inicial\/processo-seletivo\/","title":{"rendered":"Processo Seletivo"},"content":{"rendered":"<p class=\"inicial-titulo\" style=\"text-align: left;\">Processo Seletivo<\/p>\n<p style=\"text-align: justify;\">\nO REITOR DO INSTITUTO FEDERAL DE EDUCA\u00c7\u00c3O, CI\u00caNCIA E TECNOLOGIA BAIANO, no uso de suas atribui\u00e7\u00f5es legais, torna p\u00fablico as normas que regem o Processo Seletivo discente para ingresso no Curso de P\u00f3s-Gradua\u00e7\u00e3o lato sensu em Ensino de Ci\u00eancias Naturais e Matem\u00e1tica, Linguagens Produ\u00e7\u00e3o Textual, Metodologia Cient\u00edfica e Hist\u00f3ria Cultura Afro no <i>Campus<\/i> Bom Jesus da Lapa.<\/p>\n","protected":false},"excerpt":{"rendered":"<p>Processo Seletivo O REITOR DO INSTITUTO FEDERAL DE EDUCA\u00c7\u00c3O, CI\u00caNCIA E TECNOLOGIA BAIANO, no uso de suas atribui\u00e7\u00f5es legais, torna p\u00fablico as normas que regem o Processo Seletivo discente para ingresso no Curso de P\u00f3s-Gradua\u00e7\u00e3o lato sensu em Ensino de &hellip; <a href=\"https:\/\/concurso.ifbaiano.edu.br\/portal\/curso-especializacao-educacao-matematica\/pagina-inicial\/processo-seletivo\/\">Continue lendo <span class=\"meta-nav\">&rarr;<\/span><\/a><\/p>\n","protected":false},"author":30,"featured_media":0,"parent":5,"menu_order":1,"comment_status":"closed","ping_status":"closed","template":"","meta":[],"_links":{"self":[{"href":"https:\/\/concurso.ifbaiano.edu.br\/portal\/curso-especializacao-educacao-matematica\/wp-json\/wp\/v2\/pages\/7"}],"collection":[{"href":"https:\/\/concurso.ifbaiano.edu.br\/portal\/curso-especializacao-educacao-matematica\/wp-json\/wp\/v2\/pages"}],"about":[{"href":"https:\/\/concurso.ifbaiano.edu.br\/portal\/curso-especializacao-educacao-matematica\/wp-json\/wp\/v2\/types\/page"}],"author":[{"embeddable":true,"href":"https:\/\/concurso.ifbaiano.edu.br\/portal\/curso-especializacao-educacao-matematica\/wp-json\/wp\/v2\/users\/30"}],"replies":[{"embeddable":true,"href":"https:\/\/concurso.ifbaiano.edu.br\/portal\/curso-especializacao-educacao-matematica\/wp-json\/wp\/v2\/comments?post=7"}],"version-history":[{"count":1,"href":"https:\/\/concurso.ifbaiano.edu.br\/portal\/curso-especializacao-educacao-matematica\/wp-json\/wp\/v2\/pages\/7\/revisions"}],"predecessor-version":[{"id":8,"href":"https:\/\/concurso.ifbaiano.edu.br\/portal\/curso-especializacao-educacao-matematica\/wp-json\/wp\/v2\/pages\/7\/revisions\/8"}],"up":[{"embeddable":true,"href":"https:\/\/concurso.ifbaiano.edu.br\/portal\/curso-especializacao-educacao-matematica\/wp-json\/wp\/v2\/pages\/5"}],"wp:attachment":[{"href":"https:\/\/concurso.ifbaiano.edu.br\/portal\/curso-especializacao-educacao-matematica\/wp-json\/wp\/v2\/media?parent=7"}],"curies":[{"name":"wp","href":"https:\/\/api.w.org\/{rel}","templated":true}]}}