{"id":8,"date":"2016-06-03T12:16:50","date_gmt":"2016-06-03T12:16:50","guid":{"rendered":"http:\/\/concurso.ifbaiano.edu.br\/portal\/remocao20161\/?page_id=8"},"modified":"2016-06-03T12:16:50","modified_gmt":"2016-06-03T12:16:50","slug":"pagina-inicial","status":"publish","type":"page","link":"https:\/\/concurso.ifbaiano.edu.br\/portal\/concurso2016\/","title":{"rendered":"P\u00e1gina Inicial"},"content":{"rendered":"<div class=\"child_pages child_pages-thumbnail\">\n<div id=\"child_page-12\" class=\"child_page\" style=\"width:50%;max-width:100%;\"><div class=\"child_page-container\"><div class=\"post_thumb\"><a href=\"https:\/\/concurso.ifbaiano.edu.br\/portal\/concurso2016\/pagina-inicial\/coluna1-o-processo-seletivo\/\"><\/a><\/div><div class=\"post_content\"><h4><a href=\"https:\/\/concurso.ifbaiano.edu.br\/portal\/concurso2016\/pagina-inicial\/coluna1-o-processo-seletivo\/\">O Processo Seletivo<\/a><\/h4><div class=\"post_excerpt\">Concurso P\u00fablico O REITOR DO INSTITUTO FEDERAL DE EDUCA\u00c7\u00c3O, CI\u00caNCIA E TECNOLOGIA BAIANO, no uso de suas atribui\u00e7\u00f5es legais, tendo em vista o disposto no ar t. 37, inciso II, da Constitui\u00e7\u00e3o Federal de 1988, no Decreto n\u00ba 6.944, de &hellip; <a href=\"https:\/\/concurso.ifbaiano.edu.br\/portal\/concurso2016\/pagina-inicial\/coluna1-o-processo-seletivo\/\">Continue lendo <span class=\"meta-nav\">&rarr;<\/span><\/a><\/div><\/div><!-- .post_content  --><\/div><!-- .child_page-container --><\/div><!-- #child_page-12\" -->\n\n<div id=\"child_page-15\" class=\"child_page\" style=\"width:50%;max-width:100%;\"><div class=\"child_page-container\"><div class=\"post_thumb\"><a href=\"https:\/\/concurso.ifbaiano.edu.br\/portal\/concurso2016\/pagina-inicial\/coluna2-informacoes\/\"><\/a><\/div><div class=\"post_content\"><h4><a href=\"https:\/\/concurso.ifbaiano.edu.br\/portal\/concurso2016\/pagina-inicial\/coluna2-informacoes\/\">Informa\u00e7\u00f5es<\/a><\/h4><div class=\"post_excerpt\">Editais e Documentos 21\/06\/2017 &#8211; Informa\u00e7\u00f5es atualizadas do Edital N\u00ba 70\/2016 &#8211; Docente 21\/06\/2017 &#8211; Informa\u00e7\u00f5es atualizadas do Edital N\u00ba 69\/2016 &#8211; T\u00e9cnico-Administrativos 20\/06\/2017 &#8211; Edital Retificado: Edital N\u00ba 69\/2016 &#8211; T\u00e9cnico-Administrativos 23\/02\/2017 &#8211; Edital Retificado: Edital N\u00ba 69\/2016 &#8211; &hellip; <a href=\"https:\/\/concurso.ifbaiano.edu.br\/portal\/concurso2016\/pagina-inicial\/coluna2-informacoes\/\">Continue lendo <span class=\"meta-nav\">&rarr;<\/span><\/a><\/div><\/div><!-- .post_content  --><\/div><!-- .child_page-container --><\/div><!-- #child_page-15\" -->\n<\/div>\n","protected":false},"excerpt":{"rendered":"","protected":false},"author":2,"featured_media":0,"parent":0,"menu_order":0,"comment_status":"closed","ping_status":"closed","template":"","meta":[],"_links":{"self":[{"href":"https:\/\/concurso.ifbaiano.edu.br\/portal\/concurso2016\/wp-json\/wp\/v2\/pages\/8"}],"collection":[{"href":"https:\/\/concurso.ifbaiano.edu.br\/portal\/concurso2016\/wp-json\/wp\/v2\/pages"}],"about":[{"href":"https:\/\/concurso.ifbaiano.edu.br\/portal\/concurso2016\/wp-json\/wp\/v2\/types\/page"}],"author":[{"embeddable":true,"href":"https:\/\/concurso.ifbaiano.edu.br\/portal\/concurso2016\/wp-json\/wp\/v2\/users\/2"}],"replies":[{"embeddable":true,"href":"https:\/\/concurso.ifbaiano.edu.br\/portal\/concurso2016\/wp-json\/wp\/v2\/comments?post=8"}],"version-history":[{"count":0,"href":"https:\/\/concurso.ifbaiano.edu.br\/portal\/concurso2016\/wp-json\/wp\/v2\/pages\/8\/revisions"}],"wp:attachment":[{"href":"https:\/\/concurso.ifbaiano.edu.br\/portal\/concurso2016\/wp-json\/wp\/v2\/media?parent=8"}],"curies":[{"name":"wp","href":"https:\/\/api.w.org\/{rel}","templated":true}]}}