{"id":49,"date":"2016-06-09T19:15:00","date_gmt":"2016-06-09T19:15:00","guid":{"rendered":"http:\/\/concurso.ifbaiano.edu.br\/portal\/remocao20161\/?page_id=49"},"modified":"2017-02-23T15:53:10","modified_gmt":"2017-02-23T15:53:10","slug":"contato","status":"publish","type":"page","link":"https:\/\/concurso.ifbaiano.edu.br\/portal\/concurso2016\/contato\/","title":{"rendered":"Contato"},"content":{"rendered":"<p><strong>Comiss\u00e3o Organizadora do Concurso P\u00fablico do IFBAIANO<\/strong><\/p>\n<p><strong>Docentes e T\u00e9cnicos-Administrativos:<\/strong><span> ifbaiano@fundacaocefetminas.org.br<\/span><\/p>\n","protected":false},"excerpt":{"rendered":"<p>Comiss\u00e3o Organizadora do Concurso P\u00fablico do IFBAIANO Docentes e T\u00e9cnicos-Administrativos: ifbaiano@fundacaocefetminas.org.br<\/p>\n","protected":false},"author":2,"featured_media":0,"parent":0,"menu_order":0,"comment_status":"closed","ping_status":"closed","template":"","meta":[],"_links":{"self":[{"href":"https:\/\/concurso.ifbaiano.edu.br\/portal\/concurso2016\/wp-json\/wp\/v2\/pages\/49"}],"collection":[{"href":"https:\/\/concurso.ifbaiano.edu.br\/portal\/concurso2016\/wp-json\/wp\/v2\/pages"}],"about":[{"href":"https:\/\/concurso.ifbaiano.edu.br\/portal\/concurso2016\/wp-json\/wp\/v2\/types\/page"}],"author":[{"embeddable":true,"href":"https:\/\/concurso.ifbaiano.edu.br\/portal\/concurso2016\/wp-json\/wp\/v2\/users\/2"}],"replies":[{"embeddable":true,"href":"https:\/\/concurso.ifbaiano.edu.br\/portal\/concurso2016\/wp-json\/wp\/v2\/comments?post=49"}],"version-history":[{"count":9,"href":"https:\/\/concurso.ifbaiano.edu.br\/portal\/concurso2016\/wp-json\/wp\/v2\/pages\/49\/revisions"}],"predecessor-version":[{"id":180,"href":"https:\/\/concurso.ifbaiano.edu.br\/portal\/concurso2016\/wp-json\/wp\/v2\/pages\/49\/revisions\/180"}],"wp:attachment":[{"href":"https:\/\/concurso.ifbaiano.edu.br\/portal\/concurso2016\/wp-json\/wp\/v2\/media?parent=49"}],"curies":[{"name":"wp","href":"https:\/\/api.w.org\/{rel}","templated":true}]}}