{"id":45,"date":"2016-06-09T19:13:30","date_gmt":"2016-06-09T19:13:30","guid":{"rendered":"http:\/\/concurso.ifbaiano.edu.br\/portal\/remocao20161\/?page_id=45"},"modified":"2017-03-09T17:28:45","modified_gmt":"2017-03-09T17:28:45","slug":"inscricoes","status":"publish","type":"page","link":"https:\/\/concurso.ifbaiano.edu.br\/portal\/concurso2016\/inscricoes\/","title":{"rendered":"Inscri\u00e7\u00f5es"},"content":{"rendered":"<p>A inscri\u00e7\u00e3o ser\u00e1 disponibilizada no per\u00edodo de\u00a0<strong>09\/03\/2017 a 09\/04\/2017<\/strong> atrav\u00e9s do <a href=\"http:\/\/gestaoconcursos.fundacaocefetminas.org.br\/Default.aspx\"><strong>Sistema de Inscri\u00e7\u00e3o Eletr\u00f4nica<\/strong><\/a>.<\/p>\n","protected":false},"excerpt":{"rendered":"<p>A inscri\u00e7\u00e3o ser\u00e1 disponibilizada no per\u00edodo de\u00a009\/03\/2017 a 09\/04\/2017 atrav\u00e9s do Sistema de Inscri\u00e7\u00e3o Eletr\u00f4nica.<\/p>\n","protected":false},"author":2,"featured_media":0,"parent":0,"menu_order":0,"comment_status":"closed","ping_status":"closed","template":"","meta":[],"_links":{"self":[{"href":"https:\/\/concurso.ifbaiano.edu.br\/portal\/concurso2016\/wp-json\/wp\/v2\/pages\/45"}],"collection":[{"href":"https:\/\/concurso.ifbaiano.edu.br\/portal\/concurso2016\/wp-json\/wp\/v2\/pages"}],"about":[{"href":"https:\/\/concurso.ifbaiano.edu.br\/portal\/concurso2016\/wp-json\/wp\/v2\/types\/page"}],"author":[{"embeddable":true,"href":"https:\/\/concurso.ifbaiano.edu.br\/portal\/concurso2016\/wp-json\/wp\/v2\/users\/2"}],"replies":[{"embeddable":true,"href":"https:\/\/concurso.ifbaiano.edu.br\/portal\/concurso2016\/wp-json\/wp\/v2\/comments?post=45"}],"version-history":[{"count":17,"href":"https:\/\/concurso.ifbaiano.edu.br\/portal\/concurso2016\/wp-json\/wp\/v2\/pages\/45\/revisions"}],"predecessor-version":[{"id":201,"href":"https:\/\/concurso.ifbaiano.edu.br\/portal\/concurso2016\/wp-json\/wp\/v2\/pages\/45\/revisions\/201"}],"wp:attachment":[{"href":"https:\/\/concurso.ifbaiano.edu.br\/portal\/concurso2016\/wp-json\/wp\/v2\/media?parent=45"}],"curies":[{"name":"wp","href":"https:\/\/api.w.org\/{rel}","templated":true}]}}