{"id":43,"date":"2016-06-09T19:12:27","date_gmt":"2016-06-09T19:12:27","guid":{"rendered":"http:\/\/concurso.ifbaiano.edu.br\/portal\/remocao20161\/?page_id=43"},"modified":"2016-08-30T19:25:01","modified_gmt":"2016-08-30T19:25:01","slug":"recursos","status":"publish","type":"page","link":"https:\/\/concurso.ifbaiano.edu.br\/portal\/concurso2016\/recursos\/","title":{"rendered":"Recursos"},"content":{"rendered":"<p>Os recursos relativos aos Editais 69\/2016 e 70\/206 ser\u00e3o encaminhados em formato eletr\u00f4nico no per\u00edodo de\u00a0<strong>04\/09\/2016 a 14\/09\/2016<\/strong> atrav\u00e9s do <a href=\"https:\/\/opina.ifbaiano.edu.br\/index.php\/237725?lang=pt-BR\" title=\"Sistema de Registro de Recursos\" target=\"_blank\"><strong>Formul\u00e1rio on-line para interpor recursos<\/strong><\/a>.<\/p>\n","protected":false},"excerpt":{"rendered":"<p>Os recursos relativos aos Editais 69\/2016 e 70\/206 ser\u00e3o encaminhados em formato eletr\u00f4nico no per\u00edodo de\u00a004\/09\/2016 a 14\/09\/2016 atrav\u00e9s do Formul\u00e1rio on-line para interpor recursos.<\/p>\n","protected":false},"author":2,"featured_media":0,"parent":0,"menu_order":0,"comment_status":"closed","ping_status":"closed","template":"","meta":[],"_links":{"self":[{"href":"https:\/\/concurso.ifbaiano.edu.br\/portal\/concurso2016\/wp-json\/wp\/v2\/pages\/43"}],"collection":[{"href":"https:\/\/concurso.ifbaiano.edu.br\/portal\/concurso2016\/wp-json\/wp\/v2\/pages"}],"about":[{"href":"https:\/\/concurso.ifbaiano.edu.br\/portal\/concurso2016\/wp-json\/wp\/v2\/types\/page"}],"author":[{"embeddable":true,"href":"https:\/\/concurso.ifbaiano.edu.br\/portal\/concurso2016\/wp-json\/wp\/v2\/users\/2"}],"replies":[{"embeddable":true,"href":"https:\/\/concurso.ifbaiano.edu.br\/portal\/concurso2016\/wp-json\/wp\/v2\/comments?post=43"}],"version-history":[{"count":15,"href":"https:\/\/concurso.ifbaiano.edu.br\/portal\/concurso2016\/wp-json\/wp\/v2\/pages\/43\/revisions"}],"predecessor-version":[{"id":105,"href":"https:\/\/concurso.ifbaiano.edu.br\/portal\/concurso2016\/wp-json\/wp\/v2\/pages\/43\/revisions\/105"}],"wp:attachment":[{"href":"https:\/\/concurso.ifbaiano.edu.br\/portal\/concurso2016\/wp-json\/wp\/v2\/media?parent=43"}],"curies":[{"name":"wp","href":"https:\/\/api.w.org\/{rel}","templated":true}]}}