{"id":12,"date":"2016-06-03T12:20:37","date_gmt":"2016-06-03T12:20:37","guid":{"rendered":"http:\/\/concurso.ifbaiano.edu.br\/portal\/remocao20161\/?page_id=12"},"modified":"2017-02-23T18:30:16","modified_gmt":"2017-02-23T18:30:16","slug":"coluna1-o-processo-seletivo","status":"publish","type":"page","link":"https:\/\/concurso.ifbaiano.edu.br\/portal\/concurso2016\/pagina-inicial\/coluna1-o-processo-seletivo\/","title":{"rendered":"O Processo Seletivo"},"content":{"rendered":"<p class=\"inicial-titulo\" style=\"text-align: left\">Concurso P\u00fablico<\/p>\n<p style=\"text-align: justify\">O <strong>REITOR DO INSTITUTO FEDERAL DE EDUCA\u00c7\u00c3O, CI\u00caNCIA E TECNOLOGIA<br \/>\nBAIANO<\/strong>, no uso de suas atribui\u00e7\u00f5es legais, tendo em vista o disposto no ar t. 37, inciso II, da Constitui\u00e7\u00e3o Federal de 1988, no Decreto n\u00ba 6.944, de 21\/08\/2009, e considerando a Portaria n\u00ba 29, de 23\/01\/2015 do Minist\u00e9rio do Planejamento, Or\u00e7amento e Gest\u00e3o, torna p\u00fablica a abertura das inscri\u00e7\u00f5es para o Concurso P\u00fablico destinado ao provimento de vagas para o cargo de Docente e T\u00e9cnico Administrativos em Educa\u00e7\u00e3o do Quadro Permanente de Pessoal do Instituto Federal de Educa\u00e7\u00e3o, Ci\u00eancia e Tecnologia Baiano, sob a \u00e9gide da Lei n\u00ba 8.112, de 11\/12\/1990, com as suas respectivas altera\u00e7\u00f5es, Portaria n\u00ba 1.065, de 24\/08\/2015 da Comiss\u00e3o Organizadora do Concurso P\u00fablico ou naquelas que venham a ser criadas dentro do prazo de validade deste Concurso P\u00fablico, mediante as normas e condi\u00e7\u00f5es estabelecidas neste Edital.<\/p>\n<p><strong>23\/02\/2017<\/strong> &#8211; <a href=\"http:\/\/concurso.ifbaiano.edu.br\/portal\/concurso2016\/wp-content\/uploads\/sites\/42\/2017\/02\/CRONOGRAMA-RETIFICADO-Edital-692016-23.02.pdf\">Cronograma Retificado: Edital N\u00ba 69\/2016 &#8211; T\u00e9cnico-Administrativos<\/a><\/p>\n<p><strong>23\/02\/2017<\/strong> &#8211; <a href=\"http:\/\/concurso.ifbaiano.edu.br\/portal\/concurso2016\/wp-content\/uploads\/sites\/42\/2017\/02\/CRONOGRAMA-RETIFICADO-Edital-702016-23.02.pdf\">Cronograma Retificado: Edital N\u00ba 70\/2016 &#8211; Docente<\/a><\/p>\n<p><strong>21\/12\/2016<\/strong> &#8211; <a href=\"http:\/\/concurso.ifbaiano.edu.br\/portal\/concurso2016\/wp-content\/uploads\/sites\/42\/2016\/06\/CRONOGRAMA-CONCURSO-2016-TAE-21.12.pdf\" target=\"_blank\">Cronograma Retificado: Edital N\u00ba 69\/2016 &#8211; T\u00e9cnico-Administrativos<\/a><\/p>\n<p><strong>21\/12\/2016<\/strong> &#8211;  <a href=\"http:\/\/concurso.ifbaiano.edu.br\/portal\/concurso2016\/wp-content\/uploads\/sites\/42\/2016\/06\/CRONOGRAMA-CONCURSO-2016-DOCENTE-21.12.pdf\" target=\"_blank\">Cronograma Retificado: Edital N\u00ba 70\/2016 &#8211; Docente<\/a><\/p>\n<p><strong>30\/09\/2016<\/strong> &#8211;<a href=\"http:\/\/concurso.ifbaiano.edu.br\/portal\/concurso2016\/wp-content\/uploads\/sites\/42\/2016\/09\/cronograma.concurso.tae_.final_.pdf\" target=\"_blank\"> Cronograma Retificado: Edital N\u00ba 69\/2016 &#8211; T\u00e9cnico-Administrativos<\/a><\/p>\n<p><strong>30\/09\/2016<\/strong> &#8211;<a href=\"http:\/\/concurso.ifbaiano.edu.br\/portal\/concurso2016\/wp-content\/uploads\/sites\/42\/2016\/09\/cronograma.concurso.docente_.final_.pdf\" target=\"_blank\">Cronograma Retificado: Edital N\u00ba 70\/2016 &#8211; Docente<\/a><\/p>\n","protected":false},"excerpt":{"rendered":"<p>Concurso P\u00fablico O REITOR DO INSTITUTO FEDERAL DE EDUCA\u00c7\u00c3O, CI\u00caNCIA E TECNOLOGIA BAIANO, no uso de suas atribui\u00e7\u00f5es legais, tendo em vista o disposto no ar t. 37, inciso II, da Constitui\u00e7\u00e3o Federal de 1988, no Decreto n\u00ba 6.944, de &hellip; <a href=\"https:\/\/concurso.ifbaiano.edu.br\/portal\/concurso2016\/pagina-inicial\/coluna1-o-processo-seletivo\/\">Continue lendo <span class=\"meta-nav\">&rarr;<\/span><\/a><\/p>\n","protected":false},"author":2,"featured_media":0,"parent":8,"menu_order":1,"comment_status":"closed","ping_status":"closed","template":"","meta":[],"_links":{"self":[{"href":"https:\/\/concurso.ifbaiano.edu.br\/portal\/concurso2016\/wp-json\/wp\/v2\/pages\/12"}],"collection":[{"href":"https:\/\/concurso.ifbaiano.edu.br\/portal\/concurso2016\/wp-json\/wp\/v2\/pages"}],"about":[{"href":"https:\/\/concurso.ifbaiano.edu.br\/portal\/concurso2016\/wp-json\/wp\/v2\/types\/page"}],"author":[{"embeddable":true,"href":"https:\/\/concurso.ifbaiano.edu.br\/portal\/concurso2016\/wp-json\/wp\/v2\/users\/2"}],"replies":[{"embeddable":true,"href":"https:\/\/concurso.ifbaiano.edu.br\/portal\/concurso2016\/wp-json\/wp\/v2\/comments?post=12"}],"version-history":[{"count":31,"href":"https:\/\/concurso.ifbaiano.edu.br\/portal\/concurso2016\/wp-json\/wp\/v2\/pages\/12\/revisions"}],"predecessor-version":[{"id":195,"href":"https:\/\/concurso.ifbaiano.edu.br\/portal\/concurso2016\/wp-json\/wp\/v2\/pages\/12\/revisions\/195"}],"up":[{"embeddable":true,"href":"https:\/\/concurso.ifbaiano.edu.br\/portal\/concurso2016\/wp-json\/wp\/v2\/pages\/8"}],"wp:attachment":[{"href":"https:\/\/concurso.ifbaiano.edu.br\/portal\/concurso2016\/wp-json\/wp\/v2\/media?parent=12"}],"curies":[{"name":"wp","href":"https:\/\/api.w.org\/{rel}","templated":true}]}}