{"id":6,"date":"2017-01-17T15:20:33","date_gmt":"2017-01-17T17:20:33","guid":{"rendered":"http:\/\/concurso.ifbaiano.edu.br\/portal\/chamada-interna-propes-03-2017\/?page_id=6"},"modified":"2017-01-17T15:33:37","modified_gmt":"2017-01-17T17:33:37","slug":"homologacao","status":"publish","type":"page","link":"https:\/\/concurso.ifbaiano.edu.br\/portal\/chamada-interna-propes-03-2017\/pagina-inicial\/homologacao\/","title":{"rendered":"Homologa\u00e7\u00e3o"},"content":{"rendered":"<h3>Processo Seletivo<\/h3>\n<p>O PR\u00d3-REITOR DE PESQUISA E INOVA\u00c7\u00c3O DO INSTITUTO FEDERAL DE EDUCA\u00c7\u00c3O, CI\u00caNCIA E TECNOLOGIA BAIANO, no uso de suas atribui\u00e7\u00f5es legais, torna p\u00fablica a presente chamada e convida os interessados a apresentarem projetos de pesquisa, no \u00e2mbito do Programa Institucional de Bolsas de Inicia\u00e7\u00e3o em  desenvolvimento tecnol\u00f3gico e Inova\u00e7\u00e3o PIBITI\/CNPq\/IF BAIANO, apoiado pelo CNPq, atrav\u00e9s da concess\u00e3o de cotas institucionais de bolsas de Inicia\u00e7\u00e3o Tecnol\u00f3gica (IT).<\/p>\n","protected":false},"excerpt":{"rendered":"<p>Processo Seletivo O PR\u00d3-REITOR DE PESQUISA E INOVA\u00c7\u00c3O DO INSTITUTO FEDERAL DE EDUCA\u00c7\u00c3O, CI\u00caNCIA E TECNOLOGIA BAIANO, no uso de suas atribui\u00e7\u00f5es legais, torna p\u00fablica a presente chamada e convida os interessados a apresentarem projetos de pesquisa, no \u00e2mbito do &hellip; <a href=\"https:\/\/concurso.ifbaiano.edu.br\/portal\/chamada-interna-propes-03-2017\/pagina-inicial\/homologacao\/\">Continue lendo <span class=\"meta-nav\">&rarr;<\/span><\/a><\/p>\n","protected":false},"author":30,"featured_media":0,"parent":4,"menu_order":1,"comment_status":"closed","ping_status":"closed","template":"","meta":[],"_links":{"self":[{"href":"https:\/\/concurso.ifbaiano.edu.br\/portal\/chamada-interna-propes-03-2017\/wp-json\/wp\/v2\/pages\/6"}],"collection":[{"href":"https:\/\/concurso.ifbaiano.edu.br\/portal\/chamada-interna-propes-03-2017\/wp-json\/wp\/v2\/pages"}],"about":[{"href":"https:\/\/concurso.ifbaiano.edu.br\/portal\/chamada-interna-propes-03-2017\/wp-json\/wp\/v2\/types\/page"}],"author":[{"embeddable":true,"href":"https:\/\/concurso.ifbaiano.edu.br\/portal\/chamada-interna-propes-03-2017\/wp-json\/wp\/v2\/users\/30"}],"replies":[{"embeddable":true,"href":"https:\/\/concurso.ifbaiano.edu.br\/portal\/chamada-interna-propes-03-2017\/wp-json\/wp\/v2\/comments?post=6"}],"version-history":[{"count":2,"href":"https:\/\/concurso.ifbaiano.edu.br\/portal\/chamada-interna-propes-03-2017\/wp-json\/wp\/v2\/pages\/6\/revisions"}],"predecessor-version":[{"id":15,"href":"https:\/\/concurso.ifbaiano.edu.br\/portal\/chamada-interna-propes-03-2017\/wp-json\/wp\/v2\/pages\/6\/revisions\/15"}],"up":[{"embeddable":true,"href":"https:\/\/concurso.ifbaiano.edu.br\/portal\/chamada-interna-propes-03-2017\/wp-json\/wp\/v2\/pages\/4"}],"wp:attachment":[{"href":"https:\/\/concurso.ifbaiano.edu.br\/portal\/chamada-interna-propes-03-2017\/wp-json\/wp\/v2\/media?parent=6"}],"curies":[{"name":"wp","href":"https:\/\/api.w.org\/{rel}","templated":true}]}}