{"id":4,"date":"2017-01-17T15:20:13","date_gmt":"2017-01-17T17:20:13","guid":{"rendered":"http:\/\/concurso.ifbaiano.edu.br\/portal\/chamada-interna-propes-03-2017\/?page_id=4"},"modified":"2017-01-17T15:20:13","modified_gmt":"2017-01-17T17:20:13","slug":"pagina-inicial","status":"publish","type":"page","link":"https:\/\/concurso.ifbaiano.edu.br\/portal\/chamada-interna-propes-03-2017\/","title":{"rendered":"P\u00e1gina inicial"},"content":{"rendered":"<div class=\"child_pages child_pages-thumbnail\">\n<div id=\"child_page-6\" class=\"child_page\" style=\"width:50%;max-width:100%;\"><div class=\"child_page-container\"><div class=\"post_thumb\"><a href=\"https:\/\/concurso.ifbaiano.edu.br\/portal\/chamada-interna-propes-03-2017\/pagina-inicial\/homologacao\/\"><\/a><\/div><div class=\"post_content\"><h4><a href=\"https:\/\/concurso.ifbaiano.edu.br\/portal\/chamada-interna-propes-03-2017\/pagina-inicial\/homologacao\/\">Homologa\u00e7\u00e3o<\/a><\/h4><div class=\"post_excerpt\">Processo Seletivo O PR\u00d3-REITOR DE PESQUISA E INOVA\u00c7\u00c3O DO INSTITUTO FEDERAL DE EDUCA\u00c7\u00c3O, CI\u00caNCIA E TECNOLOGIA BAIANO, no uso de suas atribui\u00e7\u00f5es legais, torna p\u00fablica a presente chamada e convida os interessados a apresentarem projetos de pesquisa, no \u00e2mbito do &hellip; <a href=\"https:\/\/concurso.ifbaiano.edu.br\/portal\/chamada-interna-propes-03-2017\/pagina-inicial\/homologacao\/\">Continue lendo <span class=\"meta-nav\">&rarr;<\/span><\/a><\/div><\/div><!-- .post_content  --><\/div><!-- .child_page-container --><\/div><!-- #child_page-6\" -->\n\n<div id=\"child_page-8\" class=\"child_page\" style=\"width:50%;max-width:100%;\"><div class=\"child_page-container\"><div class=\"post_thumb\"><a href=\"https:\/\/concurso.ifbaiano.edu.br\/portal\/chamada-interna-propes-03-2017\/pagina-inicial\/editais\/\"><\/a><\/div><div class=\"post_content\"><h4><a href=\"https:\/\/concurso.ifbaiano.edu.br\/portal\/chamada-interna-propes-03-2017\/pagina-inicial\/editais\/\">Editais<\/a><\/h4><div class=\"post_excerpt\">Editais 23\/05\/2017 &#8211; RESULTADO FINAL 18\/05\/2017 &#8211; RESULTADO PARCIAL 18\/05\/2017 &#8211; FORMUL\u00c1RIO DE RECURSO 10\/05\/2017 &#8211; HOMOLOGA\u00c7\u00c3O DAS INSCRI\u00c7\u00d5ES 26\/04\/2017 &#8211; REABERTURA DO EDITAL 25\/04\/2017 &#8211; RESULTADO FINAL 11\/04\/2017 &#8211; RESULTADO PARCIAL 11\/04\/2017 &#8211; FORMUL\u00c1RIO PARA RECURSO 20\/03\/2017 &#8211; HOMOLOGA\u00c7\u00c3O &hellip; <a href=\"https:\/\/concurso.ifbaiano.edu.br\/portal\/chamada-interna-propes-03-2017\/pagina-inicial\/editais\/\">Continue lendo <span class=\"meta-nav\">&rarr;<\/span><\/a><\/div><\/div><!-- .post_content  --><\/div><!-- .child_page-container --><\/div><!-- #child_page-8\" -->\n<\/div>\n","protected":false},"excerpt":{"rendered":"","protected":false},"author":30,"featured_media":0,"parent":0,"menu_order":0,"comment_status":"closed","ping_status":"closed","template":"","meta":[],"_links":{"self":[{"href":"https:\/\/concurso.ifbaiano.edu.br\/portal\/chamada-interna-propes-03-2017\/wp-json\/wp\/v2\/pages\/4"}],"collection":[{"href":"https:\/\/concurso.ifbaiano.edu.br\/portal\/chamada-interna-propes-03-2017\/wp-json\/wp\/v2\/pages"}],"about":[{"href":"https:\/\/concurso.ifbaiano.edu.br\/portal\/chamada-interna-propes-03-2017\/wp-json\/wp\/v2\/types\/page"}],"author":[{"embeddable":true,"href":"https:\/\/concurso.ifbaiano.edu.br\/portal\/chamada-interna-propes-03-2017\/wp-json\/wp\/v2\/users\/30"}],"replies":[{"embeddable":true,"href":"https:\/\/concurso.ifbaiano.edu.br\/portal\/chamada-interna-propes-03-2017\/wp-json\/wp\/v2\/comments?post=4"}],"version-history":[{"count":1,"href":"https:\/\/concurso.ifbaiano.edu.br\/portal\/chamada-interna-propes-03-2017\/wp-json\/wp\/v2\/pages\/4\/revisions"}],"predecessor-version":[{"id":5,"href":"https:\/\/concurso.ifbaiano.edu.br\/portal\/chamada-interna-propes-03-2017\/wp-json\/wp\/v2\/pages\/4\/revisions\/5"}],"wp:attachment":[{"href":"https:\/\/concurso.ifbaiano.edu.br\/portal\/chamada-interna-propes-03-2017\/wp-json\/wp\/v2\/media?parent=4"}],"curies":[{"name":"wp","href":"https:\/\/api.w.org\/{rel}","templated":true}]}}