{"id":8,"date":"2017-01-17T15:17:31","date_gmt":"2017-01-17T17:17:31","guid":{"rendered":"http:\/\/concurso.ifbaiano.edu.br\/portal\/chamada-interna-propes-02-2017\/?page_id=8"},"modified":"2017-04-25T15:58:13","modified_gmt":"2017-04-25T18:58:13","slug":"editais","status":"publish","type":"page","link":"https:\/\/concurso.ifbaiano.edu.br\/portal\/chamada-interna-propes-02-2017\/pagina-inicial\/editais\/","title":{"rendered":"Editais"},"content":{"rendered":"<h3>Editais<\/h3>\n<ul>\n<li><a href=\"http:\/\/concurso.ifbaiano.edu.br\/portal\/chamada-interna-propes-02-2017\/wp-content\/uploads\/sites\/61\/2017\/01\/Resultado-Chamada-02-2017-para-publica\u00e7\u00e3o.pdf\" target=\"_blank\">25\/04\/2017 &#8211; RESULTADO FINAL<\/a><\/li>\n<li><a href=\"http:\/\/concurso.ifbaiano.edu.br\/portal\/chamada-interna-propes-02-2017\/wp-content\/uploads\/sites\/61\/2017\/01\/Resultado-Chamada-Interna-Propes-02-2017-PIBIC-EM.pdf\" target=\"_blank\">12\/04\/2017 &#8211; RESULTADO PARCIAL<\/a><\/li>\n<li><a href=\"http:\/\/concurso.ifbaiano.edu.br\/portal\/chamada-interna-propes-02-2017\/wp-content\/uploads\/sites\/61\/2017\/01\/formulario_recurso-chamada-02.odt\" target=\"_blank\">12\/04\/2017 &#8211; FORMUL\u00c1RIO DE RECURSO<\/a><\/li>\n<li>21\/03\/2017 &#8211; <a href=\"http:\/\/concurso.ifbaiano.edu.br\/portal\/chamada-interna-propes-02-2017\/wp-content\/uploads\/sites\/61\/2017\/01\/Homologa\u00e7\u00e3o-de-Inscri\u00e7\u00f5es-Chamada-Interna-PROPES-n\u00ba02.pdf\" target=\"_blank\">HOMOLOGA\u00c7\u00c3O DAS INSCRI\u00c7\u00d5ES<\/a><\/li>\n<li>13\/03\/2017 &#8211; <a href=\"http:\/\/concurso.ifbaiano.edu.br\/portal\/chamada-interna-propes-02-2017\/wp-content\/uploads\/sites\/61\/2017\/01\/Nota-informativa-Prorroga\u00e7\u00e3o-da-Chamada-Interna-Propes-N\u00ba-02-2017.pdf\" target=\"_blank\">NOTA INFORMATIVA<\/a><\/li>\n<li><a href=\"http:\/\/concurso.ifbaiano.edu.br\/portal\/chamada-interna-propes-02-2017\/wp-content\/uploads\/sites\/61\/2017\/01\/Chamada-02-2017-PROPES-PIBIC-EM.pdf\" target=\"_blank\">Edital<\/a><br \/>\n<a href=\"http:\/\/concurso.ifbaiano.edu.br\/portal\/chamada-interna-propes-02-2017\/wp-content\/uploads\/sites\/61\/2017\/01\/Chamada-02-2017-Anexos-I-ao-XII.odt\" target=\"_blank\">Anexos I ao XII<\/a><\/li>\n<\/ul>\n","protected":false},"excerpt":{"rendered":"<p>Editais 25\/04\/2017 &#8211; RESULTADO FINAL 12\/04\/2017 &#8211; RESULTADO PARCIAL 12\/04\/2017 &#8211; FORMUL\u00c1RIO DE RECURSO 21\/03\/2017 &#8211; HOMOLOGA\u00c7\u00c3O DAS INSCRI\u00c7\u00d5ES 13\/03\/2017 &#8211; NOTA INFORMATIVA Edital Anexos I ao XII<\/p>\n","protected":false},"author":30,"featured_media":0,"parent":4,"menu_order":2,"comment_status":"closed","ping_status":"closed","template":"","meta":[],"_links":{"self":[{"href":"https:\/\/concurso.ifbaiano.edu.br\/portal\/chamada-interna-propes-02-2017\/wp-json\/wp\/v2\/pages\/8"}],"collection":[{"href":"https:\/\/concurso.ifbaiano.edu.br\/portal\/chamada-interna-propes-02-2017\/wp-json\/wp\/v2\/pages"}],"about":[{"href":"https:\/\/concurso.ifbaiano.edu.br\/portal\/chamada-interna-propes-02-2017\/wp-json\/wp\/v2\/types\/page"}],"author":[{"embeddable":true,"href":"https:\/\/concurso.ifbaiano.edu.br\/portal\/chamada-interna-propes-02-2017\/wp-json\/wp\/v2\/users\/30"}],"replies":[{"embeddable":true,"href":"https:\/\/concurso.ifbaiano.edu.br\/portal\/chamada-interna-propes-02-2017\/wp-json\/wp\/v2\/comments?post=8"}],"version-history":[{"count":10,"href":"https:\/\/concurso.ifbaiano.edu.br\/portal\/chamada-interna-propes-02-2017\/wp-json\/wp\/v2\/pages\/8\/revisions"}],"predecessor-version":[{"id":40,"href":"https:\/\/concurso.ifbaiano.edu.br\/portal\/chamada-interna-propes-02-2017\/wp-json\/wp\/v2\/pages\/8\/revisions\/40"}],"up":[{"embeddable":true,"href":"https:\/\/concurso.ifbaiano.edu.br\/portal\/chamada-interna-propes-02-2017\/wp-json\/wp\/v2\/pages\/4"}],"wp:attachment":[{"href":"https:\/\/concurso.ifbaiano.edu.br\/portal\/chamada-interna-propes-02-2017\/wp-json\/wp\/v2\/media?parent=8"}],"curies":[{"name":"wp","href":"https:\/\/api.w.org\/{rel}","templated":true}]}}