{"id":8,"date":"2017-03-03T15:31:53","date_gmt":"2017-03-03T18:31:53","guid":{"rendered":"http:\/\/concurso.ifbaiano.edu.br\/portal\/chamada-interna-04-2017\/?page_id=8"},"modified":"2017-04-20T14:01:44","modified_gmt":"2017-04-20T17:01:44","slug":"editais","status":"publish","type":"page","link":"https:\/\/concurso.ifbaiano.edu.br\/portal\/chamada-interna-04-2017\/pagina-inicial\/editais\/","title":{"rendered":"Editais"},"content":{"rendered":"<h3>Editais<\/h3>\n<ul>\n<li><a href=\"http:\/\/concurso.ifbaiano.edu.br\/portal\/chamada-interna-04-2017\/wp-content\/uploads\/sites\/66\/2017\/03\/resultado-pos-recurso-da-Chamada-Interna-Propes-N\u00ba04-2017.pdf\" target=\"_blank\">20\/04\/2017 &#8211; RESULTADO P\u00d3S-RECURSOS<\/a><\/li>\n<li><a href=\"http:\/\/concurso.ifbaiano.edu.br\/portal\/chamada-interna-04-2017\/wp-content\/uploads\/sites\/66\/2017\/03\/Nota-Informativa-Chamada-Interna-PROPES-N\u00ba-04-2017-FAPESB.pdf\" target=\"_blank\">17\/04\/2017 &#8211; NOTA INFORMATIVA<\/a><\/li>\n<li><a href=\"http:\/\/concurso.ifbaiano.edu.br\/portal\/chamada-interna-04-2017\/wp-content\/uploads\/sites\/66\/2017\/03\/Resultado-parcial-retificado-Chamada-Interna-Propes-N\u00ba-04-2017-FAPESB.pdf\" target=\"_blank\">13\/04\/2017 &#8211;\u00a0RETIFICA\u00c7\u00c3O DO RESULTADO PARCIAL<\/a><\/li>\n<li><a href=\"http:\/\/concurso.ifbaiano.edu.br\/portal\/chamada-interna-04-2017\/wp-content\/uploads\/sites\/66\/2017\/03\/Resultado-Chamada-Interna-Propes-04-2017-FAPESB.pdf\" target=\"_blank\">12\/04\/2017 &#8211; RESULTADO PARCIAL<\/a><\/li>\n<li><a href=\"http:\/\/concurso.ifbaiano.edu.br\/portal\/chamada-interna-04-2017\/wp-content\/uploads\/sites\/66\/2017\/03\/formulario_recurso-chamada-04-fapesb3.odt\" target=\"_blank\">12\/04\/2017 &#8211; FORMUL\u00c1RIO PARA RECURSO<\/a><\/li>\n<li><a href=\"http:\/\/concurso.ifbaiano.edu.br\/portal\/chamada-interna-04-2017\/wp-content\/uploads\/sites\/66\/2017\/03\/homologacao_das_inscricoes_chamada_042017.pdf\" target=\"_blank\">05\/04\/2017 &#8211; HOMOLOGA\u00c7\u00c3O DAS INSCRI\u00c7\u00d5ES<\/a><\/li>\n<li>04\/04\/2017 &#8211; <a href=\"http:\/\/concurso.ifbaiano.edu.br\/portal\/chamada-interna-04-2017\/wp-content\/uploads\/sites\/66\/2017\/03\/20170404160153.pdf\" target=\"_blank\">PRORROGA\u00c7\u00c3O DAS HOMOLOGA\u00c7\u00d5ES<\/a><\/li>\n<li><a href=\"http:\/\/concurso.ifbaiano.edu.br\/portal\/chamada-interna-04-2017\/wp-content\/uploads\/sites\/66\/2017\/03\/Chamada-Interna-PROPES-04-2017-PIBIC-FAPESB-IF-BAIANO.pdf\" target=\"_blank\">Edital<\/a><\/li>\n<li><a href=\"http:\/\/concurso.ifbaiano.edu.br\/portal\/chamada-interna-04-2017\/wp-content\/uploads\/sites\/66\/2017\/03\/anexos-PIBIC-Fapesb-IF-Baiano-2017.odt\" target=\"_blank\">Anexos<\/a><\/li>\n<\/ul>\n","protected":false},"excerpt":{"rendered":"<p>Editais 20\/04\/2017 &#8211; RESULTADO P\u00d3S-RECURSOS 17\/04\/2017 &#8211; NOTA INFORMATIVA 13\/04\/2017 &#8211;\u00a0RETIFICA\u00c7\u00c3O DO RESULTADO PARCIAL 12\/04\/2017 &#8211; RESULTADO PARCIAL 12\/04\/2017 &#8211; FORMUL\u00c1RIO PARA RECURSO 05\/04\/2017 &#8211; HOMOLOGA\u00c7\u00c3O DAS INSCRI\u00c7\u00d5ES 04\/04\/2017 &#8211; PRORROGA\u00c7\u00c3O DAS HOMOLOGA\u00c7\u00d5ES Edital Anexos<\/p>\n","protected":false},"author":30,"featured_media":0,"parent":4,"menu_order":2,"comment_status":"closed","ping_status":"closed","template":"","meta":[],"_links":{"self":[{"href":"https:\/\/concurso.ifbaiano.edu.br\/portal\/chamada-interna-04-2017\/wp-json\/wp\/v2\/pages\/8"}],"collection":[{"href":"https:\/\/concurso.ifbaiano.edu.br\/portal\/chamada-interna-04-2017\/wp-json\/wp\/v2\/pages"}],"about":[{"href":"https:\/\/concurso.ifbaiano.edu.br\/portal\/chamada-interna-04-2017\/wp-json\/wp\/v2\/types\/page"}],"author":[{"embeddable":true,"href":"https:\/\/concurso.ifbaiano.edu.br\/portal\/chamada-interna-04-2017\/wp-json\/wp\/v2\/users\/30"}],"replies":[{"embeddable":true,"href":"https:\/\/concurso.ifbaiano.edu.br\/portal\/chamada-interna-04-2017\/wp-json\/wp\/v2\/comments?post=8"}],"version-history":[{"count":13,"href":"https:\/\/concurso.ifbaiano.edu.br\/portal\/chamada-interna-04-2017\/wp-json\/wp\/v2\/pages\/8\/revisions"}],"predecessor-version":[{"id":43,"href":"https:\/\/concurso.ifbaiano.edu.br\/portal\/chamada-interna-04-2017\/wp-json\/wp\/v2\/pages\/8\/revisions\/43"}],"up":[{"embeddable":true,"href":"https:\/\/concurso.ifbaiano.edu.br\/portal\/chamada-interna-04-2017\/wp-json\/wp\/v2\/pages\/4"}],"wp:attachment":[{"href":"https:\/\/concurso.ifbaiano.edu.br\/portal\/chamada-interna-04-2017\/wp-json\/wp\/v2\/media?parent=8"}],"curies":[{"name":"wp","href":"https:\/\/api.w.org\/{rel}","templated":true}]}}