{"id":6,"date":"2017-03-03T15:31:33","date_gmt":"2017-03-03T18:31:33","guid":{"rendered":"http:\/\/concurso.ifbaiano.edu.br\/portal\/chamada-interna-04-2017\/?page_id=6"},"modified":"2017-03-03T20:27:25","modified_gmt":"2017-03-03T23:27:25","slug":"homologacao","status":"publish","type":"page","link":"https:\/\/concurso.ifbaiano.edu.br\/portal\/chamada-interna-04-2017\/pagina-inicial\/homologacao\/","title":{"rendered":"Homologa\u00e7\u00e3o"},"content":{"rendered":"<h3>Processo Seletivo<\/h3>\n<p style=\"text-align: left\">A PR\u00d3-REITORIA DE PESQUISA E INOVA\u00c7\u00c3O DO INSTITUTO FEDERAL DE EDUCA\u00c7\u00c3O, CI\u00caNCIA E TECNOLOGIA BAIANO, no uso de suas atribui\u00e7\u00f5es legais, torna p\u00fablico as normas para a concess\u00e3o de bolsas de Inicia\u00e7\u00e3o Cient\u00edfica (PIBIC\/FAPESB\/lF BAIANO), apoiado pela Funda\u00e7\u00e3o de Amparo \u00e0 Pesquisa do Estado da Bahia (FAPESB), atrav\u00e9s do sistema de cotas institucionais e em conformidade \u00e0s Normas Gerais IC 2017 FAPESB e \u00e0s Normas do Programa de Bolsas de Inicia\u00e7\u00e3o Cient\u00edfica do IF Baiano, destinadas a alunos de gradua\u00e7\u00e3o.<\/p>\n","protected":false},"excerpt":{"rendered":"<p>Processo Seletivo A PR\u00d3-REITORIA DE PESQUISA E INOVA\u00c7\u00c3O DO INSTITUTO FEDERAL DE EDUCA\u00c7\u00c3O, CI\u00caNCIA E TECNOLOGIA BAIANO, no uso de suas atribui\u00e7\u00f5es legais, torna p\u00fablico as normas para a concess\u00e3o de bolsas de Inicia\u00e7\u00e3o Cient\u00edfica (PIBIC\/FAPESB\/lF BAIANO), apoiado pela Funda\u00e7\u00e3o &hellip; <a href=\"https:\/\/concurso.ifbaiano.edu.br\/portal\/chamada-interna-04-2017\/pagina-inicial\/homologacao\/\">Continue lendo <span class=\"meta-nav\">&rarr;<\/span><\/a><\/p>\n","protected":false},"author":30,"featured_media":0,"parent":4,"menu_order":1,"comment_status":"closed","ping_status":"closed","template":"","meta":[],"_links":{"self":[{"href":"https:\/\/concurso.ifbaiano.edu.br\/portal\/chamada-interna-04-2017\/wp-json\/wp\/v2\/pages\/6"}],"collection":[{"href":"https:\/\/concurso.ifbaiano.edu.br\/portal\/chamada-interna-04-2017\/wp-json\/wp\/v2\/pages"}],"about":[{"href":"https:\/\/concurso.ifbaiano.edu.br\/portal\/chamada-interna-04-2017\/wp-json\/wp\/v2\/types\/page"}],"author":[{"embeddable":true,"href":"https:\/\/concurso.ifbaiano.edu.br\/portal\/chamada-interna-04-2017\/wp-json\/wp\/v2\/users\/30"}],"replies":[{"embeddable":true,"href":"https:\/\/concurso.ifbaiano.edu.br\/portal\/chamada-interna-04-2017\/wp-json\/wp\/v2\/comments?post=6"}],"version-history":[{"count":2,"href":"https:\/\/concurso.ifbaiano.edu.br\/portal\/chamada-interna-04-2017\/wp-json\/wp\/v2\/pages\/6\/revisions"}],"predecessor-version":[{"id":21,"href":"https:\/\/concurso.ifbaiano.edu.br\/portal\/chamada-interna-04-2017\/wp-json\/wp\/v2\/pages\/6\/revisions\/21"}],"up":[{"embeddable":true,"href":"https:\/\/concurso.ifbaiano.edu.br\/portal\/chamada-interna-04-2017\/wp-json\/wp\/v2\/pages\/4"}],"wp:attachment":[{"href":"https:\/\/concurso.ifbaiano.edu.br\/portal\/chamada-interna-04-2017\/wp-json\/wp\/v2\/media?parent=6"}],"curies":[{"name":"wp","href":"https:\/\/api.w.org\/{rel}","templated":true}]}}