{"id":9,"date":"2017-03-15T16:42:18","date_gmt":"2017-03-15T19:42:18","guid":{"rendered":"http:\/\/concurso.ifbaiano.edu.br\/portal\/audiovisual-e-relacoes-publicas-marco-2017\/?page_id=9"},"modified":"2017-03-20T17:29:26","modified_gmt":"2017-03-20T20:29:26","slug":"homologacao","status":"publish","type":"page","link":"https:\/\/concurso.ifbaiano.edu.br\/portal\/audiovisual-e-relacoes-publicas-marco-2017\/pagina-inicial\/homologacao\/","title":{"rendered":"Homologa\u00e7\u00e3o"},"content":{"rendered":"<h3>Processo Seletivo<\/h3>\n<p>O REITOR DO INSTITUTO FEDERAL DE EDUCA\u00c7\u00c3O, CI\u00caNCIA E TECNOLOGIA BAIANO \u2013 IF Baiano, no uso de suas atribui\u00e7\u00f5es legais e tendo em vista a autoriza\u00e7\u00e3o concedida pelos Decretos n\u00ba. 7.311 e 7.312, de 22 de setembro de 2010, publicados no Di\u00e1rio Oficial da Uni\u00e3o, de 22 de setembro de 2010 e da Portaria Interministerial n\u00ba. 56, de 20 de abril de 2011, publicada no Di\u00e1rio Oficial da Uni\u00e3o de 25 de abril de 2011, dos Excelent\u00edssimos Senhores Ministros de Estado do Planejamento, Or\u00e7amento e Gest\u00e3o e da Educa\u00e7\u00e3o e de acordo com as normas estabelecidas pelo Decreto n\u00ba. 6.944, de 21 de agosto de 2009, publicado no Di\u00e1rio Oficial da Uni\u00e3o de 24 de agosto de 2009, e pela Portaria n\u00ba. 1.134, de 02 de dezembro de 2009, publicada no Di\u00e1rio Oficial da Uni\u00e3o de 03 de dezembro de 2009 e suas retifica\u00e7\u00f5es, torna p\u00fablica a abertura de inscri\u00e7\u00f5es destinada \u00e0 sele\u00e7\u00e3o de estagi\u00e1rio, para o quadro de pessoal do INSTITUTO FEDERAL DE EDUCA\u00c7\u00c3O, CI\u00caNCIA E TECNOLOGIA BAIANO \u2013 IF Baiano, Reitoria, localizada na Rua do Rouxinol, 115, Imbu\u00ed, Salvador-BA CEP: 41.720-052, Telefone: (71) 3186-0045.<\/p>\n","protected":false},"excerpt":{"rendered":"<p>Processo Seletivo O REITOR DO INSTITUTO FEDERAL DE EDUCA\u00c7\u00c3O, CI\u00caNCIA E TECNOLOGIA BAIANO \u2013 IF Baiano, no uso de suas atribui\u00e7\u00f5es legais e tendo em vista a autoriza\u00e7\u00e3o concedida pelos Decretos n\u00ba. 7.311 e 7.312, de 22 de setembro de &hellip; <a href=\"https:\/\/concurso.ifbaiano.edu.br\/portal\/audiovisual-e-relacoes-publicas-marco-2017\/pagina-inicial\/homologacao\/\">Continue lendo <span class=\"meta-nav\">&rarr;<\/span><\/a><\/p>\n","protected":false},"author":30,"featured_media":0,"parent":6,"menu_order":1,"comment_status":"closed","ping_status":"closed","template":"","meta":[],"_links":{"self":[{"href":"https:\/\/concurso.ifbaiano.edu.br\/portal\/audiovisual-e-relacoes-publicas-marco-2017\/wp-json\/wp\/v2\/pages\/9"}],"collection":[{"href":"https:\/\/concurso.ifbaiano.edu.br\/portal\/audiovisual-e-relacoes-publicas-marco-2017\/wp-json\/wp\/v2\/pages"}],"about":[{"href":"https:\/\/concurso.ifbaiano.edu.br\/portal\/audiovisual-e-relacoes-publicas-marco-2017\/wp-json\/wp\/v2\/types\/page"}],"author":[{"embeddable":true,"href":"https:\/\/concurso.ifbaiano.edu.br\/portal\/audiovisual-e-relacoes-publicas-marco-2017\/wp-json\/wp\/v2\/users\/30"}],"replies":[{"embeddable":true,"href":"https:\/\/concurso.ifbaiano.edu.br\/portal\/audiovisual-e-relacoes-publicas-marco-2017\/wp-json\/wp\/v2\/comments?post=9"}],"version-history":[{"count":7,"href":"https:\/\/concurso.ifbaiano.edu.br\/portal\/audiovisual-e-relacoes-publicas-marco-2017\/wp-json\/wp\/v2\/pages\/9\/revisions"}],"predecessor-version":[{"id":34,"href":"https:\/\/concurso.ifbaiano.edu.br\/portal\/audiovisual-e-relacoes-publicas-marco-2017\/wp-json\/wp\/v2\/pages\/9\/revisions\/34"}],"up":[{"embeddable":true,"href":"https:\/\/concurso.ifbaiano.edu.br\/portal\/audiovisual-e-relacoes-publicas-marco-2017\/wp-json\/wp\/v2\/pages\/6"}],"wp:attachment":[{"href":"https:\/\/concurso.ifbaiano.edu.br\/portal\/audiovisual-e-relacoes-publicas-marco-2017\/wp-json\/wp\/v2\/media?parent=9"}],"curies":[{"name":"wp","href":"https:\/\/api.w.org\/{rel}","templated":true}]}}