{"id":31,"date":"2017-03-20T17:26:05","date_gmt":"2017-03-20T20:26:05","guid":{"rendered":"http:\/\/concurso.ifbaiano.edu.br\/portal\/audiovisual-e-relacoes-publicas-marco-2017\/?page_id=31"},"modified":"2017-04-24T15:53:55","modified_gmt":"2017-04-24T18:53:55","slug":"inscricoes","status":"publish","type":"page","link":"https:\/\/concurso.ifbaiano.edu.br\/portal\/audiovisual-e-relacoes-publicas-marco-2017\/pagina-inicial\/inscricoes\/","title":{"rendered":"Convoca\u00e7\u00e3o"},"content":{"rendered":"<h3>Convoca\u00e7\u00e3o<\/h3>\n<p>Os aprovados para 2\u00aa etapa do processo seletivo dever\u00e3o comparecer ao audit\u00f3rio da Advocacia Geral da Uni\u00e3o (AGU), situado na Av. Lu\u00eds Viana, 2155, no dia 26 de abril de 2017, \u00e0s 09h, munidos do RG para realizar a prova de Estudo de Caso.<\/p>\n<p>N\u00e3o ser\u00e1 permitido acesso ao local de prova ap\u00f3s as 09h15 e o candidato que n\u00e3o chegar at\u00e9 o hor\u00e1rio limite ser\u00e1 considerado desclassificado.<\/p>\n","protected":false},"excerpt":{"rendered":"<p>Convoca\u00e7\u00e3o Os aprovados para 2\u00aa etapa do processo seletivo dever\u00e3o comparecer ao audit\u00f3rio da Advocacia Geral da Uni\u00e3o (AGU), situado na Av. Lu\u00eds Viana, 2155, no dia 26 de abril de 2017, \u00e0s 09h, munidos do RG para realizar a &hellip; <a href=\"https:\/\/concurso.ifbaiano.edu.br\/portal\/audiovisual-e-relacoes-publicas-marco-2017\/pagina-inicial\/inscricoes\/\">Continue lendo <span class=\"meta-nav\">&rarr;<\/span><\/a><\/p>\n","protected":false},"author":43,"featured_media":0,"parent":6,"menu_order":2,"comment_status":"closed","ping_status":"closed","template":"","meta":[],"_links":{"self":[{"href":"https:\/\/concurso.ifbaiano.edu.br\/portal\/audiovisual-e-relacoes-publicas-marco-2017\/wp-json\/wp\/v2\/pages\/31"}],"collection":[{"href":"https:\/\/concurso.ifbaiano.edu.br\/portal\/audiovisual-e-relacoes-publicas-marco-2017\/wp-json\/wp\/v2\/pages"}],"about":[{"href":"https:\/\/concurso.ifbaiano.edu.br\/portal\/audiovisual-e-relacoes-publicas-marco-2017\/wp-json\/wp\/v2\/types\/page"}],"author":[{"embeddable":true,"href":"https:\/\/concurso.ifbaiano.edu.br\/portal\/audiovisual-e-relacoes-publicas-marco-2017\/wp-json\/wp\/v2\/users\/43"}],"replies":[{"embeddable":true,"href":"https:\/\/concurso.ifbaiano.edu.br\/portal\/audiovisual-e-relacoes-publicas-marco-2017\/wp-json\/wp\/v2\/comments?post=31"}],"version-history":[{"count":6,"href":"https:\/\/concurso.ifbaiano.edu.br\/portal\/audiovisual-e-relacoes-publicas-marco-2017\/wp-json\/wp\/v2\/pages\/31\/revisions"}],"predecessor-version":[{"id":63,"href":"https:\/\/concurso.ifbaiano.edu.br\/portal\/audiovisual-e-relacoes-publicas-marco-2017\/wp-json\/wp\/v2\/pages\/31\/revisions\/63"}],"up":[{"embeddable":true,"href":"https:\/\/concurso.ifbaiano.edu.br\/portal\/audiovisual-e-relacoes-publicas-marco-2017\/wp-json\/wp\/v2\/pages\/6"}],"wp:attachment":[{"href":"https:\/\/concurso.ifbaiano.edu.br\/portal\/audiovisual-e-relacoes-publicas-marco-2017\/wp-json\/wp\/v2\/media?parent=31"}],"curies":[{"name":"wp","href":"https:\/\/api.w.org\/{rel}","templated":true}]}}