{"id":11,"date":"2017-03-15T16:42:35","date_gmt":"2017-03-15T19:42:35","guid":{"rendered":"http:\/\/concurso.ifbaiano.edu.br\/portal\/audiovisual-e-relacoes-publicas-marco-2017\/?page_id=11"},"modified":"2017-05-24T13:03:14","modified_gmt":"2017-05-24T16:03:14","slug":"editais","status":"publish","type":"page","link":"https:\/\/concurso.ifbaiano.edu.br\/portal\/audiovisual-e-relacoes-publicas-marco-2017\/pagina-inicial\/editais\/","title":{"rendered":"Editais"},"content":{"rendered":"<h3>Editais<\/h3>\n<p>24\/05\/2017 &#8211; <a href=\"http:\/\/concurso.ifbaiano.edu.br\/portal\/audiovisual-e-relacoes-publicas-marco-2017\/wp-content\/uploads\/sites\/72\/2017\/03\/Resultado-Final.pdf\">Resultado Final<\/a><\/p>\n<p>15\/05\/2017 &#8211;<a href=\"http:\/\/concurso.ifbaiano.edu.br\/portal\/audiovisual-e-relacoes-publicas-marco-2017\/wp-content\/uploads\/sites\/72\/2017\/03\/Resultado-da-entrevista.pdf\"> Resultado Preliminar &#8211; Entrevista<\/a><\/p>\n<p>09\/05\/2017 &#8211; <a href=\"http:\/\/concurso.ifbaiano.edu.br\/portal\/audiovisual-e-relacoes-publicas-marco-2017\/wp-content\/uploads\/sites\/72\/2017\/03\/Convoca\u00e7\u00e3o-1.pdf\">Convoca\u00e7\u00e3o dos aprovados para a entrevista<\/a><\/p>\n<p>04\/05\/2017 &#8211; <a href=\"http:\/\/concurso.ifbaiano.edu.br\/portal\/audiovisual-e-relacoes-publicas-marco-2017\/wp-content\/uploads\/sites\/72\/2017\/05\/Resultado-do-Estudo-de-Caso.pdf\">Resultado do Estudo de Caso<\/a><\/p>\n<p>24\/04\/2017 &#8211; <a href=\"http:\/\/concurso.ifbaiano.edu.br\/portal\/audiovisual-e-relacoes-publicas-marco-2017\/wp-content\/uploads\/sites\/72\/2017\/03\/Convoca\u00e7\u00e3o.pdf\">Convoca\u00e7\u00e3o dos aprovados<\/a><\/p>\n<p>24\/04\/2017 &#8211; <a href=\"http:\/\/concurso.ifbaiano.edu.br\/portal\/audiovisual-e-relacoes-publicas-marco-2017\/wp-content\/uploads\/sites\/72\/2017\/03\/Resultado-Final-da-an\u00e1lise-de-curr\u00edculo-e-carta-de-inten\u00e7\u00e3o-1.pdf\">Resultado Final da an\u00e1lise de curr\u00edculo e carta de inten\u00e7\u00e3o<\/a><\/p>\n<p>24\/04\/2017 &#8211; <a href=\"http:\/\/concurso.ifbaiano.edu.br\/portal\/audiovisual-e-relacoes-publicas-marco-2017\/wp-content\/uploads\/sites\/72\/2017\/03\/Cronograma-Retificado.pdf\">Cronograma Retificado <\/a><\/p>\n<p>24\/04\/2017 &#8211; <a href=\"http:\/\/concurso.ifbaiano.edu.br\/portal\/audiovisual-e-relacoes-publicas-marco-2017\/wp-content\/uploads\/sites\/72\/2017\/03\/Retifica\u00e7\u00e3o-do-Edital-15-2017.pdf\">Retifica\u00e7\u00e3o do Edital 15\/2017<\/a><\/p>\n<p>17\/04\/2017 &#8211;<a href=\"http:\/\/opina.ifbaiano.edu.br\/index.php\/786414?lang=pt-BR\"> Recurso ao resultado preliminar da an\u00e1lise de curr\u00edculo e carta de inten\u00e7\u00e3o <\/a>(Dispon\u00edvel a partir de 18.04)<\/p>\n<p>17\/04\/2017 &#8211;<a href=\"http:\/\/concurso.ifbaiano.edu.br\/portal\/audiovisual-e-relacoes-publicas-marco-2017\/wp-content\/uploads\/sites\/72\/2017\/03\/Resultado-Preliminar.pdf\"> Resultado Preliminar da An\u00e1lise do Curr\u00edculo e Carta de Inten\u00e7\u00e3o<\/a><\/p>\n<p>07\/04\/2017 &#8211; <a href=\"http:\/\/concurso.ifbaiano.edu.br\/portal\/audiovisual-e-relacoes-publicas-marco-2017\/wp-content\/uploads\/sites\/72\/2017\/04\/Inscri\u00e7\u00f5es-Homologadas.pdf\">Inscri\u00e7\u00f5es Homologadas<\/a><\/p>\n<p>04\/04\/2017 &#8211; <a href=\"http:\/\/opina.ifbaiano.edu.br\/index.php\/811393?lang=pt-BR\">Recurso a lista preliminar das inscri\u00e7\u00f5es<\/a><\/p>\n<p>03\/04\/2017 &#8211; <a href=\"http:\/\/concurso.ifbaiano.edu.br\/portal\/audiovisual-e-relacoes-publicas-marco-2017\/wp-content\/uploads\/sites\/72\/2017\/03\/Inscri\u00e7\u00f5es-Estagiario-Audiovisual-e-Rela\u00e7\u00f5es-P\u00fablicas.pdf\">Resultado preliminar das inscri\u00e7\u00f5es<\/a><\/p>\n<p>16\/03\/2017 &#8211;\u00a0<a href=\"http:\/\/concurso.ifbaiano.edu.br\/portal\/audiovisual-e-relacoes-publicas-marco-2017\/wp-content\/uploads\/sites\/72\/2017\/03\/edital-processo-seletivo-estagiario-audiovisual-relacoes-publicas-ifbaiano2017-1.pdf\">Edital n\u00ba 15 de 15 de mar\u00e7o de 2017<\/a><\/p>\n","protected":false},"excerpt":{"rendered":"<p>Editais 24\/05\/2017 &#8211; Resultado Final 15\/05\/2017 &#8211; Resultado Preliminar &#8211; Entrevista 09\/05\/2017 &#8211; Convoca\u00e7\u00e3o dos aprovados para a entrevista 04\/05\/2017 &#8211; Resultado do Estudo de Caso 24\/04\/2017 &#8211; Convoca\u00e7\u00e3o dos aprovados 24\/04\/2017 &#8211; Resultado Final da an\u00e1lise de curr\u00edculo e &hellip; <a href=\"https:\/\/concurso.ifbaiano.edu.br\/portal\/audiovisual-e-relacoes-publicas-marco-2017\/pagina-inicial\/editais\/\">Continue lendo <span class=\"meta-nav\">&rarr;<\/span><\/a><\/p>\n","protected":false},"author":30,"featured_media":0,"parent":6,"menu_order":2,"comment_status":"closed","ping_status":"closed","template":"","meta":[],"_links":{"self":[{"href":"https:\/\/concurso.ifbaiano.edu.br\/portal\/audiovisual-e-relacoes-publicas-marco-2017\/wp-json\/wp\/v2\/pages\/11"}],"collection":[{"href":"https:\/\/concurso.ifbaiano.edu.br\/portal\/audiovisual-e-relacoes-publicas-marco-2017\/wp-json\/wp\/v2\/pages"}],"about":[{"href":"https:\/\/concurso.ifbaiano.edu.br\/portal\/audiovisual-e-relacoes-publicas-marco-2017\/wp-json\/wp\/v2\/types\/page"}],"author":[{"embeddable":true,"href":"https:\/\/concurso.ifbaiano.edu.br\/portal\/audiovisual-e-relacoes-publicas-marco-2017\/wp-json\/wp\/v2\/users\/30"}],"replies":[{"embeddable":true,"href":"https:\/\/concurso.ifbaiano.edu.br\/portal\/audiovisual-e-relacoes-publicas-marco-2017\/wp-json\/wp\/v2\/comments?post=11"}],"version-history":[{"count":31,"href":"https:\/\/concurso.ifbaiano.edu.br\/portal\/audiovisual-e-relacoes-publicas-marco-2017\/wp-json\/wp\/v2\/pages\/11\/revisions"}],"predecessor-version":[{"id":91,"href":"https:\/\/concurso.ifbaiano.edu.br\/portal\/audiovisual-e-relacoes-publicas-marco-2017\/wp-json\/wp\/v2\/pages\/11\/revisions\/91"}],"up":[{"embeddable":true,"href":"https:\/\/concurso.ifbaiano.edu.br\/portal\/audiovisual-e-relacoes-publicas-marco-2017\/wp-json\/wp\/v2\/pages\/6"}],"wp:attachment":[{"href":"https:\/\/concurso.ifbaiano.edu.br\/portal\/audiovisual-e-relacoes-publicas-marco-2017\/wp-json\/wp\/v2\/media?parent=11"}],"curies":[{"name":"wp","href":"https:\/\/api.w.org\/{rel}","templated":true}]}}